{"id":11,"date":"2021-09-13T07:36:55","date_gmt":"2021-09-13T07:36:55","guid":{"rendered":"http:\/\/w2254.proweaver2.site\/?page_id=11"},"modified":"2025-02-22T15:31:25","modified_gmt":"2025-02-22T15:31:25","slug":"medico-clinica-acerca-de-nosotros","status":"publish","type":"page","link":"https:\/\/mejorandotusaluddiaadia.com\/ct\/medico-clinica-acerca-de-nosotros","title":{"rendered":"Sobre Nosaltres"},"content":{"rendered":"<div class=\"intro_txt\">Serveis de qualitat a Brussel\u00b7les, B\u00e8lgica<\/div>\n<div class=\"wrapper\">\n<div class=\"about_in\">\n<div class=\"nh_mv\">\n<div id=\"mission\" class=\"nh_m\">\n<h5>Missi\u00f3<\/h5>\n<p>La missi\u00f3 de Mejorando Tu Salud D\u00eda A D\u00eda \u00e9s proveir serveis de salut adaptats a les necessitats i exig\u00e8ncies dels nostres pacients, recolzats al nostre capital hum\u00e0, l&#8217;excel\u00b7l\u00e8ncia de l&#8217;assist\u00e8ncia i la recerca d&#8217;avantguarda tecnol\u00f2gica, tot aix\u00f2 basats en els principis de la medicina natural, en la prevenci\u00f3 de malalties i en el maneig duna terap\u00e8utica complement\u00e0ries, m\u00e9s humana i afectiva. El pacient \u00e9s el motiu m\u00e9s important de la nostra cl\u00ednica i aquest principi prevaldr\u00e0 en qualsevol relaci\u00f3 o servei que s&#8217;atorgui a la comunitat.<\/p>\n<\/div>\n<div class=\"nh_v\">\n<h5>Visi\u00f3<\/h5>\n<p>La visi\u00f3 de Mejorando Tu Salud D\u00eda A D\u00eda \u00e9s una nova dimensi\u00f3 del concepte de la medicina natural, basats en la salut i el benestar f\u00edsic, mental, emocional, espiritual, social i ambiental.<\/p>\n<\/div>\n<\/div>\n<div class=\"nh_middle_con\">\n<p>Mejorando Tu Salud D\u00eda A D\u00eda es va inaugurar l&#8217;any 2021. La filosofia d&#8217;aquest consultori \u00e9s donar atenci\u00f3 personalitzada i de qualitat als pacients, sempre salvaguardant-ne la integritat. Pels anys d&#8217;experi\u00e8ncies, he ent\u00e8s que els f\u00e0rmacs no curen cap patologia, sin\u00f3 que, per contra, asseveren aquestes patologies.<\/p>\n<h3>Valors de Mejorando Tu Salud D\u00eda A D\u00eda<\/h3>\n<ul>\n<li>\n<h2>Servei<\/h2>\n<p>Estem sempre disposats a satisfer les expectatives dels nostres clients i usuaris a trav\u00e9s de la millora cont\u00ednua de l&#8217;atenci\u00f3 i el comprom\u00eds del nostre equip hum\u00e0.<\/li>\n<li>\n<h2>Comprom\u00eds<\/h2>\n<p>Dur a terme all\u00f2 prom\u00e8s o pactat; obligaci\u00f3 adquirida per aconseguir un bon exercici i mer\u00e8ixer la credibilitat.<\/li>\n<li>\n<h2>Respecte<\/h2>\n<p>Actitud de comprensi\u00f3 per les altres persones que ens permet tractar-les amb consideraci\u00f3 i toler\u00e0ncia.<\/li>\n<li>\n<h2>Disciplina<\/h2>\n<p>Observaci\u00f3 permanent i per convicci\u00f3 de conductes correctes i acceptades socialment per aconseguir la conviv\u00e8ncia d&#8217;un grup hum\u00e0.<\/li>\n<li>\n<h2>Sensibilitat<\/h2>\n<p>La nostra manera d&#8217;actuar i treballar \u00e9s conseq\u00fcent amb els nostres principis i valors, generant aix\u00ed confian\u00e7a envers la nostra actitud i la nostra feina per part de clients i usuaris.<\/li>\n<li>\n<h2>Honestedat<\/h2>\n<p>La nostra forma d&#8217;actuar i treballar \u00e9s coherent amb els nostres principis i valors, generant aix\u00ed confian\u00e7a envers la nostra actitud i la nostra feina per part de clients i usuaris.<\/li>\n<\/ul>\n<\/div>\n<div class=\"nh_bottom_con\">\n<h2>La Hist\u00f2ria<\/h2>\n<section id=\"francisco\">\n<figure><img decoding=\"async\" class=\"thumb_right_dr\" src=\"[contenturl type=templateurl]\/images\/francisco.jpg\" alt=\"Francisco Fern\u00e1ndez\" \/><\/figure>\n<h3>Dr. Francisco Fern\u00e1ndez<\/h3>\n<p>El meu nom \u00e9s <span class=\"comp\">Francisco Fern\u00e1ndez<\/span> vaig n\u00e9ixer a Caracas (Vene\u00e7uela) Districte federal capital, des de petit sempre m&#8217;agrado l&#8217;esport pel que des de petit vaig comen\u00e7ar a estudiar arts marcials i veient les m\u00faltiples lli\u00e7ons que es produ\u00efen als entrenaments i tornejos decidit entrar a la facultat de ci\u00e8ncia de la salut de la universitat central de Vene\u00e7uela, ja tornat comen\u00e7ament a treballar a diversos hospitals del pa\u00eds primerament en caraques i ja despr\u00e9s a l&#8217;interior del pa\u00eds Aragua on treballo a l&#8217;hospital general de Maracay en urg\u00e8ncia, cl\u00ednica calicant en la unitat de prevenci\u00f3 de la salut en pacients diab\u00e8tics, i en les ambul\u00e0ncies de sermedica serveis m\u00e8dics per a la vida.<\/p>\n<p>Ja despr\u00e9s em trasllado a Espanya on segueixo la meva feina a diversos hospitals i on realitzo una especialitat en oncologia i cures pal\u00b7liatives per la universitat d&#8217;Alcal\u00e1 de henares, i diverses formaci\u00f3 en diverses \u00e0rees de salut, i despr\u00e9s em trasllado a Brussel\u00b7les on treballo diversos llocs com psiqui\u00e0tric i centre d&#8217;alcoholisme, resid\u00e8ncies de gent gran, hospital general i ja despr\u00e9s hospital especialitzat en oncologia.<\/p>\n<p>Vist la defici\u00e8ncia que t\u00e9 els f\u00e0rmacs decideixo emprendre estudis a l&#8217;\u00e0rea de la naturopatia i homeopatia a trav\u00e9s de la universitat miguel de cervantes i l&#8217;institut euronova a m\u00e9s de formaci\u00f3 en medicina nutricional cel\u00b7lular activa on realitzo un m\u00e0ster en aquesta especialitat, la qual cosa m&#8217;encanta i veig que amb la Medicina Integrativa podem ajudar moltes persones.<\/p>\n<ul class=\"nh_social_media\">\n<li><a href=\"https:\/\/www.facebook.com\/Mejorando-tu-Salud-Dia-al-Dia-106848211358110\/\" target=\"_blank\" rel=\"noopener\"> <\/a><br \/>\n<figure><img decoding=\"async\" src=\"[contenturl type=templateurl]\/images\/nh_fb_icon.png\" alt=\"facebook\" \/><\/figure>\n<\/li>\n<li><a href=\"https:\/\/www.twitter.com\" target=\"_blank\" rel=\"noopener\"> <\/a><br \/>\n<figure><img decoding=\"async\" src=\"[contenturl type=templateurl]\/images\/nh_instagram_icon.png\" alt=\"instagram\" \/><\/figure>\n<\/li>\n<\/ul>\n<p>Whatsapp n\u00famero: <mark>+32486315795<\/mark><\/p>\n<\/section>\n<section class=\"green_bg\">\n<figure><img decoding=\"async\" class=\"thumb_left_dr\" src=\"[contenturl type=templateurl]\/images\/neo.jpg\" alt=\"Neomar Sempr\u00fan-Hern\u00e1ndez\" \/><\/figure>\n<h3>Neomar Sempr\u00fan-Hern\u00e1ndez LPC<\/h3>\n<p><strong>El Professor Neomar \u00e9s<\/strong> Bi\u00f2leg &#8211; Immun\u00f2leg, cient\u00edfic basat en l&#8217;Evid\u00e8ncia cient\u00edfica amb 16 anys d&#8217;experi\u00e8ncia en la investigaci\u00f3 d&#8217;immunoneurogastrometabolisme i nous tractaments en el maneig dels Trastorns de l&#8217;Espectre Autista (TEA), complementat amb investigaci\u00f3 en Immunomicologia i Malalties Infeccioses. \u00c9s assessor en salut basat en evid\u00e8ncia pares de nens amb TEA i qualsevol patologia associada a inflamaci\u00f3. Promou el consum d&#8217;una alimentaci\u00f3 immunomoduladora i l&#8217;\u00fas d&#8217;immunomoduladors que elabora juntament amb el seu equip de manera individualitzada per a cada assessorat i pacient. Va ser Professor universitari a diversos pa\u00efsos de Llatinoam\u00e8rica on va col\u00b7laborar activament com a mentor d&#8217;investigadors j\u00fanior. \u00c9s membre de Societats Cient\u00edfiques Internacionals exercint c\u00e0rrecs directius. \u00c9s revisor a revistes cient\u00edfiques, autor de publicacions cient\u00edfiques i \u00e9s conferencista convidat sobre el bioabordatge integral dels TEA. A m\u00e9s, lector \u00e0vid, esportista i am\u00e8 conversador en temes d&#8217;hist\u00f2ria.<\/p>\n<p>Actualment \u00e9s el Director Executiu (CEO) de la Unitat d&#8217;Immunologia \u201cProfessora Nola Montiel\u201d on, juntament amb el seu equip, fan consultes m\u00e8diques, nutricionals, gen\u00e8tiques i de networking cient\u00edfic; dicten Master tallers i cursos per a pares i professionals i produeix evid\u00e8ncia que publica peri\u00f2dicament.<\/p>\n<p>correu electr\u00f2nic: <a href=\"mailto:neomar.semprun@gmail.com\">neomar.semprun@gmail.com<\/a><\/p>\n<\/section>\n<section>\n<figure><img decoding=\"async\" class=\"thumb_right_dr\" src=\"[contenturl type=templateurl]\/images\/damaris.jpg\" alt=\"Damaris Cort\u00e9s-Figueroa\" \/><\/figure>\n<h3>Damaris Cortes-Figueroa LPC, MS\/P, NCC<\/h3>\n<p>Damaris Cort\u00e9s-Figueroa parla tres (3) idiomes: angl\u00e8s, espanyol i llenguatge de senyals americ\u00e0 (ASL). Damaris va n\u00e9ixer a Puerto Rico i es va mudar als Estats Units quan tenia 18 anys. A Damaris li encanta escoltar i parlar amb la gent. El seu objectiu \u00e9s guiar-los perqu\u00e8 identifiquin les seves fortaleses i facin all\u00f2 que estimen. Tamb\u00e9 ajuda les persones a identificar les seves debilitats i les anima a veure el que \u00e9s positiu del que \u00e9s negatiu.<\/p>\n<p><strong>Qualificacions i antecedents<\/strong><br \/>\nDamaris Cort\u00e9s Figueroa va obtenir el seu Mestratge en Ci\u00e8ncies en Psicologia de la Universitat de Phoenix el juliol de 2013, tamb\u00e9 va obtenir el seu mestratge al programa de conselleria de la Universitat de Liberty. Damaris es va graduar amb Magna Cum Laude dels dos programes. Damaris tamb\u00e9 va obtenir la seva Llicenciatura en Psicologia de la Universitat de Phoenix el 2011, en qu\u00e8 es va graduar amb un GPA de 3.9. El 2009, va completar la seva especialitzaci\u00f3 en Arts en Gesti\u00f3 de Serveis Humans\/Treball Social. El 2014, Damaris va completar la Certificaci\u00f3 de Conseller Nacional (NCC).<\/p>\n<p>Durant el seu programa de postgrau, va realitzar una passantia de sis anys a Access Family Services a Asheville, Carolina del Nord. All\u00e0 va treballar amb nens i adults de totes les edats. Va proporcionar ter\u00e0pia individual i familiar als clients, independentment del seu g\u00e8nere, ra\u00e7a o nivell socioecon\u00f2mic. Els seus clients eren nens (de 2 anys en endavant), adolescents, adults, parelles i fam\u00edlies. Les diverses poblacions i situacions que ha tractat s\u00f3n problemes emocionals, trauma, ansietat, depressi\u00f3, treball de dol, TEPT, TDAH i capacitaci\u00f3 per a pares, entre d&#8217;altres.<\/p>\n<p>Va brindar ter\u00e0pia individual a adults de la comunitat amb diversos diagn\u00f2stics de salut mental, que inclo\u00efen ansietat, depressi\u00f3, trastorn bipolar i trastorns de la personalitat. Tamb\u00e9 va facilitar un grup setmanal de salut mental infantil centrat en els grups de trastorn per d\u00e8ficit d&#8217;atenci\u00f3 i hiperactivitat (TDAH), trastorn depressiu major (TDM) i viol\u00e8ncia dom\u00e8stica. Com a LPCA, ha treballat amb joves brindant serveis intensius a la llar i com a terapeuta ambulat\u00f2ria tant per a nens com per a adults.<\/p>\n<p>Actualment, Damaris ha completat m\u00e9s de quatre mil cinc-centes (4,500) hores de conselleria \/ psicoter\u00e0pia supervisada per al Conseller Professional Llicenciat (LCMHC) \/ Llicenciat. Damaris treballa com a conseller ambulatori\/escolar, brindant serveis tant a nens com a adults. Alguns dels problemes que aborda actualment inclouen: comprensi\u00f3 i maneig de l&#8217;ansietat, comportaments desafiadors, trastorn bipolar, trastorn de l&#8217;espectre autista (TEA), trastorn per d\u00e8ficit d&#8217;atenci\u00f3 i hiperactivitat (TDAH), aix\u00ed com navegar per una nova salut mental i \/ o salut f\u00edsica. diagn\u00f2stic. Tamb\u00e9 treballa amb clients que han experimentat o estan experimentant divorcis, dol, ab\u00fas de subst\u00e0ncies i addicci\u00f3 i depressi\u00f3.<\/p>\n<p>L&#8217;orientaci\u00f3 te\u00f2rica de Damaris \u00e9s integradora. Ella est\u00e0 fortament influenciada pels enfocaments de conselleria cognitivoconductual, dial\u00e8cticoconductual i centrat en la persona i centrat en solucions. Ella busca una relaci\u00f3 segura, \u00e8tica i consistent amb els seus clients mentre desafia el client a observar les formes en qu\u00e8 el pensament del client impacta al seu m\u00f3n. L&#8217;objectiu de Damaris \u00e9s ajudar els seus clients a guanyar autonomia i independ\u00e8ncia a la seva vida di\u00e0ria mentre treballen de valent per assolir els seus objectius identificats.<\/p>\n<p>Les \u00e0rees de compet\u00e8ncia de Damaris inclouen: ter\u00e0pia cognitivoconductual (TCC), t\u00e8cniques dial\u00e8ctiques conductuals, Triple P, psicoeducaci\u00f3, ter\u00e0pia de joc, t\u00e8cniques de respiraci\u00f3, t\u00e8cniques de posada a terra i millora de les relacions.<\/p>\n<p>Tel\u00e8fon: <mark>828-489-7002<\/mark><br \/>\ncorreu electr\u00f2nic: <a href=\"mailto:damaris@dcwellnessinc.org\">damaris@dcwellnessinc.org<\/a><\/p>\n<\/section>\n<\/div>\n<\/div>\n<\/div>\n","protected":false},"excerpt":{"rendered":"<p>Serveis de qualitat a Brussel\u00b7les, B\u00e8lgica Missi\u00f3 La missi\u00f3 de Mejorando Tu Salud D\u00eda A D\u00eda \u00e9s proveir serveis de salut adaptats a les necessitats i exig\u00e8ncies dels nostres pacients, recolzats al nostre capital hum\u00e0, l&#8217;excel\u00b7l\u00e8ncia de l&#8217;assist\u00e8ncia i la recerca d&#8217;avantguarda tecnol\u00f2gica, tot aix\u00f2 basats en els principis de la medicina natural, en la [&hellip;]<\/p>\n","protected":false},"author":1,"featured_media":49,"parent":0,"menu_order":0,"comment_status":"closed","ping_status":"closed","template":"","meta":{"pgc_sgb_lightbox_settings":"","footnotes":""},"class_list":["post-11","page","type-page","status-publish","has-post-thumbnail","hentry"],"translation":{"provider":"WPGlobus","version":"2.8.8","language":"ct","enabled_languages":["es","ct","en","fr","de","it","pt"],"languages":{"es":{"title":true,"content":true,"excerpt":false},"ct":{"title":true,"content":true,"excerpt":false},"en":{"title":true,"content":true,"excerpt":false},"fr":{"title":true,"content":true,"excerpt":false},"de":{"title":true,"content":true,"excerpt":false},"it":{"title":true,"content":true,"excerpt":false},"pt":{"title":true,"content":true,"excerpt":false}}},"yoast_head":"<!-- This site is optimized with the Yoast SEO plugin v15.9 - https:\/\/yoast.com\/wordpress\/plugins\/seo\/ -->\n<title>Sobre Nosaltres | Doctor\u2019s Clinic in BXL - Mejorando Tu Salud Dia A Dia<\/title>\n<meta name=\"robots\" content=\"index, follow, max-snippet:-1, max-image-preview:large, max-video-preview:-1\" \/>\n<link rel=\"canonical\" href=\"https:\/\/mejorandotusaluddiaadia.com\/medico-clinica-acerca-de-nosotros\" \/>\n<meta property=\"og:locale\" content=\"en_US\" \/>\n<meta property=\"og:type\" content=\"article\" \/>\n<meta property=\"og:title\" content=\"Sobre Nosaltres | Doctor\u2019s Clinic in BXL - Mejorando Tu Salud Dia A Dia\" \/>\n<meta property=\"og:url\" content=\"https:\/\/mejorandotusaluddiaadia.com\/medico-clinica-acerca-de-nosotros\" \/>\n<meta property=\"og:site_name\" content=\"mejorandotusaluddialdia\" \/>\n<meta property=\"article:modified_time\" content=\"2025-02-22T15:31:25+00:00\" \/>\n<meta property=\"og:image\" content=\"https:\/\/mejorandotusaluddiaadia.com\/wp-content\/uploads\/2021\/09\/non-home-1208448841.jpg\" \/>\n\t<meta property=\"og:image:width\" content=\"1920\" \/>\n\t<meta property=\"og:image:height\" content=\"500\" \/>\n<meta name=\"twitter:card\" content=\"summary_large_image\" \/>\n<meta name=\"twitter:label1\" content=\"Est. reading time\">\n\t<meta name=\"twitter:data1\" content=\"7 minutes\">\n<script type=\"application\/ld+json\" class=\"yoast-schema-graph\">{\"@context\":\"https:\/\/schema.org\",\"@graph\":[{\"@type\":\"WebSite\",\"@id\":\"https:\/\/mejorandotusaluddiaadia.com\/#website\",\"url\":\"https:\/\/mejorandotusaluddiaadia.com\/\",\"name\":\"mejorandotusaluddialdia\",\"description\":\"\",\"potentialAction\":[{\"@type\":\"SearchAction\",\"target\":\"https:\/\/mejorandotusaluddiaadia.com\/?s={search_term_string}\",\"query-input\":\"required name=search_term_string\"}],\"inLanguage\":\"cat-ES\"},{\"@type\":\"ImageObject\",\"@id\":\"https:\/\/mejorandotusaluddiaadia.com\/medico-clinica-acerca-de-nosotros#primaryimage\",\"inLanguage\":\"cat-ES\",\"url\":\"https:\/\/mejorandotusaluddiaadia.com\/wp-content\/uploads\/2021\/09\/non-home-1208448841.jpg\",\"width\":1920,\"height\":500,\"caption\":\"a female nurse smiling\"},{\"@type\":\"WebPage\",\"@id\":\"https:\/\/mejorandotusaluddiaadia.com\/medico-clinica-acerca-de-nosotros#webpage\",\"url\":\"https:\/\/mejorandotusaluddiaadia.com\/medico-clinica-acerca-de-nosotros\",\"name\":\"Sobre Nosaltres | Doctor\\u2019s Clinic in BXL - Mejorando Tu Salud Dia A Dia\",\"isPartOf\":{\"@id\":\"https:\/\/mejorandotusaluddiaadia.com\/#website\"},\"primaryImageOfPage\":{\"@id\":\"https:\/\/mejorandotusaluddiaadia.com\/medico-clinica-acerca-de-nosotros#primaryimage\"},\"datePublished\":\"2021-09-13T07:36:55+00:00\",\"dateModified\":\"2025-02-22T15:31:25+00:00\",\"description\":\"Mejorando Tu Salud Dia A Dia es un consultorio en Bruselas, Belgica. Learn more from our website.\",\"breadcrumb\":{\"@id\":\"https:\/\/mejorandotusaluddiaadia.com\/medico-clinica-acerca-de-nosotros#breadcrumb\"},\"inLanguage\":\"cat-ES\",\"potentialAction\":[{\"@type\":\"ReadAction\",\"target\":[\"https:\/\/mejorandotusaluddiaadia.com\/medico-clinica-acerca-de-nosotros\"]}]},{\"@type\":\"BreadcrumbList\",\"@id\":\"https:\/\/mejorandotusaluddiaadia.com\/medico-clinica-acerca-de-nosotros#breadcrumb\",\"itemListElement\":[{\"@type\":\"ListItem\",\"position\":1,\"item\":{\"@type\":\"WebPage\",\"@id\":\"https:\/\/mejorandotusaluddiaadia.com\/\",\"url\":\"https:\/\/mejorandotusaluddiaadia.com\/\",\"name\":\"Home\"}},{\"@type\":\"ListItem\",\"position\":2,\"item\":{\"@type\":\"WebPage\",\"@id\":\"https:\/\/mejorandotusaluddiaadia.com\/medico-clinica-acerca-de-nosotros\",\"url\":\"https:\/\/mejorandotusaluddiaadia.com\/medico-clinica-acerca-de-nosotros\",\"name\":\"Acerca de Nosotros\"}}]}]}<\/script>\n<!-- \/ Yoast SEO plugin. -->","_links":{"self":[{"href":"https:\/\/mejorandotusaluddiaadia.com\/ct\/wp-json\/wp\/v2\/pages\/11","targetHints":{"allow":["GET"]}}],"collection":[{"href":"https:\/\/mejorandotusaluddiaadia.com\/ct\/wp-json\/wp\/v2\/pages"}],"about":[{"href":"https:\/\/mejorandotusaluddiaadia.com\/ct\/wp-json\/wp\/v2\/types\/page"}],"author":[{"embeddable":true,"href":"https:\/\/mejorandotusaluddiaadia.com\/ct\/wp-json\/wp\/v2\/users\/1"}],"replies":[{"embeddable":true,"href":"https:\/\/mejorandotusaluddiaadia.com\/ct\/wp-json\/wp\/v2\/comments?post=11"}],"version-history":[{"count":75,"href":"https:\/\/mejorandotusaluddiaadia.com\/ct\/wp-json\/wp\/v2\/pages\/11\/revisions"}],"predecessor-version":[{"id":590,"href":"https:\/\/mejorandotusaluddiaadia.com\/ct\/wp-json\/wp\/v2\/pages\/11\/revisions\/590"}],"wp:featuredmedia":[{"embeddable":true,"href":"https:\/\/mejorandotusaluddiaadia.com\/ct\/wp-json\/wp\/v2\/media\/49"}],"wp:attachment":[{"href":"https:\/\/mejorandotusaluddiaadia.com\/ct\/wp-json\/wp\/v2\/media?parent=11"}],"curies":[{"name":"wp","href":"https:\/\/api.w.org\/{rel}","templated":true}]}}