{"id":149,"date":"2021-09-15T18:46:06","date_gmt":"2021-09-15T18:46:06","guid":{"rendered":"https:\/\/w2254.proweaver2.site\/?page_id=149"},"modified":"2021-12-01T08:39:06","modified_gmt":"2021-12-01T08:39:06","slug":"homeopatia","status":"publish","type":"page","link":"https:\/\/mejorandotusaluddiaadia.com\/ct\/medico-clinica-servicios\/homeopatia","title":{"rendered":"Homeopatia"},"content":{"rendered":"<div class=\"intro_txt\">El mecanisme de curaci\u00f3 del seu cos va millorar.<\/div>\n<p>L&#8217;homeopatia es basa en el principi que les subst\u00e0ncies en grans dosis que causen malalties poden curar la mateixa malaltia si es redueixen en dosis. Aquest sistema m\u00e8dic t\u00e9 com a objectiu millorar el proc\u00e9s de curaci\u00f3 natural del cos optimitzant el seu sistema immunol\u00f2gic. Els nostres tractaments homeop\u00e0tics es basen en l&#8217;estat de salut, l&#8217;estil de vida i les caracter\u00edstiques \u00faniques del pacient. Creiem en el poder dels nostres recursos naturals i fem \u00fas de potents remeis aprovats per la FDA que s\u00f3n segurs i efica\u00e7os.<\/p>\n<p>Malalties que poden beneficiar-se de l&#8217;homeopatia:<\/p>\n<ul class=\"bullet col2\">\n<li>Al\u00b7l\u00e8rgies\n<li>Migranyes\n<li>Depressi\u00f3\n<li>Dermatitis at\u00f2pica\n<li>Artritis reumatoide\n<li>S\u00edndrome de l&#8217;intest\u00ed irritable (SII)\n<li>I aix\u00ed successivament\n<\/ul>\n","protected":false},"excerpt":{"rendered":"<p>El mecanisme de curaci\u00f3 del seu cos va millorar. L&#8217;homeopatia es basa en el principi que les subst\u00e0ncies en grans dosis que causen malalties poden curar la mateixa malaltia si es redueixen en dosis. Aquest sistema m\u00e8dic t\u00e9 com a objectiu millorar el proc\u00e9s de curaci\u00f3 natural del cos optimitzant el seu sistema immunol\u00f2gic. Els [&hellip;]<\/p>\n","protected":false},"author":1,"featured_media":75,"parent":12,"menu_order":0,"comment_status":"closed","ping_status":"closed","template":"","meta":{"pgc_sgb_lightbox_settings":"","footnotes":""},"class_list":["post-149","page","type-page","status-publish","has-post-thumbnail","hentry"],"translation":{"provider":"WPGlobus","version":"2.8.8","language":"ct","enabled_languages":["es","ct","en","fr","de","it","pt"],"languages":{"es":{"title":true,"content":true,"excerpt":false},"ct":{"title":true,"content":true,"excerpt":false},"en":{"title":true,"content":true,"excerpt":false},"fr":{"title":true,"content":true,"excerpt":false},"de":{"title":true,"content":true,"excerpt":false},"it":{"title":true,"content":true,"excerpt":false},"pt":{"title":true,"content":true,"excerpt":false}}},"yoast_head":"<!-- This site is optimized with the Yoast SEO plugin v15.9 - https:\/\/yoast.com\/wordpress\/plugins\/seo\/ -->\n<title>Homeopatia | Doctor\u2019s Clinic in BXL - Mejorando Tu Salud Dia A Dia<\/title>\n<meta name=\"robots\" content=\"index, follow, max-snippet:-1, max-image-preview:large, max-video-preview:-1\" \/>\n<link rel=\"canonical\" href=\"https:\/\/mejorandotusaluddiaadia.com\/medico-clinica-servicios\/homeopatia\" \/>\n<meta property=\"og:locale\" content=\"en_US\" \/>\n<meta property=\"og:type\" content=\"article\" \/>\n<meta property=\"og:title\" content=\"Homeopatia | Doctor\u2019s Clinic in BXL - Mejorando Tu Salud Dia A Dia\" \/>\n<meta property=\"og:url\" content=\"https:\/\/mejorandotusaluddiaadia.com\/medico-clinica-servicios\/homeopatia\" \/>\n<meta property=\"og:site_name\" content=\"mejorandotusaluddialdia\" \/>\n<meta property=\"article:modified_time\" content=\"2021-12-01T08:39:06+00:00\" \/>\n<meta property=\"og:image\" content=\"https:\/\/mejorandotusaluddiaadia.com\/wp-content\/uploads\/2021\/09\/nonhome-1.jpg\" \/>\n\t<meta property=\"og:image:width\" content=\"1920\" \/>\n\t<meta property=\"og:image:height\" content=\"500\" \/>\n<meta name=\"twitter:card\" content=\"summary_large_image\" \/>\n<meta name=\"twitter:label1\" content=\"Est. reading time\">\n\t<meta name=\"twitter:data1\" content=\"1 minute\">\n<script type=\"application\/ld+json\" class=\"yoast-schema-graph\">{\"@context\":\"https:\/\/schema.org\",\"@graph\":[{\"@type\":\"WebSite\",\"@id\":\"https:\/\/mejorandotusaluddiaadia.com\/#website\",\"url\":\"https:\/\/mejorandotusaluddiaadia.com\/\",\"name\":\"mejorandotusaluddialdia\",\"description\":\"\",\"potentialAction\":[{\"@type\":\"SearchAction\",\"target\":\"https:\/\/mejorandotusaluddiaadia.com\/?s={search_term_string}\",\"query-input\":\"required name=search_term_string\"}],\"inLanguage\":\"cat-ES\"},{\"@type\":\"ImageObject\",\"@id\":\"https:\/\/mejorandotusaluddiaadia.com\/medico-clinica-servicios\/homeopatia#primaryimage\",\"inLanguage\":\"cat-ES\",\"url\":\"https:\/\/mejorandotusaluddiaadia.com\/wp-content\/uploads\/2021\/09\/nonhome-1.jpg\",\"width\":1920,\"height\":500,\"caption\":\"professional tool stethoscope is in the table\"},{\"@type\":\"WebPage\",\"@id\":\"https:\/\/mejorandotusaluddiaadia.com\/medico-clinica-servicios\/homeopatia#webpage\",\"url\":\"https:\/\/mejorandotusaluddiaadia.com\/medico-clinica-servicios\/homeopatia\",\"name\":\"Homeopatia | Doctor\\u2019s Clinic in BXL - Mejorando Tu Salud Dia A Dia\",\"isPartOf\":{\"@id\":\"https:\/\/mejorandotusaluddiaadia.com\/#website\"},\"primaryImageOfPage\":{\"@id\":\"https:\/\/mejorandotusaluddiaadia.com\/medico-clinica-servicios\/homeopatia#primaryimage\"},\"datePublished\":\"2021-09-15T18:46:06+00:00\",\"dateModified\":\"2021-12-01T08:39:06+00:00\",\"description\":\"Mejorando Tu Salud Dia A Dia is a trustworthy doctor\\u2019s clinic in Brussels. Learn more from our website.\",\"breadcrumb\":{\"@id\":\"https:\/\/mejorandotusaluddiaadia.com\/medico-clinica-servicios\/homeopatia#breadcrumb\"},\"inLanguage\":\"cat-ES\",\"potentialAction\":[{\"@type\":\"ReadAction\",\"target\":[\"https:\/\/mejorandotusaluddiaadia.com\/medico-clinica-servicios\/homeopatia\"]}]},{\"@type\":\"BreadcrumbList\",\"@id\":\"https:\/\/mejorandotusaluddiaadia.com\/medico-clinica-servicios\/homeopatia#breadcrumb\",\"itemListElement\":[{\"@type\":\"ListItem\",\"position\":1,\"item\":{\"@type\":\"WebPage\",\"@id\":\"https:\/\/mejorandotusaluddiaadia.com\/\",\"url\":\"https:\/\/mejorandotusaluddiaadia.com\/\",\"name\":\"Home\"}},{\"@type\":\"ListItem\",\"position\":2,\"item\":{\"@type\":\"WebPage\",\"@id\":\"https:\/\/mejorandotusaluddiaadia.com\/medico-clinica-servicios\",\"url\":\"https:\/\/mejorandotusaluddiaadia.com\/medico-clinica-servicios\",\"name\":\"Servicios\"}},{\"@type\":\"ListItem\",\"position\":3,\"item\":{\"@type\":\"WebPage\",\"@id\":\"https:\/\/mejorandotusaluddiaadia.com\/medico-clinica-servicios\/homeopatia\",\"url\":\"https:\/\/mejorandotusaluddiaadia.com\/medico-clinica-servicios\/homeopatia\",\"name\":\"Homeopathy\"}}]}]}<\/script>\n<!-- \/ Yoast SEO plugin. -->","_links":{"self":[{"href":"https:\/\/mejorandotusaluddiaadia.com\/ct\/wp-json\/wp\/v2\/pages\/149","targetHints":{"allow":["GET"]}}],"collection":[{"href":"https:\/\/mejorandotusaluddiaadia.com\/ct\/wp-json\/wp\/v2\/pages"}],"about":[{"href":"https:\/\/mejorandotusaluddiaadia.com\/ct\/wp-json\/wp\/v2\/types\/page"}],"author":[{"embeddable":true,"href":"https:\/\/mejorandotusaluddiaadia.com\/ct\/wp-json\/wp\/v2\/users\/1"}],"replies":[{"embeddable":true,"href":"https:\/\/mejorandotusaluddiaadia.com\/ct\/wp-json\/wp\/v2\/comments?post=149"}],"version-history":[{"count":12,"href":"https:\/\/mejorandotusaluddiaadia.com\/ct\/wp-json\/wp\/v2\/pages\/149\/revisions"}],"predecessor-version":[{"id":307,"href":"https:\/\/mejorandotusaluddiaadia.com\/ct\/wp-json\/wp\/v2\/pages\/149\/revisions\/307"}],"up":[{"embeddable":true,"href":"https:\/\/mejorandotusaluddiaadia.com\/ct\/wp-json\/wp\/v2\/pages\/12"}],"wp:featuredmedia":[{"embeddable":true,"href":"https:\/\/mejorandotusaluddiaadia.com\/ct\/wp-json\/wp\/v2\/media\/75"}],"wp:attachment":[{"href":"https:\/\/mejorandotusaluddiaadia.com\/ct\/wp-json\/wp\/v2\/media?parent=149"}],"curies":[{"name":"wp","href":"https:\/\/api.w.org\/{rel}","templated":true}]}}