{"id":151,"date":"2021-09-15T18:47:15","date_gmt":"2021-09-15T18:47:15","guid":{"rendered":"https:\/\/w2254.proweaver2.site\/?page_id=151"},"modified":"2021-12-01T08:48:41","modified_gmt":"2021-12-01T08:48:41","slug":"tranferceutical","status":"publish","type":"page","link":"https:\/\/mejorandotusaluddiaadia.com\/ct\/medico-clinica-servicios\/tranferceutical","title":{"rendered":"Transferceutical"},"content":{"rendered":"<div class=\"intro_txt\">Tractaments innovadors per ajudar a les seves necessitats de salut.<\/div>\n<p>La ci\u00e8ncia m\u00e8dica ha avan\u00e7at al llarg dels anys i un dels seus principals \u00e8xits \u00e9s descobrir i desenvolupar productes que estimulin el sistema immunitari del cos. Transferceutical utilitza factors de transfer\u00e8ncia per educar el sistema immunitari per recon\u00e8ixer, respondre i recordar amenaces potencials com les malalties autoimmunes. Els nostres tractaments transferc\u00e8uuts estan dissenyats per millorar la seva condici\u00f3 cl\u00ednica.<\/p>\n<p>Garantim que aquesta medicina alternativa no \u00e9s invasiva i pot alleujar els s\u00edmptomes de malalties com:<\/p>\n<ul class=\"bullet col2\">\n<li>Tuberculosi\n<li>Psoriasi\n<li>MPOC\n<li>ELLS\n<li>Dengue\n<li>I aix\u00ed successivament\n<\/ul>\n","protected":false},"excerpt":{"rendered":"<p>Tractaments innovadors per ajudar a les seves necessitats de salut. La ci\u00e8ncia m\u00e8dica ha avan\u00e7at al llarg dels anys i un dels seus principals \u00e8xits \u00e9s descobrir i desenvolupar productes que estimulin el sistema immunitari del cos. Transferceutical utilitza factors de transfer\u00e8ncia per educar el sistema immunitari per recon\u00e8ixer, respondre i recordar amenaces potencials com [&hellip;]<\/p>\n","protected":false},"author":1,"featured_media":76,"parent":12,"menu_order":0,"comment_status":"closed","ping_status":"closed","template":"","meta":{"pgc_sgb_lightbox_settings":"","footnotes":""},"class_list":["post-151","page","type-page","status-publish","has-post-thumbnail","hentry"],"translation":{"provider":"WPGlobus","version":"2.8.8","language":"ct","enabled_languages":["es","ct","en","fr","de","it","pt"],"languages":{"es":{"title":true,"content":true,"excerpt":false},"ct":{"title":true,"content":true,"excerpt":false},"en":{"title":true,"content":true,"excerpt":false},"fr":{"title":true,"content":true,"excerpt":false},"de":{"title":true,"content":true,"excerpt":false},"it":{"title":true,"content":true,"excerpt":false},"pt":{"title":true,"content":true,"excerpt":false}}},"yoast_head":"<!-- This site is optimized with the Yoast SEO plugin v15.9 - https:\/\/yoast.com\/wordpress\/plugins\/seo\/ -->\n<title>Transferceutical | Doctor\u2019s Clinic in BXL - Mejorando Tu Salud Dia A Dia<\/title>\n<meta name=\"robots\" content=\"index, follow, max-snippet:-1, max-image-preview:large, max-video-preview:-1\" \/>\n<link rel=\"canonical\" href=\"https:\/\/mejorandotusaluddiaadia.com\/medico-clinica-servicios\/tranferceutical\" \/>\n<meta property=\"og:locale\" content=\"en_US\" \/>\n<meta property=\"og:type\" content=\"article\" \/>\n<meta property=\"og:title\" content=\"Transferceutical | Doctor\u2019s Clinic in BXL - Mejorando Tu Salud Dia A Dia\" \/>\n<meta property=\"og:url\" content=\"https:\/\/mejorandotusaluddiaadia.com\/medico-clinica-servicios\/tranferceutical\" \/>\n<meta property=\"og:site_name\" content=\"mejorandotusaluddialdia\" \/>\n<meta property=\"article:modified_time\" content=\"2021-12-01T08:48:41+00:00\" \/>\n<meta property=\"og:image\" content=\"https:\/\/mejorandotusaluddiaadia.com\/wp-content\/uploads\/2021\/09\/nonhome-2.jpg\" \/>\n\t<meta property=\"og:image:width\" content=\"1920\" \/>\n\t<meta property=\"og:image:height\" content=\"500\" \/>\n<meta name=\"twitter:card\" content=\"summary_large_image\" \/>\n<meta name=\"twitter:label1\" content=\"Est. reading time\">\n\t<meta name=\"twitter:data1\" content=\"1 minute\">\n<script type=\"application\/ld+json\" class=\"yoast-schema-graph\">{\"@context\":\"https:\/\/schema.org\",\"@graph\":[{\"@type\":\"WebSite\",\"@id\":\"https:\/\/mejorandotusaluddiaadia.com\/#website\",\"url\":\"https:\/\/mejorandotusaluddiaadia.com\/\",\"name\":\"mejorandotusaluddialdia\",\"description\":\"\",\"potentialAction\":[{\"@type\":\"SearchAction\",\"target\":\"https:\/\/mejorandotusaluddiaadia.com\/?s={search_term_string}\",\"query-input\":\"required name=search_term_string\"}],\"inLanguage\":\"cat-ES\"},{\"@type\":\"ImageObject\",\"@id\":\"https:\/\/mejorandotusaluddiaadia.com\/medico-clinica-servicios\/tranferceutical#primaryimage\",\"inLanguage\":\"cat-ES\",\"url\":\"https:\/\/mejorandotusaluddiaadia.com\/wp-content\/uploads\/2021\/09\/nonhome-2.jpg\",\"width\":1920,\"height\":500,\"caption\":\"doctor and a patient talking each other\"},{\"@type\":\"WebPage\",\"@id\":\"https:\/\/mejorandotusaluddiaadia.com\/medico-clinica-servicios\/tranferceutical#webpage\",\"url\":\"https:\/\/mejorandotusaluddiaadia.com\/medico-clinica-servicios\/tranferceutical\",\"name\":\"Transferceutical | Doctor\\u2019s Clinic in BXL - Mejorando Tu Salud Dia A Dia\",\"isPartOf\":{\"@id\":\"https:\/\/mejorandotusaluddiaadia.com\/#website\"},\"primaryImageOfPage\":{\"@id\":\"https:\/\/mejorandotusaluddiaadia.com\/medico-clinica-servicios\/tranferceutical#primaryimage\"},\"datePublished\":\"2021-09-15T18:47:15+00:00\",\"dateModified\":\"2021-12-01T08:48:41+00:00\",\"description\":\"Mejorando Tu Salud Dia A Dia is a trustworthy doctor\\u2019s clinic in Brussels. Learn more from our website.\",\"breadcrumb\":{\"@id\":\"https:\/\/mejorandotusaluddiaadia.com\/medico-clinica-servicios\/tranferceutical#breadcrumb\"},\"inLanguage\":\"cat-ES\",\"potentialAction\":[{\"@type\":\"ReadAction\",\"target\":[\"https:\/\/mejorandotusaluddiaadia.com\/medico-clinica-servicios\/tranferceutical\"]}]},{\"@type\":\"BreadcrumbList\",\"@id\":\"https:\/\/mejorandotusaluddiaadia.com\/medico-clinica-servicios\/tranferceutical#breadcrumb\",\"itemListElement\":[{\"@type\":\"ListItem\",\"position\":1,\"item\":{\"@type\":\"WebPage\",\"@id\":\"https:\/\/mejorandotusaluddiaadia.com\/\",\"url\":\"https:\/\/mejorandotusaluddiaadia.com\/\",\"name\":\"Home\"}},{\"@type\":\"ListItem\",\"position\":2,\"item\":{\"@type\":\"WebPage\",\"@id\":\"https:\/\/mejorandotusaluddiaadia.com\/medico-clinica-servicios\",\"url\":\"https:\/\/mejorandotusaluddiaadia.com\/medico-clinica-servicios\",\"name\":\"Servicios\"}},{\"@type\":\"ListItem\",\"position\":3,\"item\":{\"@type\":\"WebPage\",\"@id\":\"https:\/\/mejorandotusaluddiaadia.com\/medico-clinica-servicios\/tranferceutical\",\"url\":\"https:\/\/mejorandotusaluddiaadia.com\/medico-clinica-servicios\/tranferceutical\",\"name\":\"Tranferceutical\"}}]}]}<\/script>\n<!-- \/ Yoast SEO plugin. -->","_links":{"self":[{"href":"https:\/\/mejorandotusaluddiaadia.com\/ct\/wp-json\/wp\/v2\/pages\/151","targetHints":{"allow":["GET"]}}],"collection":[{"href":"https:\/\/mejorandotusaluddiaadia.com\/ct\/wp-json\/wp\/v2\/pages"}],"about":[{"href":"https:\/\/mejorandotusaluddiaadia.com\/ct\/wp-json\/wp\/v2\/types\/page"}],"author":[{"embeddable":true,"href":"https:\/\/mejorandotusaluddiaadia.com\/ct\/wp-json\/wp\/v2\/users\/1"}],"replies":[{"embeddable":true,"href":"https:\/\/mejorandotusaluddiaadia.com\/ct\/wp-json\/wp\/v2\/comments?post=151"}],"version-history":[{"count":10,"href":"https:\/\/mejorandotusaluddiaadia.com\/ct\/wp-json\/wp\/v2\/pages\/151\/revisions"}],"predecessor-version":[{"id":313,"href":"https:\/\/mejorandotusaluddiaadia.com\/ct\/wp-json\/wp\/v2\/pages\/151\/revisions\/313"}],"up":[{"embeddable":true,"href":"https:\/\/mejorandotusaluddiaadia.com\/ct\/wp-json\/wp\/v2\/pages\/12"}],"wp:featuredmedia":[{"embeddable":true,"href":"https:\/\/mejorandotusaluddiaadia.com\/ct\/wp-json\/wp\/v2\/media\/76"}],"wp:attachment":[{"href":"https:\/\/mejorandotusaluddiaadia.com\/ct\/wp-json\/wp\/v2\/media?parent=151"}],"curies":[{"name":"wp","href":"https:\/\/api.w.org\/{rel}","templated":true}]}}