{"id":157,"date":"2021-09-15T18:49:37","date_gmt":"2021-09-15T18:49:37","guid":{"rendered":"https:\/\/w2254.proweaver2.site\/?page_id=157"},"modified":"2021-12-01T09:05:15","modified_gmt":"2021-12-01T09:05:15","slug":"inmunilogia-aplicada-en-pacientes-con-autismo","status":"publish","type":"page","link":"https:\/\/mejorandotusaluddiaadia.com\/ct\/medico-clinica-servicios\/inmunilogia-aplicada-en-pacientes-con-autismo","title":{"rendered":"Immunologia aplicada en pacients amb autisme"},"content":{"rendered":"<div class=\"intro_txt\">Enriquir la qualitat de vida de les persones amb TEA<\/div>\n<p>Els estudis van explicar que les persones amb trastorn de l&#8217;espectre autista (TEA) tenen un desequilibri immunol\u00f2gic que els fa susceptibles a diverses malalties. El nostre equip s&#8217;esfor\u00e7a per millorar les respostes immunit\u00e0ries dels nostres pacients amb TEA, especialment dels nens. Utilitzem diverses modalitats de tractament menys invasives, segures i efectives. Amb la nostra experi\u00e8ncia en l&#8217;atenci\u00f3 al pacient de qualitat, el nostre objectiu \u00e9s enfortir el sistema immunitari dels nostres pacients.<\/p>\n","protected":false},"excerpt":{"rendered":"<p>Enriquir la qualitat de vida de les persones amb TEA Els estudis van explicar que les persones amb trastorn de l&#8217;espectre autista (TEA) tenen un desequilibri immunol\u00f2gic que els fa susceptibles a diverses malalties. El nostre equip s&#8217;esfor\u00e7a per millorar les respostes immunit\u00e0ries dels nostres pacients amb TEA, especialment dels nens. Utilitzem diverses modalitats de [&hellip;]<\/p>\n","protected":false},"author":1,"featured_media":162,"parent":12,"menu_order":0,"comment_status":"closed","ping_status":"closed","template":"","meta":{"pgc_sgb_lightbox_settings":"","footnotes":""},"class_list":["post-157","page","type-page","status-publish","has-post-thumbnail","hentry"],"translation":{"provider":"WPGlobus","version":"2.8.8","language":"ct","enabled_languages":["es","ct","en","fr","de","it","pt"],"languages":{"es":{"title":true,"content":true,"excerpt":false},"ct":{"title":true,"content":true,"excerpt":false},"en":{"title":true,"content":true,"excerpt":false},"fr":{"title":true,"content":true,"excerpt":false},"de":{"title":true,"content":true,"excerpt":false},"it":{"title":true,"content":true,"excerpt":false},"pt":{"title":true,"content":true,"excerpt":false}}},"yoast_head":"<!-- This site is optimized with the Yoast SEO plugin v15.9 - https:\/\/yoast.com\/wordpress\/plugins\/seo\/ -->\n<title>Immunologia aplicada en pacients amb autisme | Doctor\u2019s Clinic in BXL - Mejorando Tu Salud Dia A Dia<\/title>\n<meta name=\"robots\" content=\"index, follow, max-snippet:-1, max-image-preview:large, max-video-preview:-1\" \/>\n<link rel=\"canonical\" href=\"https:\/\/mejorandotusaluddiaadia.com\/medico-clinica-servicios\/inmunilogia-aplicada-en-pacientes-con-autismo\" \/>\n<meta property=\"og:locale\" content=\"en_US\" \/>\n<meta property=\"og:type\" content=\"article\" \/>\n<meta property=\"og:title\" content=\"Immunologia aplicada en pacients amb autisme | Doctor\u2019s Clinic in BXL - Mejorando Tu Salud Dia A Dia\" \/>\n<meta property=\"og:url\" content=\"https:\/\/mejorandotusaluddiaadia.com\/medico-clinica-servicios\/inmunilogia-aplicada-en-pacientes-con-autismo\" \/>\n<meta property=\"og:site_name\" content=\"mejorandotusaluddialdia\" \/>\n<meta property=\"article:modified_time\" content=\"2021-12-01T09:05:15+00:00\" \/>\n<meta property=\"og:image\" content=\"https:\/\/mejorandotusaluddiaadia.com\/wp-content\/uploads\/2021\/09\/nonhome-224501419.jpg\" \/>\n\t<meta property=\"og:image:width\" content=\"1920\" \/>\n\t<meta property=\"og:image:height\" content=\"500\" \/>\n<meta name=\"twitter:card\" content=\"summary_large_image\" \/>\n<meta name=\"twitter:label1\" content=\"Est. reading time\">\n\t<meta name=\"twitter:data1\" content=\"1 minute\">\n<script type=\"application\/ld+json\" class=\"yoast-schema-graph\">{\"@context\":\"https:\/\/schema.org\",\"@graph\":[{\"@type\":\"WebSite\",\"@id\":\"https:\/\/mejorandotusaluddiaadia.com\/#website\",\"url\":\"https:\/\/mejorandotusaluddiaadia.com\/\",\"name\":\"mejorandotusaluddialdia\",\"description\":\"\",\"potentialAction\":[{\"@type\":\"SearchAction\",\"target\":\"https:\/\/mejorandotusaluddiaadia.com\/?s={search_term_string}\",\"query-input\":\"required name=search_term_string\"}],\"inLanguage\":\"cat-ES\"},{\"@type\":\"ImageObject\",\"@id\":\"https:\/\/mejorandotusaluddiaadia.com\/medico-clinica-servicios\/inmunilogia-aplicada-en-pacientes-con-autismo#primaryimage\",\"inLanguage\":\"cat-ES\",\"url\":\"https:\/\/mejorandotusaluddiaadia.com\/wp-content\/uploads\/2021\/09\/nonhome-224501419.jpg\",\"width\":1920,\"height\":500,\"caption\":\"Special classroom of disabled kids or autism child learning\"},{\"@type\":\"WebPage\",\"@id\":\"https:\/\/mejorandotusaluddiaadia.com\/medico-clinica-servicios\/inmunilogia-aplicada-en-pacientes-con-autismo#webpage\",\"url\":\"https:\/\/mejorandotusaluddiaadia.com\/medico-clinica-servicios\/inmunilogia-aplicada-en-pacientes-con-autismo\",\"name\":\"Immunologia aplicada en pacients amb autisme | Doctor\\u2019s Clinic in BXL - Mejorando Tu Salud Dia A Dia\",\"isPartOf\":{\"@id\":\"https:\/\/mejorandotusaluddiaadia.com\/#website\"},\"primaryImageOfPage\":{\"@id\":\"https:\/\/mejorandotusaluddiaadia.com\/medico-clinica-servicios\/inmunilogia-aplicada-en-pacientes-con-autismo#primaryimage\"},\"datePublished\":\"2021-09-15T18:49:37+00:00\",\"dateModified\":\"2021-12-01T09:05:15+00:00\",\"description\":\"Mejorando Tu Salud Dia A Dia is a trustworthy doctor\\u2019s clinic in Brussels. Learn more from our website.\",\"breadcrumb\":{\"@id\":\"https:\/\/mejorandotusaluddiaadia.com\/medico-clinica-servicios\/inmunilogia-aplicada-en-pacientes-con-autismo#breadcrumb\"},\"inLanguage\":\"cat-ES\",\"potentialAction\":[{\"@type\":\"ReadAction\",\"target\":[\"https:\/\/mejorandotusaluddiaadia.com\/medico-clinica-servicios\/inmunilogia-aplicada-en-pacientes-con-autismo\"]}]},{\"@type\":\"BreadcrumbList\",\"@id\":\"https:\/\/mejorandotusaluddiaadia.com\/medico-clinica-servicios\/inmunilogia-aplicada-en-pacientes-con-autismo#breadcrumb\",\"itemListElement\":[{\"@type\":\"ListItem\",\"position\":1,\"item\":{\"@type\":\"WebPage\",\"@id\":\"https:\/\/mejorandotusaluddiaadia.com\/\",\"url\":\"https:\/\/mejorandotusaluddiaadia.com\/\",\"name\":\"Home\"}},{\"@type\":\"ListItem\",\"position\":2,\"item\":{\"@type\":\"WebPage\",\"@id\":\"https:\/\/mejorandotusaluddiaadia.com\/medico-clinica-servicios\",\"url\":\"https:\/\/mejorandotusaluddiaadia.com\/medico-clinica-servicios\",\"name\":\"Servicios\"}},{\"@type\":\"ListItem\",\"position\":3,\"item\":{\"@type\":\"WebPage\",\"@id\":\"https:\/\/mejorandotusaluddiaadia.com\/medico-clinica-servicios\/inmunilogia-aplicada-en-pacientes-con-autismo\",\"url\":\"https:\/\/mejorandotusaluddiaadia.com\/medico-clinica-servicios\/inmunilogia-aplicada-en-pacientes-con-autismo\",\"name\":\"Immunology applied in patients with autism\"}}]}]}<\/script>\n<!-- \/ Yoast SEO plugin. -->","_links":{"self":[{"href":"https:\/\/mejorandotusaluddiaadia.com\/ct\/wp-json\/wp\/v2\/pages\/157","targetHints":{"allow":["GET"]}}],"collection":[{"href":"https:\/\/mejorandotusaluddiaadia.com\/ct\/wp-json\/wp\/v2\/pages"}],"about":[{"href":"https:\/\/mejorandotusaluddiaadia.com\/ct\/wp-json\/wp\/v2\/types\/page"}],"author":[{"embeddable":true,"href":"https:\/\/mejorandotusaluddiaadia.com\/ct\/wp-json\/wp\/v2\/users\/1"}],"replies":[{"embeddable":true,"href":"https:\/\/mejorandotusaluddiaadia.com\/ct\/wp-json\/wp\/v2\/comments?post=157"}],"version-history":[{"count":12,"href":"https:\/\/mejorandotusaluddiaadia.com\/ct\/wp-json\/wp\/v2\/pages\/157\/revisions"}],"predecessor-version":[{"id":334,"href":"https:\/\/mejorandotusaluddiaadia.com\/ct\/wp-json\/wp\/v2\/pages\/157\/revisions\/334"}],"up":[{"embeddable":true,"href":"https:\/\/mejorandotusaluddiaadia.com\/ct\/wp-json\/wp\/v2\/pages\/12"}],"wp:featuredmedia":[{"embeddable":true,"href":"https:\/\/mejorandotusaluddiaadia.com\/ct\/wp-json\/wp\/v2\/media\/162"}],"wp:attachment":[{"href":"https:\/\/mejorandotusaluddiaadia.com\/ct\/wp-json\/wp\/v2\/media?parent=157"}],"curies":[{"name":"wp","href":"https:\/\/api.w.org\/{rel}","templated":true}]}}