{"id":59,"date":"2021-09-14T05:36:14","date_gmt":"2021-09-14T05:36:14","guid":{"rendered":"https:\/\/w2254.proweaver2.site\/?page_id=59"},"modified":"2021-12-01T08:31:31","modified_gmt":"2021-12-01T08:31:31","slug":"naturopatia","status":"publish","type":"page","link":"https:\/\/mejorandotusaluddiaadia.com\/ct\/medico-clinica-servicios\/naturopatia","title":{"rendered":"Naturopatia"},"content":{"rendered":"<div class=\"intro_txt\">Aconseguir un benestar \u00f2ptim a trav\u00e9s de la medicina no invasiva<\/div>\n<div class=\"wrapper\">\n<div class=\"serv_in\">\n<p>La naturopatia abasta una \u00e0mplia varietat de t\u00e8cniques de medicina alternativa. L&#8217;objectiu de la ter\u00e0pia \u00e9s estimular la capacitat de curaci\u00f3 innata del cos, i facilitar els seus mecanismes d&#8217;equilibri per arribar a un bon estat de salut.<\/p>\n<h2>Alguns dels tipus de malalties d&#8217;atordiment s\u00f3n<\/h2>\n<ul class=\"bullet col2\">\n<li>Homeopatia, homotoxiologia i isoter\u00e0pia\n<li>Medicina naturop\u00e0tica, biol\u00f2gica i integradora\n<li>Medicina tradicional xinesa i acupuntura\n<li>Medicina ayurv\u00e8dica (Medicina Tradicional de l&#8217;\u00cdndia)\n<li>Fitoter\u00e0pia\n<li>Quiromassatge, osteopatia i quiropr\u00e0ctica\n<li>Oligoelements\n<li>Flors de Bach\n<li>Aromater\u00e0pia\n<li>Reflexologia dels peus\n<li>Iridologia\n<\/ul>\n<p>Implica el diagn\u00f2stic, tractament i prevenci\u00f3 de trastorns de la salut mitjan\u00e7ant l&#8217;\u00fas de ter\u00e0pies, m\u00e8todes i materials naturals, que poden ser: nutrici\u00f3 cl\u00ednica, medicina herbaria, acupuntura, homeopatia o sistemes m\u00e8dics antics com els utilitzats a la Xina o l&#8217;\u00cdndia.<\/p>\n<h2>Qu\u00e8 es pot tractar amb naturopatia o medicina biol\u00f2gica?<\/h2>\n<p>Davant qualsevol alteraci\u00f3 de la salut que afecti el normal funcionament del cos, actua sobre la base de la potenciaci\u00f3 del sistema immunitari, enfortint el cos i preparant-lo cap a la seva recuperaci\u00f3 tenint en compte la relaci\u00f3 entre els diferents \u00f2rgans i parts del cos.<\/p>\n<p>Englobant diferents t\u00e8cniques que -des d&#8217;una visi\u00f3 totalment hol\u00edstica- tracten el cos hum\u00e0 de manera integral i no de manera a\u00efllada s&#8217;aconsegueix un efecte de recuperaci\u00f3 m\u00e9s ampli, en la seva m\u00e0xima totalitat.<\/p>\n<p>Pel que fa al tipus de patologies a les quals s&#8217;apliquen, n&#8217;hi ha de totes les \u00e0rees de salut, per exemple:<\/p>\n<ul class=\"bullet col2\">\n<li>Os i articulaci\u00f3: artrosi, artritis, osteoporosi, h\u00e8rnies discals, malalties degeneratives de l&#8217;os i el cart\u00edlag\n<li>Malalties de la pell: psoriasi, dermatitis, \u00e8czema, pell at\u00f2pica, acne, p\u00e8rdua de cabell\n<li>Patologies esportives: tendinitis, lesions musculars, espatlla dolorosa\n<li>Fibromi\u00e0lgia i fatiga cr\u00f2nica\n<li>Migranya\n<li>Al\u00b7l\u00e8rgies\n<li>Problemes de l&#8217;aparell digestiu: intoler\u00e0ncies, candidiasi, \u00falceres, h\u00e8rnies, disp\u00e8psies, restrenyiment, flatul\u00e8ncia, etc.\n<li>\u00c8mfasi\n<li>Malalties del sistema nervi\u00f3s: ansietat, depressi\u00f3, angoixa, f\u00f2bies, addiccions (tabac i altres), insomni, s\u00edndrome de cames inquietes\n<li>Trastorns hormonals de les dones: menopausa, menstruaci\u00f3 irregular, per\u00edodes dolorosos\n<\/ul>\n<h2>Expert en nutrici\u00f3 cel\u00b7lular activa<\/h2>\n<p>Practiquem amb suplements nutricionals i d&#8217;elements tra\u00e7a<\/p>\n<\/div>\n<\/div>\n","protected":false},"excerpt":{"rendered":"<p>Aconseguir un benestar \u00f2ptim a trav\u00e9s de la medicina no invasiva La naturopatia abasta una \u00e0mplia varietat de t\u00e8cniques de medicina alternativa. L&#8217;objectiu de la ter\u00e0pia \u00e9s estimular la capacitat de curaci\u00f3 innata del cos, i facilitar els seus mecanismes d&#8217;equilibri per arribar a un bon estat de salut. Alguns dels tipus de malalties d&#8217;atordiment [&hellip;]<\/p>\n","protected":false},"author":1,"featured_media":78,"parent":12,"menu_order":0,"comment_status":"closed","ping_status":"closed","template":"","meta":{"pgc_sgb_lightbox_settings":"","footnotes":""},"class_list":["post-59","page","type-page","status-publish","has-post-thumbnail","hentry"],"translation":{"provider":"WPGlobus","version":"2.8.8","language":"ct","enabled_languages":["es","ct","en","fr","de","it","pt"],"languages":{"es":{"title":true,"content":true,"excerpt":false},"ct":{"title":true,"content":true,"excerpt":false},"en":{"title":true,"content":true,"excerpt":false},"fr":{"title":true,"content":true,"excerpt":false},"de":{"title":true,"content":true,"excerpt":false},"it":{"title":true,"content":true,"excerpt":false},"pt":{"title":true,"content":true,"excerpt":false}}},"yoast_head":"<!-- This site is optimized with the Yoast SEO plugin v15.9 - https:\/\/yoast.com\/wordpress\/plugins\/seo\/ -->\n<title>Naturopatia | Doctor\u2019s Clinic in BXL - Mejorando Tu Salud Dia A Dia<\/title>\n<meta name=\"robots\" content=\"index, follow, max-snippet:-1, max-image-preview:large, max-video-preview:-1\" \/>\n<link rel=\"canonical\" href=\"https:\/\/mejorandotusaluddiaadia.com\/medico-clinica-servicios\/naturopatia\" \/>\n<meta property=\"og:locale\" content=\"en_US\" \/>\n<meta property=\"og:type\" content=\"article\" \/>\n<meta property=\"og:title\" content=\"Naturopatia | Doctor\u2019s Clinic in BXL - Mejorando Tu Salud Dia A Dia\" \/>\n<meta property=\"og:url\" content=\"https:\/\/mejorandotusaluddiaadia.com\/medico-clinica-servicios\/naturopatia\" \/>\n<meta property=\"og:site_name\" content=\"mejorandotusaluddialdia\" \/>\n<meta property=\"article:modified_time\" content=\"2021-12-01T08:31:31+00:00\" \/>\n<meta property=\"og:image\" content=\"https:\/\/mejorandotusaluddiaadia.com\/wp-content\/uploads\/2021\/09\/nonhome-4.jpg\" \/>\n\t<meta property=\"og:image:width\" content=\"1920\" \/>\n\t<meta property=\"og:image:height\" content=\"500\" \/>\n<meta name=\"twitter:card\" content=\"summary_large_image\" \/>\n<meta name=\"twitter:label1\" content=\"Est. reading time\">\n\t<meta name=\"twitter:data1\" content=\"2 minutes\">\n<script type=\"application\/ld+json\" class=\"yoast-schema-graph\">{\"@context\":\"https:\/\/schema.org\",\"@graph\":[{\"@type\":\"WebSite\",\"@id\":\"https:\/\/mejorandotusaluddiaadia.com\/#website\",\"url\":\"https:\/\/mejorandotusaluddiaadia.com\/\",\"name\":\"mejorandotusaluddialdia\",\"description\":\"\",\"potentialAction\":[{\"@type\":\"SearchAction\",\"target\":\"https:\/\/mejorandotusaluddiaadia.com\/?s={search_term_string}\",\"query-input\":\"required name=search_term_string\"}],\"inLanguage\":\"cat-ES\"},{\"@type\":\"ImageObject\",\"@id\":\"https:\/\/mejorandotusaluddiaadia.com\/medico-clinica-servicios\/naturopatia#primaryimage\",\"inLanguage\":\"cat-ES\",\"url\":\"https:\/\/mejorandotusaluddiaadia.com\/wp-content\/uploads\/2021\/09\/nonhome-4.jpg\",\"width\":1920,\"height\":500,\"caption\":\"nurse check the patient health\"},{\"@type\":\"WebPage\",\"@id\":\"https:\/\/mejorandotusaluddiaadia.com\/medico-clinica-servicios\/naturopatia#webpage\",\"url\":\"https:\/\/mejorandotusaluddiaadia.com\/medico-clinica-servicios\/naturopatia\",\"name\":\"Naturopatia | Doctor\\u2019s Clinic in BXL - Mejorando Tu Salud Dia A Dia\",\"isPartOf\":{\"@id\":\"https:\/\/mejorandotusaluddiaadia.com\/#website\"},\"primaryImageOfPage\":{\"@id\":\"https:\/\/mejorandotusaluddiaadia.com\/medico-clinica-servicios\/naturopatia#primaryimage\"},\"datePublished\":\"2021-09-14T05:36:14+00:00\",\"dateModified\":\"2021-12-01T08:31:31+00:00\",\"description\":\"Mejorando Tu Salud Dia A Dia is a trustworthy doctor\\u2019s clinic in Brussels. Learn more from our website.\",\"breadcrumb\":{\"@id\":\"https:\/\/mejorandotusaluddiaadia.com\/medico-clinica-servicios\/naturopatia#breadcrumb\"},\"inLanguage\":\"cat-ES\",\"potentialAction\":[{\"@type\":\"ReadAction\",\"target\":[\"https:\/\/mejorandotusaluddiaadia.com\/medico-clinica-servicios\/naturopatia\"]}]},{\"@type\":\"BreadcrumbList\",\"@id\":\"https:\/\/mejorandotusaluddiaadia.com\/medico-clinica-servicios\/naturopatia#breadcrumb\",\"itemListElement\":[{\"@type\":\"ListItem\",\"position\":1,\"item\":{\"@type\":\"WebPage\",\"@id\":\"https:\/\/mejorandotusaluddiaadia.com\/\",\"url\":\"https:\/\/mejorandotusaluddiaadia.com\/\",\"name\":\"Home\"}},{\"@type\":\"ListItem\",\"position\":2,\"item\":{\"@type\":\"WebPage\",\"@id\":\"https:\/\/mejorandotusaluddiaadia.com\/medico-clinica-servicios\",\"url\":\"https:\/\/mejorandotusaluddiaadia.com\/medico-clinica-servicios\",\"name\":\"Servicios\"}},{\"@type\":\"ListItem\",\"position\":3,\"item\":{\"@type\":\"WebPage\",\"@id\":\"https:\/\/mejorandotusaluddiaadia.com\/medico-clinica-servicios\/naturopatia\",\"url\":\"https:\/\/mejorandotusaluddiaadia.com\/medico-clinica-servicios\/naturopatia\",\"name\":\"Naturopathy\"}}]}]}<\/script>\n<!-- \/ Yoast SEO plugin. -->","_links":{"self":[{"href":"https:\/\/mejorandotusaluddiaadia.com\/ct\/wp-json\/wp\/v2\/pages\/59","targetHints":{"allow":["GET"]}}],"collection":[{"href":"https:\/\/mejorandotusaluddiaadia.com\/ct\/wp-json\/wp\/v2\/pages"}],"about":[{"href":"https:\/\/mejorandotusaluddiaadia.com\/ct\/wp-json\/wp\/v2\/types\/page"}],"author":[{"embeddable":true,"href":"https:\/\/mejorandotusaluddiaadia.com\/ct\/wp-json\/wp\/v2\/users\/1"}],"replies":[{"embeddable":true,"href":"https:\/\/mejorandotusaluddiaadia.com\/ct\/wp-json\/wp\/v2\/comments?post=59"}],"version-history":[{"count":11,"href":"https:\/\/mejorandotusaluddiaadia.com\/ct\/wp-json\/wp\/v2\/pages\/59\/revisions"}],"predecessor-version":[{"id":300,"href":"https:\/\/mejorandotusaluddiaadia.com\/ct\/wp-json\/wp\/v2\/pages\/59\/revisions\/300"}],"up":[{"embeddable":true,"href":"https:\/\/mejorandotusaluddiaadia.com\/ct\/wp-json\/wp\/v2\/pages\/12"}],"wp:featuredmedia":[{"embeddable":true,"href":"https:\/\/mejorandotusaluddiaadia.com\/ct\/wp-json\/wp\/v2\/media\/78"}],"wp:attachment":[{"href":"https:\/\/mejorandotusaluddiaadia.com\/ct\/wp-json\/wp\/v2\/media?parent=59"}],"curies":[{"name":"wp","href":"https:\/\/api.w.org\/{rel}","templated":true}]}}