{"id":11,"date":"2021-09-13T07:36:55","date_gmt":"2021-09-13T07:36:55","guid":{"rendered":"http:\/\/w2254.proweaver2.site\/?page_id=11"},"modified":"2025-02-22T15:31:25","modified_gmt":"2025-02-22T15:31:25","slug":"medico-clinica-acerca-de-nosotros","status":"publish","type":"page","link":"https:\/\/mejorandotusaluddiaadia.com\/de\/medico-clinica-acerca-de-nosotros","title":{"rendered":"\u00dcber uns"},"content":{"rendered":"<div class=\"intro_txt\">Qualit\u00e4tsdienstleistungen in Br\u00fcssel, Belgien<\/div>\n<div class=\"wrapper\">\n<div class=\"about_in\">\n<div class=\"nh_mv\">\n<div id=\"mission\" class=\"nh_m\">\n<h5>Mission<\/h5>\n<p>Die Mission von Mejorando Tu Salud D\u00eda A D\u00eda besteht darin, Gesundheitsdienstleistungen anzubieten, die an die Bed\u00fcrfnisse und Anforderungen unserer Patienten angepasst sind, unterst\u00fctzt durch unser Humankapital, exzellente Pflege und die Suche nach modernster Technologie, alles basierend auf den Prinzipien der Naturheilkunde , bei der Vorbeugung von Krankheiten und bei der Behandlung komplement\u00e4rer, humanerer und affektiverer Therapeutika. Der Patient ist der wichtigste Grund f\u00fcr unsere Klinik und dieser Grundsatz wird sich in jeder Beziehung oder Dienstleistung f\u00fcr die Gemeinschaft durchsetzen.<\/p>\n<\/div>\n<div class=\"nh_v\">\n<h5>Aussicht<\/h5>\n<p>The vision of Mejorando Tu Salud D\u00eda A D\u00eda is a nueva dimensi\u00f3n del concepto de la medicina natural, basados en la salud y el bienestar f\u00edsico, mental, emocional, espiritual, social y ambiental.\n<\/p><\/div>\n<\/div>\n<div class=\"nh_middle_con\">\n<p>Mejorando Tu Salud D\u00eda A D\u00eda wurde im Jahr 2021 eingeweiht. Die Philosophie dieser Praxis besteht darin, den Patienten eine personalisierte und qualitativ hochwertige Aufmerksamkeit zu schenken und dabei immer ihre Integrit\u00e4t zu wahren. Durch jahrelange Erfahrung habe ich verstanden, dass Medikamente keine Pathologie heilen, sondern diese Pathologien im Gegenteil behaupten.<\/p>\n<h3>Werte von Mejorando Tu Salud D\u00eda A D\u00eda<\/h3>\n<ul>\n<li>\n<h2> Dienst <\/h2>\n<p>Wir sind immer bereit, die Erwartungen unserer Kunden und Benutzer durch die kontinuierliche Verbesserung der Aufmerksamkeit und des Engagements unseres menschlichen Teams zu erf\u00fcllen. <\/li>\n<li>\n<h2> Engagement <\/h2>\n<p>F\u00fchren Sie das Versprochene oder Vereinbarte durch; Erworbene Verpflichtung, gute Leistungen zu erbringen und Glaubw\u00fcrdigkeit zu verdienen. <\/li>\n<li>\n<h2> Respekt <\/h2>\n<p>Eine verst\u00e4ndnisvolle Haltung gegen\u00fcber anderen Menschen, die es uns erm\u00f6glicht, ihnen mit R\u00fccksicht und Toleranz zu begegnen. <\/li>\n<li>\n<h2> Disziplin <\/h2>\n<p>St\u00e4ndige Beobachtung und \u00dcberzeugung von korrektem und gesellschaftlich akzeptiertem Verhalten, um das Zusammenleben einer menschlichen Gruppe zu erreichen. <\/li>\n<li>\n<h2> Empfindlichkeit <\/h2>\n<p>Unser Handeln und Arbeiten steht im Einklang mit unseren Grunds\u00e4tzen und Werten und schafft so Vertrauen bei Kunden und Anwendern in unsere Haltung und unsere Arbeit. <\/li>\n<li>\n<h2> Ehrlichkeit <\/h2>\n<p>Unser Handeln und Arbeiten steht im Einklang mit unseren Grunds\u00e4tzen und Werten und schafft so Vertrauen bei Kunden und Anwendern in unsere Haltung und unsere Arbeit. <\/li>\n<\/ul>\n<\/div>\n<div class=\"nh_bottom_con\">\n<h2>Die Geschichte<\/h2>\n<section id=\"francisco\">\n<figure><img decoding=\"async\" class=\"thumb_right_dr\" src=\"[contenturl type=templateurl]\/images\/francisco.jpg\" alt=\"Francisco Fern\u00e1ndez\" \/><\/figure>\n<h3>Dr. Francisco Fern\u00e1ndez<\/h3>\n<p>Mein Name ist<span class=\"comp\">Francisco Fern\u00e1ndez<\/span> Ich wurde im Bundesdistrikt Caracas (Venezuela) geboren, als ich klein war, mochte ich immer Sport, also begann ich von klein auf, Kampfk\u00fcnste zu studieren und sah die vielen Lektionen, die in Training und Turnieren produziert wurden Gesundheitswissenschaften von der Zentraluniversit\u00e4t von Venezuela, zur\u00fcckgekehrt beginne ich in verschiedenen Krankenh\u00e4usern des Landes zu arbeiten, zuerst in Caracas und dann im Landesinneren Aragua, wo ich im Notfall im Allgemeinen Krankenhaus von Maracay arbeite, Calicanto-Klinik im Gesundheitswesen Pr\u00e4ventionseinheit bei Diabetikern und in den Rettungswagen von sermedica medical services for life.<\/p>\n<p>Sp\u00e4ter bin ich nach Spanien gezogen, wo ich meine Arbeit in verschiedenen Krankenh\u00e4usern fortsetze und wo ich eine Spezialisierung in Onkologie und Palliativmedizin an der Universit\u00e4t von Alcal\u00e1 de Henares mache und verschiedene Ausbildungen in verschiedenen Gesundheitsbereichen mache, und dann ziehe ich nach Br\u00fcssel, wo ich in verschiedene Orte wie ein psychiatrisches und alkoholkrankes Zentrum, Pflegeheime, ein allgemeines Krankenhaus und dann ein spezialisiertes onkologisches Krankenhaus.<\/p>\n<p>Aufgrund des Medikamentenmangels entschied ich mich f\u00fcr ein Studium im Bereich Naturheilkunde und Hom\u00f6opathie an der Universit\u00e4t Miguel de Cervantes und am Euronova-Institut sowie eine Ausbildung in aktiver zellul\u00e4rer Ern\u00e4hrungsmedizin, in der ich einen Master in diesem Fachgebiet absolvierte. was ich liebe und ich sehe, dass wir mit Integrativer Medizin vielen Menschen helfen k\u00f6nnen.<\/p>\n<ul class=\"nh_social_media\">\n<li><a href=\"https:\/\/www.facebook.com\/Mejorando-tu-Salud-Dia-al-Dia-106848211358110\/\" target=\"_blank\" rel=\"noopener\"> <\/a><br \/>\n<figure><img decoding=\"async\" src=\"[contenturl type=templateurl]\/images\/nh_fb_icon.png\" alt=\"facebook\" \/><\/figure>\n<\/li>\n<li><a href=\"https:\/\/www.twitter.com\" target=\"_blank\" rel=\"noopener\"> <\/a><br \/>\n<figure><img decoding=\"async\" src=\"[contenturl type=templateurl]\/images\/nh_instagram_icon.png\" alt=\"instagram\" \/><\/figure>\n<\/li>\n<\/ul>\n<p>WhatsApp-Nummer: <mark>+32486315795<\/mark><\/p>\n<\/section>\n<section class=\"green_bg\">\n<figure><img decoding=\"async\" class=\"thumb_left_dr\" src=\"[contenturl type=templateurl]\/images\/neo.jpg\" alt=\"Neomar Sempr\u00fan-Hern\u00e1ndez\" \/><\/figure>\n<h3>Neomar Sempr\u00fan-Hern\u00e1ndez LPC<\/h3>\n<p><strong>Professor Neomar ist<\/strong> Biologe &#8211; Immunologe, Wissenschaftler auf der Grundlage wissenschaftlicher Erkenntnisse mit 16 Jahren Erfahrung in der Untersuchung von Immunneurogen-Metabolismus und neuen Behandlungsmethoden bei der Behandlung von Autismus-Spektrum-St\u00f6rungen (ASS), erg\u00e4nzt durch Forschung in Immunomykologie und Infektionskrankheiten. Er ist ein evidenzbasierter Gesundheitsberater f\u00fcr Eltern von Kindern mit ASS und allen mit Entz\u00fcndungen verbundenen Pathologien. Er f\u00f6rdert die Einnahme einer immunmodulatorischen Di\u00e4t und den Einsatz von Immunmodulatoren, die er gemeinsam mit seinem Team individuell f\u00fcr jeden Beratenden und Patienten ausarbeitet. Er war Universit\u00e4tsprofessor in mehreren lateinamerikanischen L\u00e4ndern, wo er als Mentor f\u00fcr Nachwuchswissenschaftler aktiv mitwirkte. Er ist Mitglied der Internationalen Wissenschaftlichen Gesellschaften und bekleidet F\u00fchrungspositionen. Er ist Gutachter in wissenschaftlichen Zeitschriften, Autor wissenschaftlicher Publikationen und Gastdozent zum umfassenden Bio-Ansatz von ASS. Au\u00dferdem ein eifriger Leser, Sportler und unterhaltsamer Gespr\u00e4chspartner zu historischen Themen.<\/p>\n<p>Derzeit ist er Executive Director (CEO) der Immunology Unit &#8220;Professor Nola Montiel&#8221;, wo sie mit seinem Team medizinische, ern\u00e4hrungsphysiologische, genetische und wissenschaftliche Vernetzungsberatungen durchf\u00fchren; Sie unterrichten Meisterworkshops und Kurse f\u00fcr Eltern und Fachkr\u00e4fte und erstellen Nachweise, die sie regelm\u00e4\u00dfig ver\u00f6ffentlichen.<\/p>\n<p>Email: <a href=\"mailto:neomar.semprun@gmail.com\">neomar.semprun@gmail.com<\/a><\/p>\n<\/section>\n<section>\n<figure><img decoding=\"async\" class=\"thumb_right_dr\" src=\"[contenturl type=templateurl]\/images\/damaris.jpg\" alt=\"Damaris Cort\u00e9s-Figueroa\" \/><\/figure>\n<h3>Damaris Cortes-Figueroa LPC, MS\/P, NCC<\/h3>\n<p>Damaris Cort\u00e9s-Figueroa spricht drei (3) Sprachen: Englisch, Spanisch und Amerikanische Geb\u00e4rdensprache (ASL). Damaris wurde in Puerto Rico geboren und zog mit 18 Jahren in die USA. Damaris liebt es, Menschen zuzuh\u00f6ren und mit ihnen zu sprechen. Ihr Ziel ist es, sie dabei zu unterst\u00fctzen, ihre St\u00e4rken zu erkennen und das zu tun, was sie lieben. Es hilft den Menschen auch, ihre Schw\u00e4chen zu erkennen und ermutigt sie, das Positive vom Negativen zu sehen.<\/p>\n<p><strong>Qualifikationen und Hintergrund<\/strong><br \/>\nDamaris Cort\u00e9s Figueroa erwarb im Juli 2013 ihren Master of Science in Psychologie an der University of Phoenix und ihren Master of Science im Beratungsprogramm der Liberty University. Damaris schloss beide Programme mit Magna Cum Laude ab. Damaris erwarb 2011 ihren BA in Psychologie an der University of Phoenix mit einem GPA von 3,9. 2009 schloss sie ihre k\u00fcnstlerische Vertiefung in Human Services Management \/ Soziale Arbeit ab. Im Jahr 2014 hat Damaris die National Counselor Certification (NCC) abgeschlossen.<\/p>\n<p>W\u00e4hrend seines Graduiertenprogramms absolvierte er ein sechsj\u00e4hriges Praktikum bei Access Family Services in Asheville, North Carolina. Dort arbeitete er mit Kindern und Erwachsenen jeden Alters. Einzel- und Familientherapie f\u00fcr Klienten unabh\u00e4ngig von Geschlecht, Rasse oder sozio\u00f6konomischem Status. Seine Klienten waren Kinder (ab 2 Jahren), Jugendliche, Erwachsene, Paare und Familien. Die verschiedenen Bev\u00f6lkerungsgruppen und Situationen, mit denen er zu tun hatte, sind unter anderem emotionale Probleme, Traumata, Angstzust\u00e4nde, Depressionen, Trauerarbeit, PTSD, ADHS und Erziehungstraining.<\/p>\n<p>Einzeltherapie f\u00fcr Erwachsene in der Gemeinde mit verschiedenen psychischen Diagnosen, einschlie\u00dflich Angstzust\u00e4nden, Depressionen, bipolaren St\u00f6rungen und Pers\u00f6nlichkeitsst\u00f6rungen. Sie moderierte auch eine w\u00f6chentliche Gruppe zur psychischen Gesundheit von Kindern, die sich auf die Gruppen Aufmerksamkeitsdefizit-Hyperaktivit\u00e4tsst\u00f6rung (ADHS), Major Depressive Disorder (MDD) und H\u00e4usliche Gewalt konzentrierte. Als LPCA hat sie mit Jugendlichen zusammengearbeitet, indem sie intensive h\u00e4usliche Dienste und als ambulante Therapeutin f\u00fcr Kinder und Erwachsene geleistet hat.<\/p>\n<p>Derzeit hat Damaris \u00fcber viertausendf\u00fcnfhundert (4.500) Stunden \u00fcberwachte Beratung \/ Psychotherapie f\u00fcr ihren lizenzierten professionellen Berater (LCMHC) \/ lizenzierten absolviert. Damaris arbeitet als ambulante \/ schulische Beraterin und betreut sowohl Kinder als auch Erwachsene. Zu den Themen, mit denen er sich derzeit befasst, geh\u00f6ren: das Verst\u00e4ndnis und die Bew\u00e4ltigung von Angstzust\u00e4nden, herausforderndem Verhalten, bipolarer St\u00f6rung, Autismus-Spektrum-St\u00f6rung (ASS), Aufmerksamkeits-Defizit-Hyperaktivit\u00e4ts-St\u00f6rung (ADHS) sowie das Navigieren zu neuer psychischer und \/ oder k\u00f6rperlicher Gesundheit. Diagnose. Er arbeitet auch mit Klienten, die Scheidung, Trauer, Drogenmissbrauch, Sucht und Depression erlebt haben oder erleben.<\/p>\n<p>Die theoretische Ausrichtung von Damaris ist inklusiv. Sie ist stark gepr\u00e4gt von kognitiv-behavioralen, dialektisch-behavioralen sowie personen- und l\u00f6sungszentrierten Beratungsans\u00e4tzen. Sie strebt eine sichere, ethische und konsistente Beziehung zu ihren Kunden an und fordert sie gleichzeitig auf, zu beobachten, wie sich das Denken der Kunden auf ihre Welt auswirkt. Damaris&#8217; Ziel ist es, ihren Kunden zu helfen, Autonomie und Unabh\u00e4ngigkeit in ihrem t\u00e4glichen Leben zu erlangen und gleichzeitig hart daran zu arbeiten, ihre festgelegten Ziele zu erreichen.<\/p>\n<p>Zu den Kompetenzfeldern von Damaris geh\u00f6ren: Kognitive Verhaltenstherapie (CBT), Dialektische Verhaltenstechniken, Triple P, Psychoedukation, Spieltherapie, Atemtechniken, Erdungstechniken und Beziehungsverbesserung.<\/p>\n<p>Telefon: <mark> 828-489-7002 <\/mark><br \/>\nEmail: <a href=\"mailto:damaris@dcwellnessinc.org\">damaris@dcwellnessinc.org<\/a><\/p>\n<\/section>\n<\/div>\n<\/div>\n<\/div>\n","protected":false},"excerpt":{"rendered":"<p>Qualit\u00e4tsdienstleistungen in Br\u00fcssel, Belgien Mission Die Mission von Mejorando Tu Salud D\u00eda A D\u00eda besteht darin, Gesundheitsdienstleistungen anzubieten, die an die Bed\u00fcrfnisse und Anforderungen unserer Patienten angepasst sind, unterst\u00fctzt durch unser Humankapital, exzellente Pflege und die Suche nach modernster Technologie, alles basierend auf den Prinzipien der Naturheilkunde , bei der Vorbeugung von Krankheiten und bei [&hellip;]<\/p>\n","protected":false},"author":1,"featured_media":49,"parent":0,"menu_order":0,"comment_status":"closed","ping_status":"closed","template":"","meta":{"pgc_sgb_lightbox_settings":"","footnotes":""},"class_list":["post-11","page","type-page","status-publish","has-post-thumbnail","hentry"],"translation":{"provider":"WPGlobus","version":"2.8.8","language":"de","enabled_languages":["es","ct","en","fr","de","it","pt"],"languages":{"es":{"title":true,"content":true,"excerpt":false},"ct":{"title":true,"content":true,"excerpt":false},"en":{"title":true,"content":true,"excerpt":false},"fr":{"title":true,"content":true,"excerpt":false},"de":{"title":true,"content":true,"excerpt":false},"it":{"title":true,"content":true,"excerpt":false},"pt":{"title":true,"content":true,"excerpt":false}}},"yoast_head":"<!-- This site is optimized with the Yoast SEO plugin v15.9 - https:\/\/yoast.com\/wordpress\/plugins\/seo\/ -->\n<title>\u00dcber uns | Doctor\u2019s Clinic in BXL - Mejorando Tu Salud Dia A Dia<\/title>\n<meta name=\"robots\" content=\"index, follow, max-snippet:-1, max-image-preview:large, max-video-preview:-1\" \/>\n<link rel=\"canonical\" href=\"https:\/\/mejorandotusaluddiaadia.com\/medico-clinica-acerca-de-nosotros\" \/>\n<meta property=\"og:locale\" content=\"de_DE\" \/>\n<meta property=\"og:type\" content=\"article\" \/>\n<meta property=\"og:title\" content=\"\u00dcber uns | Doctor\u2019s Clinic in BXL - Mejorando Tu Salud Dia A Dia\" \/>\n<meta property=\"og:url\" content=\"https:\/\/mejorandotusaluddiaadia.com\/medico-clinica-acerca-de-nosotros\" \/>\n<meta property=\"og:site_name\" content=\"mejorandotusaluddialdia\" \/>\n<meta property=\"article:modified_time\" content=\"2025-02-22T15:31:25+00:00\" \/>\n<meta property=\"og:image\" content=\"https:\/\/mejorandotusaluddiaadia.com\/wp-content\/uploads\/2021\/09\/non-home-1208448841.jpg\" \/>\n\t<meta property=\"og:image:width\" content=\"1920\" \/>\n\t<meta property=\"og:image:height\" content=\"500\" \/>\n<meta name=\"twitter:card\" content=\"summary_large_image\" \/>\n<meta name=\"twitter:label1\" content=\"Est. reading time\">\n\t<meta name=\"twitter:data1\" content=\"7 minutes\">\n<script type=\"application\/ld+json\" class=\"yoast-schema-graph\">{\"@context\":\"https:\/\/schema.org\",\"@graph\":[{\"@type\":\"WebSite\",\"@id\":\"https:\/\/mejorandotusaluddiaadia.com\/#website\",\"url\":\"https:\/\/mejorandotusaluddiaadia.com\/\",\"name\":\"mejorandotusaluddialdia\",\"description\":\"\",\"potentialAction\":[{\"@type\":\"SearchAction\",\"target\":\"https:\/\/mejorandotusaluddiaadia.com\/?s={search_term_string}\",\"query-input\":\"required name=search_term_string\"}],\"inLanguage\":\"de-DE\"},{\"@type\":\"ImageObject\",\"@id\":\"https:\/\/mejorandotusaluddiaadia.com\/medico-clinica-acerca-de-nosotros#primaryimage\",\"inLanguage\":\"de-DE\",\"url\":\"https:\/\/mejorandotusaluddiaadia.com\/wp-content\/uploads\/2021\/09\/non-home-1208448841.jpg\",\"width\":1920,\"height\":500,\"caption\":\"a female nurse smiling\"},{\"@type\":\"WebPage\",\"@id\":\"https:\/\/mejorandotusaluddiaadia.com\/medico-clinica-acerca-de-nosotros#webpage\",\"url\":\"https:\/\/mejorandotusaluddiaadia.com\/medico-clinica-acerca-de-nosotros\",\"name\":\"\\u00dcber uns | Doctor\\u2019s Clinic in BXL - Mejorando Tu Salud Dia A Dia\",\"isPartOf\":{\"@id\":\"https:\/\/mejorandotusaluddiaadia.com\/#website\"},\"primaryImageOfPage\":{\"@id\":\"https:\/\/mejorandotusaluddiaadia.com\/medico-clinica-acerca-de-nosotros#primaryimage\"},\"datePublished\":\"2021-09-13T07:36:55+00:00\",\"dateModified\":\"2025-02-22T15:31:25+00:00\",\"description\":\"Mejorando Tu Salud Dia A Dia es un consultorio en Bruselas, Belgica. Learn more from our website.\",\"breadcrumb\":{\"@id\":\"https:\/\/mejorandotusaluddiaadia.com\/medico-clinica-acerca-de-nosotros#breadcrumb\"},\"inLanguage\":\"de-DE\",\"potentialAction\":[{\"@type\":\"ReadAction\",\"target\":[\"https:\/\/mejorandotusaluddiaadia.com\/medico-clinica-acerca-de-nosotros\"]}]},{\"@type\":\"BreadcrumbList\",\"@id\":\"https:\/\/mejorandotusaluddiaadia.com\/medico-clinica-acerca-de-nosotros#breadcrumb\",\"itemListElement\":[{\"@type\":\"ListItem\",\"position\":1,\"item\":{\"@type\":\"WebPage\",\"@id\":\"https:\/\/mejorandotusaluddiaadia.com\/\",\"url\":\"https:\/\/mejorandotusaluddiaadia.com\/\",\"name\":\"Home\"}},{\"@type\":\"ListItem\",\"position\":2,\"item\":{\"@type\":\"WebPage\",\"@id\":\"https:\/\/mejorandotusaluddiaadia.com\/medico-clinica-acerca-de-nosotros\",\"url\":\"https:\/\/mejorandotusaluddiaadia.com\/medico-clinica-acerca-de-nosotros\",\"name\":\"Acerca de Nosotros\"}}]}]}<\/script>\n<!-- \/ Yoast SEO plugin. -->","_links":{"self":[{"href":"https:\/\/mejorandotusaluddiaadia.com\/de\/wp-json\/wp\/v2\/pages\/11","targetHints":{"allow":["GET"]}}],"collection":[{"href":"https:\/\/mejorandotusaluddiaadia.com\/de\/wp-json\/wp\/v2\/pages"}],"about":[{"href":"https:\/\/mejorandotusaluddiaadia.com\/de\/wp-json\/wp\/v2\/types\/page"}],"author":[{"embeddable":true,"href":"https:\/\/mejorandotusaluddiaadia.com\/de\/wp-json\/wp\/v2\/users\/1"}],"replies":[{"embeddable":true,"href":"https:\/\/mejorandotusaluddiaadia.com\/de\/wp-json\/wp\/v2\/comments?post=11"}],"version-history":[{"count":75,"href":"https:\/\/mejorandotusaluddiaadia.com\/de\/wp-json\/wp\/v2\/pages\/11\/revisions"}],"predecessor-version":[{"id":590,"href":"https:\/\/mejorandotusaluddiaadia.com\/de\/wp-json\/wp\/v2\/pages\/11\/revisions\/590"}],"wp:featuredmedia":[{"embeddable":true,"href":"https:\/\/mejorandotusaluddiaadia.com\/de\/wp-json\/wp\/v2\/media\/49"}],"wp:attachment":[{"href":"https:\/\/mejorandotusaluddiaadia.com\/de\/wp-json\/wp\/v2\/media?parent=11"}],"curies":[{"name":"wp","href":"https:\/\/api.w.org\/{rel}","templated":true}]}}