{"id":12,"date":"2021-09-13T07:36:55","date_gmt":"2021-09-13T07:36:55","guid":{"rendered":"http:\/\/w2254.proweaver2.site\/?page_id=12"},"modified":"2024-12-04T14:11:31","modified_gmt":"2024-12-04T14:11:31","slug":"medico-clinica-servicios","status":"publish","type":"page","link":"https:\/\/mejorandotusaluddiaadia.com\/de\/medico-clinica-servicios","title":{"rendered":"Dienstleistungen"},"content":{"rendered":"<div class=\"intro_txt\">Hochwertige Gesundheitsdienstleistungen durch ein Elite-Team von medizinischen Experten<\/div>\n<div class=\"wrapper\">\n<div class=\"serv_in\">\n<p>Improving Your Health Day By Day ist stolz darauf, qualitativ hochwertige Gesundheitsdienstleistungen anzubieten, die auf Ihre individuellen Gesundheitszust\u00e4nde zugeschnitten sind. Unser Ziel ist es, die Gesundheit zu f\u00f6rdern und die Lebensqualit\u00e4t unserer Patienten mit Integrit\u00e4t und Erfahrung zu bereichern. Unser Team zielt darauf ab, die Gesundheit zu f\u00f6rdern und Komplikationen vorzubeugen. Wir sind spezialisiert auf Naturheilkunde und dienen als exzellente Wellness-Coaches f\u00fcr unsere Patienten.<\/p>\n<div class=\"serv_list\">\n<ul>\n<li>\n<figure><img decoding=\"async\" src=\"[contenturl type=templateurl]\/images\/thumb-serv4.jpg\" alt=\"nurse check the patient health\"><figcaption><a href=\"naturopatia\"><span>Naturheilkunde<\/span><\/a><\/figcaption><\/figure>\n<\/li>\n<li>\n<figure><img decoding=\"async\" src=\"[contenturl type=templateurl]\/images\/thumb-serv1.jpg\" alt=\"professional tool stethoscope is in the table\"><figcaption><a href=\"homeopatia\"><span>Hom\u00f6opathie<\/span><\/a><\/figcaption><\/figure>\n<\/li>\n<li>\n<figure><img decoding=\"async\" src=\"[contenturl type=templateurl]\/images\/thumb-serv2.jpg\" alt=\"doctor and a patient talking each other\"><figcaption><a href=\"tranferceutical\"><span>Transferceutical<\/span><\/a><\/figcaption><\/figure>\n<\/li>\n<li>\n<figure><img decoding=\"async\" src=\"[contenturl type=templateurl]\/images\/thumb-serv3.jpg\" alt=\"doctor and a patient talking for the prescriptions\"><figcaption><a href=\"perfil-nutricional\"><span>N\u00e4hrwertprofil<\/span><\/a><\/figcaption><\/figure>\n<\/li>\n<li>\n<figure><img decoding=\"async\" src=\"[contenturl type=templateurl]\/images\/thumbnails\/thumb-178178567.jpg\" alt=\"Psychotherapist and patient in office\"><figcaption><a href=\"psicoterapia\"><span>Psychotherapie<\/span><\/a><\/figcaption><\/figure>\n<\/li>\n<li>\n<figure><img decoding=\"async\" src=\"[contenturl type=templateurl]\/images\/thumbnails\/thumb-224501419.jpg\" alt=\"Spacial classroom of disabled kids or autism\"><figcaption><a href=\"inmunilogia-aplicada-en-pacientes-con-autismo\"><span>Immunologie bei Patienten mit Autismus<\/span><\/a><\/figcaption><\/figure>\n<\/li>\n<\/ul>\n<\/div>\n<\/div>\n<\/div>\n","protected":false},"excerpt":{"rendered":"<p>Hochwertige Gesundheitsdienstleistungen durch ein Elite-Team von medizinischen Experten Improving Your Health Day By Day ist stolz darauf, qualitativ hochwertige Gesundheitsdienstleistungen anzubieten, die auf Ihre individuellen Gesundheitszust\u00e4nde zugeschnitten sind. Unser Ziel ist es, die Gesundheit zu f\u00f6rdern und die Lebensqualit\u00e4t unserer Patienten mit Integrit\u00e4t und Erfahrung zu bereichern. Unser Team zielt darauf ab, die Gesundheit zu [&hellip;]<\/p>\n","protected":false},"author":1,"featured_media":45,"parent":0,"menu_order":0,"comment_status":"closed","ping_status":"closed","template":"","meta":{"pgc_sgb_lightbox_settings":"","footnotes":""},"class_list":["post-12","page","type-page","status-publish","has-post-thumbnail","hentry"],"translation":{"provider":"WPGlobus","version":"2.8.8","language":"de","enabled_languages":["es","ct","en","fr","de","it","pt"],"languages":{"es":{"title":true,"content":true,"excerpt":false},"ct":{"title":true,"content":true,"excerpt":false},"en":{"title":true,"content":true,"excerpt":false},"fr":{"title":true,"content":true,"excerpt":false},"de":{"title":true,"content":true,"excerpt":false},"it":{"title":true,"content":true,"excerpt":false},"pt":{"title":true,"content":true,"excerpt":false}}},"yoast_head":"<!-- This site is optimized with the Yoast SEO plugin v15.9 - https:\/\/yoast.com\/wordpress\/plugins\/seo\/ -->\n<title>Dienstleistungen | Doctor\u2019s Clinic in BXL - Mejorando Tu Salud Dia A Dia<\/title>\n<meta name=\"robots\" content=\"index, follow, max-snippet:-1, max-image-preview:large, max-video-preview:-1\" \/>\n<link rel=\"canonical\" href=\"https:\/\/mejorandotusaluddiaadia.com\/medico-clinica-servicios\" \/>\n<meta property=\"og:locale\" content=\"de_DE\" \/>\n<meta property=\"og:type\" content=\"article\" \/>\n<meta property=\"og:title\" content=\"Dienstleistungen | Doctor\u2019s Clinic in BXL - Mejorando Tu Salud Dia A Dia\" \/>\n<meta property=\"og:url\" content=\"https:\/\/mejorandotusaluddiaadia.com\/medico-clinica-servicios\" \/>\n<meta property=\"og:site_name\" content=\"mejorandotusaluddialdia\" \/>\n<meta property=\"article:modified_time\" content=\"2024-12-04T14:11:31+00:00\" \/>\n<meta property=\"og:image\" content=\"https:\/\/mejorandotusaluddiaadia.com\/wp-content\/uploads\/2021\/09\/nonhome-155673656.jpg\" \/>\n\t<meta property=\"og:image:width\" content=\"1920\" \/>\n\t<meta property=\"og:image:height\" content=\"500\" \/>\n<meta name=\"twitter:card\" content=\"summary_large_image\" \/>\n<meta name=\"twitter:label1\" content=\"Est. reading time\">\n\t<meta name=\"twitter:data1\" content=\"2 minutes\">\n<script type=\"application\/ld+json\" class=\"yoast-schema-graph\">{\"@context\":\"https:\/\/schema.org\",\"@graph\":[{\"@type\":\"WebSite\",\"@id\":\"https:\/\/mejorandotusaluddiaadia.com\/#website\",\"url\":\"https:\/\/mejorandotusaluddiaadia.com\/\",\"name\":\"mejorandotusaluddialdia\",\"description\":\"\",\"potentialAction\":[{\"@type\":\"SearchAction\",\"target\":\"https:\/\/mejorandotusaluddiaadia.com\/?s={search_term_string}\",\"query-input\":\"required name=search_term_string\"}],\"inLanguage\":\"de-DE\"},{\"@type\":\"ImageObject\",\"@id\":\"https:\/\/mejorandotusaluddiaadia.com\/medico-clinica-servicios#primaryimage\",\"inLanguage\":\"de-DE\",\"url\":\"https:\/\/mejorandotusaluddiaadia.com\/wp-content\/uploads\/2021\/09\/nonhome-155673656.jpg\",\"width\":1920,\"height\":500,\"caption\":\"a male nurse showing thumbs up\"},{\"@type\":\"WebPage\",\"@id\":\"https:\/\/mejorandotusaluddiaadia.com\/medico-clinica-servicios#webpage\",\"url\":\"https:\/\/mejorandotusaluddiaadia.com\/medico-clinica-servicios\",\"name\":\"Dienstleistungen | Doctor\\u2019s Clinic in BXL - Mejorando Tu Salud Dia A Dia\",\"isPartOf\":{\"@id\":\"https:\/\/mejorandotusaluddiaadia.com\/#website\"},\"primaryImageOfPage\":{\"@id\":\"https:\/\/mejorandotusaluddiaadia.com\/medico-clinica-servicios#primaryimage\"},\"datePublished\":\"2021-09-13T07:36:55+00:00\",\"dateModified\":\"2024-12-04T14:11:31+00:00\",\"description\":\"Mejorando Tu Salud Dia A Dia is a trustworthy doctor\\u2019s clinic in Brussels. Learn more from our website.\",\"breadcrumb\":{\"@id\":\"https:\/\/mejorandotusaluddiaadia.com\/medico-clinica-servicios#breadcrumb\"},\"inLanguage\":\"de-DE\",\"potentialAction\":[{\"@type\":\"ReadAction\",\"target\":[\"https:\/\/mejorandotusaluddiaadia.com\/medico-clinica-servicios\"]}]},{\"@type\":\"BreadcrumbList\",\"@id\":\"https:\/\/mejorandotusaluddiaadia.com\/medico-clinica-servicios#breadcrumb\",\"itemListElement\":[{\"@type\":\"ListItem\",\"position\":1,\"item\":{\"@type\":\"WebPage\",\"@id\":\"https:\/\/mejorandotusaluddiaadia.com\/\",\"url\":\"https:\/\/mejorandotusaluddiaadia.com\/\",\"name\":\"Home\"}},{\"@type\":\"ListItem\",\"position\":2,\"item\":{\"@type\":\"WebPage\",\"@id\":\"https:\/\/mejorandotusaluddiaadia.com\/medico-clinica-servicios\",\"url\":\"https:\/\/mejorandotusaluddiaadia.com\/medico-clinica-servicios\",\"name\":\"Servicios\"}}]}]}<\/script>\n<!-- \/ Yoast SEO plugin. -->","_links":{"self":[{"href":"https:\/\/mejorandotusaluddiaadia.com\/de\/wp-json\/wp\/v2\/pages\/12","targetHints":{"allow":["GET"]}}],"collection":[{"href":"https:\/\/mejorandotusaluddiaadia.com\/de\/wp-json\/wp\/v2\/pages"}],"about":[{"href":"https:\/\/mejorandotusaluddiaadia.com\/de\/wp-json\/wp\/v2\/types\/page"}],"author":[{"embeddable":true,"href":"https:\/\/mejorandotusaluddiaadia.com\/de\/wp-json\/wp\/v2\/users\/1"}],"replies":[{"embeddable":true,"href":"https:\/\/mejorandotusaluddiaadia.com\/de\/wp-json\/wp\/v2\/comments?post=12"}],"version-history":[{"count":32,"href":"https:\/\/mejorandotusaluddiaadia.com\/de\/wp-json\/wp\/v2\/pages\/12\/revisions"}],"predecessor-version":[{"id":582,"href":"https:\/\/mejorandotusaluddiaadia.com\/de\/wp-json\/wp\/v2\/pages\/12\/revisions\/582"}],"wp:featuredmedia":[{"embeddable":true,"href":"https:\/\/mejorandotusaluddiaadia.com\/de\/wp-json\/wp\/v2\/media\/45"}],"wp:attachment":[{"href":"https:\/\/mejorandotusaluddiaadia.com\/de\/wp-json\/wp\/v2\/media?parent=12"}],"curies":[{"name":"wp","href":"https:\/\/api.w.org\/{rel}","templated":true}]}}