{"id":153,"date":"2021-09-15T18:48:14","date_gmt":"2021-09-15T18:48:14","guid":{"rendered":"https:\/\/w2254.proweaver2.site\/?page_id=153"},"modified":"2021-12-01T08:51:53","modified_gmt":"2021-12-01T08:51:53","slug":"perfil-nutricional","status":"publish","type":"page","link":"https:\/\/mejorandotusaluddiaadia.com\/de\/medico-clinica-servicios\/perfil-nutricional","title":{"rendered":"N\u00e4hrwertprofil"},"content":{"rendered":"<div class=\"intro_txt\">Unser Ziel ist Ihre optimale Gesundheit.<\/div>\n<p>Wir alle haben Ern\u00e4hrungsbed\u00fcrfnisse, die sich im Laufe der Jahrhunderte \u00e4ndern. Diese Ern\u00e4hrungsbed\u00fcrfnisse m\u00fcssen erf\u00fcllt werden, damit wir standhaft bleiben k\u00f6nnen, um mit unseren Routinen fortzufahren. Unsere medizinischen Fachkr\u00e4fte sammeln Daten \u00fcber Ihre Nahrungsaufnahme und stellen sicher, dass Sie die N\u00e4hrstoffe erhalten, die Sie ben\u00f6tigen. Wir helfen Ihnen bei der Auswahl der richtigen di\u00e4tetischen Produkte, die Sie ben\u00f6tigen, um Ihre Gesundheitsziele zu erreichen. Wir stellen sicher, dass wir Produkte mit hohem N\u00e4hrwert vorschlagen.<\/p>\n","protected":false},"excerpt":{"rendered":"<p>Unser Ziel ist Ihre optimale Gesundheit. Wir alle haben Ern\u00e4hrungsbed\u00fcrfnisse, die sich im Laufe der Jahrhunderte \u00e4ndern. Diese Ern\u00e4hrungsbed\u00fcrfnisse m\u00fcssen erf\u00fcllt werden, damit wir standhaft bleiben k\u00f6nnen, um mit unseren Routinen fortzufahren. Unsere medizinischen Fachkr\u00e4fte sammeln Daten \u00fcber Ihre Nahrungsaufnahme und stellen sicher, dass Sie die N\u00e4hrstoffe erhalten, die Sie ben\u00f6tigen. Wir helfen Ihnen bei [&hellip;]<\/p>\n","protected":false},"author":1,"featured_media":77,"parent":12,"menu_order":0,"comment_status":"closed","ping_status":"closed","template":"","meta":{"pgc_sgb_lightbox_settings":"","footnotes":""},"class_list":["post-153","page","type-page","status-publish","has-post-thumbnail","hentry"],"translation":{"provider":"WPGlobus","version":"2.8.8","language":"de","enabled_languages":["es","ct","en","fr","de","it","pt"],"languages":{"es":{"title":true,"content":true,"excerpt":false},"ct":{"title":true,"content":true,"excerpt":false},"en":{"title":true,"content":true,"excerpt":false},"fr":{"title":true,"content":true,"excerpt":false},"de":{"title":true,"content":true,"excerpt":false},"it":{"title":true,"content":true,"excerpt":false},"pt":{"title":true,"content":true,"excerpt":false}}},"yoast_head":"<!-- This site is optimized with the Yoast SEO plugin v15.9 - https:\/\/yoast.com\/wordpress\/plugins\/seo\/ -->\n<title>N\u00e4hrwertprofil | Doctor\u2019s Clinic in BXL - Mejorando Tu Salud Dia A Dia<\/title>\n<meta name=\"robots\" content=\"index, follow, max-snippet:-1, max-image-preview:large, max-video-preview:-1\" \/>\n<link rel=\"canonical\" href=\"https:\/\/mejorandotusaluddiaadia.com\/medico-clinica-servicios\/perfil-nutricional\" \/>\n<meta property=\"og:locale\" content=\"de_DE\" \/>\n<meta property=\"og:type\" content=\"article\" \/>\n<meta property=\"og:title\" content=\"N\u00e4hrwertprofil | Doctor\u2019s Clinic in BXL - Mejorando Tu Salud Dia A Dia\" \/>\n<meta property=\"og:url\" content=\"https:\/\/mejorandotusaluddiaadia.com\/medico-clinica-servicios\/perfil-nutricional\" \/>\n<meta property=\"og:site_name\" content=\"mejorandotusaluddialdia\" \/>\n<meta property=\"article:modified_time\" content=\"2021-12-01T08:51:53+00:00\" \/>\n<meta property=\"og:image\" content=\"https:\/\/mejorandotusaluddiaadia.com\/wp-content\/uploads\/2021\/09\/nonhome-3.jpg\" \/>\n\t<meta property=\"og:image:width\" content=\"1920\" \/>\n\t<meta property=\"og:image:height\" content=\"500\" \/>\n<meta name=\"twitter:card\" content=\"summary_large_image\" \/>\n<meta name=\"twitter:label1\" content=\"Est. reading time\">\n\t<meta name=\"twitter:data1\" content=\"1 minute\">\n<script type=\"application\/ld+json\" class=\"yoast-schema-graph\">{\"@context\":\"https:\/\/schema.org\",\"@graph\":[{\"@type\":\"WebSite\",\"@id\":\"https:\/\/mejorandotusaluddiaadia.com\/#website\",\"url\":\"https:\/\/mejorandotusaluddiaadia.com\/\",\"name\":\"mejorandotusaluddialdia\",\"description\":\"\",\"potentialAction\":[{\"@type\":\"SearchAction\",\"target\":\"https:\/\/mejorandotusaluddiaadia.com\/?s={search_term_string}\",\"query-input\":\"required name=search_term_string\"}],\"inLanguage\":\"de-DE\"},{\"@type\":\"ImageObject\",\"@id\":\"https:\/\/mejorandotusaluddiaadia.com\/medico-clinica-servicios\/perfil-nutricional#primaryimage\",\"inLanguage\":\"de-DE\",\"url\":\"https:\/\/mejorandotusaluddiaadia.com\/wp-content\/uploads\/2021\/09\/nonhome-3.jpg\",\"width\":1920,\"height\":500,\"caption\":\"doctor and a patient talking for the prescriptions\"},{\"@type\":\"WebPage\",\"@id\":\"https:\/\/mejorandotusaluddiaadia.com\/medico-clinica-servicios\/perfil-nutricional#webpage\",\"url\":\"https:\/\/mejorandotusaluddiaadia.com\/medico-clinica-servicios\/perfil-nutricional\",\"name\":\"N\\u00e4hrwertprofil | Doctor\\u2019s Clinic in BXL - Mejorando Tu Salud Dia A Dia\",\"isPartOf\":{\"@id\":\"https:\/\/mejorandotusaluddiaadia.com\/#website\"},\"primaryImageOfPage\":{\"@id\":\"https:\/\/mejorandotusaluddiaadia.com\/medico-clinica-servicios\/perfil-nutricional#primaryimage\"},\"datePublished\":\"2021-09-15T18:48:14+00:00\",\"dateModified\":\"2021-12-01T08:51:53+00:00\",\"description\":\"Mejorando Tu Salud Dia A Dia is a trustworthy doctor\\u2019s clinic in Brussels. Learn more from our website.\",\"breadcrumb\":{\"@id\":\"https:\/\/mejorandotusaluddiaadia.com\/medico-clinica-servicios\/perfil-nutricional#breadcrumb\"},\"inLanguage\":\"de-DE\",\"potentialAction\":[{\"@type\":\"ReadAction\",\"target\":[\"https:\/\/mejorandotusaluddiaadia.com\/medico-clinica-servicios\/perfil-nutricional\"]}]},{\"@type\":\"BreadcrumbList\",\"@id\":\"https:\/\/mejorandotusaluddiaadia.com\/medico-clinica-servicios\/perfil-nutricional#breadcrumb\",\"itemListElement\":[{\"@type\":\"ListItem\",\"position\":1,\"item\":{\"@type\":\"WebPage\",\"@id\":\"https:\/\/mejorandotusaluddiaadia.com\/\",\"url\":\"https:\/\/mejorandotusaluddiaadia.com\/\",\"name\":\"Home\"}},{\"@type\":\"ListItem\",\"position\":2,\"item\":{\"@type\":\"WebPage\",\"@id\":\"https:\/\/mejorandotusaluddiaadia.com\/medico-clinica-servicios\",\"url\":\"https:\/\/mejorandotusaluddiaadia.com\/medico-clinica-servicios\",\"name\":\"Servicios\"}},{\"@type\":\"ListItem\",\"position\":3,\"item\":{\"@type\":\"WebPage\",\"@id\":\"https:\/\/mejorandotusaluddiaadia.com\/medico-clinica-servicios\/perfil-nutricional\",\"url\":\"https:\/\/mejorandotusaluddiaadia.com\/medico-clinica-servicios\/perfil-nutricional\",\"name\":\"Nutritional Profile\"}}]}]}<\/script>\n<!-- \/ Yoast SEO plugin. -->","_links":{"self":[{"href":"https:\/\/mejorandotusaluddiaadia.com\/de\/wp-json\/wp\/v2\/pages\/153","targetHints":{"allow":["GET"]}}],"collection":[{"href":"https:\/\/mejorandotusaluddiaadia.com\/de\/wp-json\/wp\/v2\/pages"}],"about":[{"href":"https:\/\/mejorandotusaluddiaadia.com\/de\/wp-json\/wp\/v2\/types\/page"}],"author":[{"embeddable":true,"href":"https:\/\/mejorandotusaluddiaadia.com\/de\/wp-json\/wp\/v2\/users\/1"}],"replies":[{"embeddable":true,"href":"https:\/\/mejorandotusaluddiaadia.com\/de\/wp-json\/wp\/v2\/comments?post=153"}],"version-history":[{"count":11,"href":"https:\/\/mejorandotusaluddiaadia.com\/de\/wp-json\/wp\/v2\/pages\/153\/revisions"}],"predecessor-version":[{"id":320,"href":"https:\/\/mejorandotusaluddiaadia.com\/de\/wp-json\/wp\/v2\/pages\/153\/revisions\/320"}],"up":[{"embeddable":true,"href":"https:\/\/mejorandotusaluddiaadia.com\/de\/wp-json\/wp\/v2\/pages\/12"}],"wp:featuredmedia":[{"embeddable":true,"href":"https:\/\/mejorandotusaluddiaadia.com\/de\/wp-json\/wp\/v2\/media\/77"}],"wp:attachment":[{"href":"https:\/\/mejorandotusaluddiaadia.com\/de\/wp-json\/wp\/v2\/media?parent=153"}],"curies":[{"name":"wp","href":"https:\/\/api.w.org\/{rel}","templated":true}]}}