{"id":59,"date":"2021-09-14T05:36:14","date_gmt":"2021-09-14T05:36:14","guid":{"rendered":"https:\/\/w2254.proweaver2.site\/?page_id=59"},"modified":"2021-12-01T08:31:31","modified_gmt":"2021-12-01T08:31:31","slug":"naturopatia","status":"publish","type":"page","link":"https:\/\/mejorandotusaluddiaadia.com\/de\/medico-clinica-servicios\/naturopatia","title":{"rendered":"Naturheilkunde"},"content":{"rendered":"<div class=\"intro_txt\">Optimales Wohlbefinden durch nicht-invasive Medizin erreichen<\/div>\n<div class=\"wrapper\">\n<div class=\"serv_in\">\n<p>Die Naturheilkunde umfasst eine Vielzahl alternativer medizinischer Techniken. Ziel der Therapie ist es, die angeborene Heilf\u00e4higkeit des K\u00f6rpers zu stimulieren und seine Ausgleichsmechanismen zu erleichtern, um einen guten Gesundheitszustand zu erreichen.<\/p>\n<h2>Einige der Arten von Stun-Krankheit sind<\/h2>\n<ul class=\"bullet col2\">\n<li>Hom\u00f6opathie, Homotoxikologie und Isotherapie\n<li>Naturheilkundliche, biologische und integrative Medizin\n<li>Traditionelle Chinesische Medizin und Akupunktur\n<li>Ayurvedische Medizin (Traditionelle Medizin Indiens)\n<li>Phytotherapie\n<li>Chiromassage, Osteopathie und Chiropraktik\n<li>Spurenelemente\n<li>Bachbl\u00fcten\n<li>Aromatherapie\n<li>Fu\u00dfreflexzonenmassage\n<li>Iridologie\n<\/ul>\n<p>Es beinhaltet die Diagnose, Behandlung und Pr\u00e4vention von Gesundheitsst\u00f6rungen durch die Verwendung von nat\u00fcrlichen Therapien, Methoden und Materialien, die sein k\u00f6nnen: klinische Ern\u00e4hrung, Kr\u00e4utermedizin, Akupunktur, Hom\u00f6opathie oder alte medizinische Systeme, wie sie in China oder Indien verwendet werden.<\/p>\n<h2>Was kann mit Naturheilkunde oder biologischer Medizin behandelt werden?<\/h2>\n<p>Gegen jede Ver\u00e4nderung der Gesundheit, die das normale Funktionieren des K\u00f6rpers beeintr\u00e4chtigt, wirkt es auf der Grundlage der Potenzierung des Immunsystems, st\u00e4rkt den K\u00f6rper und bereitet ihn auf seine Genesung vor, wobei die Beziehung zwischen den verschiedenen Organen und Teilen des K\u00f6rpers zu ber\u00fccksichtigen ist.<\/p>\n<p>Durch die Einbeziehung verschiedener Techniken, die &#8211; von einer v\u00f6llig ganzheitlichen Vision &#8211; den menschlichen K\u00f6rper auf integrale Weise und nicht isoliert behandeln, wird ein breiterer Erholungseffekt in seiner maximalen Gesamtheit erreicht.<\/p>\n<p>Was die Art der Pathologien betrifft, auf die sie angewendet werden, gibt es solche aus allen Bereichen der Gesundheit, zum Beispiel:<\/p>\n<ul class=\"bullet col2\">\n<li>Knochen und Gelenke: Arthrose, Arthritis, Osteoporose, Bandscheibenvorf\u00e4lle, degenerative Erkrankungen von Knochen und Knorpel\n<li>Hautkrankheiten: Psoriasis, Dermatitis, Ekzeme, atopische Haut, Akne, Haarausfall\n<li>Sportpathologien: Sehnenentz\u00fcndung, Muskelverletzungen, schmerzhafte Schulter\n<li>Fibromyalgie und chronische M\u00fcdigkeit\n<li>Migr\u00e4ne\n<li>Allergien\n<li>Probleme des Verdauungssystems: Unvertr\u00e4glichkeiten, Candidiasis, Geschw\u00fcre, Hernien, Dyspepsien, Verstopfung, Bl\u00e4hungen usw.\n<li>Stress\n<li>Erkrankungen des Nervensystems: Angstzust\u00e4nde, Depressionen, Stress, Phobien, S\u00fcchte (Tabak und andere), Schlaflosigkeit, Restless-Legs-Syndrom\n<li>Hormonelle St\u00f6rungen bei Frauen: Menopause, unregelm\u00e4\u00dfige Menstruation, schmerzhafte Perioden\n<\/ul>\n<h2>Experte f\u00fcr aktive Zellern\u00e4hrung<\/h2>\n<p>Wir praktizieren mit Nahrungserg\u00e4nzungsmitteln und Spurenelementen<\/p>\n<\/div>\n<\/div>\n","protected":false},"excerpt":{"rendered":"<p>Optimales Wohlbefinden durch nicht-invasive Medizin erreichen Die Naturheilkunde umfasst eine Vielzahl alternativer medizinischer Techniken. Ziel der Therapie ist es, die angeborene Heilf\u00e4higkeit des K\u00f6rpers zu stimulieren und seine Ausgleichsmechanismen zu erleichtern, um einen guten Gesundheitszustand zu erreichen. Einige der Arten von Stun-Krankheit sind Hom\u00f6opathie, Homotoxikologie und Isotherapie Naturheilkundliche, biologische und integrative Medizin Traditionelle Chinesische Medizin [&hellip;]<\/p>\n","protected":false},"author":1,"featured_media":78,"parent":12,"menu_order":0,"comment_status":"closed","ping_status":"closed","template":"","meta":{"pgc_sgb_lightbox_settings":"","footnotes":""},"class_list":["post-59","page","type-page","status-publish","has-post-thumbnail","hentry"],"translation":{"provider":"WPGlobus","version":"2.8.8","language":"de","enabled_languages":["es","ct","en","fr","de","it","pt"],"languages":{"es":{"title":true,"content":true,"excerpt":false},"ct":{"title":true,"content":true,"excerpt":false},"en":{"title":true,"content":true,"excerpt":false},"fr":{"title":true,"content":true,"excerpt":false},"de":{"title":true,"content":true,"excerpt":false},"it":{"title":true,"content":true,"excerpt":false},"pt":{"title":true,"content":true,"excerpt":false}}},"yoast_head":"<!-- This site is optimized with the Yoast SEO plugin v15.9 - https:\/\/yoast.com\/wordpress\/plugins\/seo\/ -->\n<title>Naturheilkunde | Doctor\u2019s Clinic in BXL - Mejorando Tu Salud Dia A Dia<\/title>\n<meta name=\"robots\" content=\"index, follow, max-snippet:-1, max-image-preview:large, max-video-preview:-1\" \/>\n<link rel=\"canonical\" href=\"https:\/\/mejorandotusaluddiaadia.com\/medico-clinica-servicios\/naturopatia\" \/>\n<meta property=\"og:locale\" content=\"de_DE\" \/>\n<meta property=\"og:type\" content=\"article\" \/>\n<meta property=\"og:title\" content=\"Naturheilkunde | Doctor\u2019s Clinic in BXL - Mejorando Tu Salud Dia A Dia\" \/>\n<meta property=\"og:url\" content=\"https:\/\/mejorandotusaluddiaadia.com\/medico-clinica-servicios\/naturopatia\" \/>\n<meta property=\"og:site_name\" content=\"mejorandotusaluddialdia\" \/>\n<meta property=\"article:modified_time\" content=\"2021-12-01T08:31:31+00:00\" \/>\n<meta property=\"og:image\" content=\"https:\/\/mejorandotusaluddiaadia.com\/wp-content\/uploads\/2021\/09\/nonhome-4.jpg\" \/>\n\t<meta property=\"og:image:width\" content=\"1920\" \/>\n\t<meta property=\"og:image:height\" content=\"500\" \/>\n<meta name=\"twitter:card\" content=\"summary_large_image\" \/>\n<meta name=\"twitter:label1\" content=\"Est. reading time\">\n\t<meta name=\"twitter:data1\" content=\"2 minutes\">\n<script type=\"application\/ld+json\" class=\"yoast-schema-graph\">{\"@context\":\"https:\/\/schema.org\",\"@graph\":[{\"@type\":\"WebSite\",\"@id\":\"https:\/\/mejorandotusaluddiaadia.com\/#website\",\"url\":\"https:\/\/mejorandotusaluddiaadia.com\/\",\"name\":\"mejorandotusaluddialdia\",\"description\":\"\",\"potentialAction\":[{\"@type\":\"SearchAction\",\"target\":\"https:\/\/mejorandotusaluddiaadia.com\/?s={search_term_string}\",\"query-input\":\"required name=search_term_string\"}],\"inLanguage\":\"de-DE\"},{\"@type\":\"ImageObject\",\"@id\":\"https:\/\/mejorandotusaluddiaadia.com\/medico-clinica-servicios\/naturopatia#primaryimage\",\"inLanguage\":\"de-DE\",\"url\":\"https:\/\/mejorandotusaluddiaadia.com\/wp-content\/uploads\/2021\/09\/nonhome-4.jpg\",\"width\":1920,\"height\":500,\"caption\":\"nurse check the patient health\"},{\"@type\":\"WebPage\",\"@id\":\"https:\/\/mejorandotusaluddiaadia.com\/medico-clinica-servicios\/naturopatia#webpage\",\"url\":\"https:\/\/mejorandotusaluddiaadia.com\/medico-clinica-servicios\/naturopatia\",\"name\":\"Naturheilkunde | Doctor\\u2019s Clinic in BXL - Mejorando Tu Salud Dia A Dia\",\"isPartOf\":{\"@id\":\"https:\/\/mejorandotusaluddiaadia.com\/#website\"},\"primaryImageOfPage\":{\"@id\":\"https:\/\/mejorandotusaluddiaadia.com\/medico-clinica-servicios\/naturopatia#primaryimage\"},\"datePublished\":\"2021-09-14T05:36:14+00:00\",\"dateModified\":\"2021-12-01T08:31:31+00:00\",\"description\":\"Mejorando Tu Salud Dia A Dia is a trustworthy doctor\\u2019s clinic in Brussels. Learn more from our website.\",\"breadcrumb\":{\"@id\":\"https:\/\/mejorandotusaluddiaadia.com\/medico-clinica-servicios\/naturopatia#breadcrumb\"},\"inLanguage\":\"de-DE\",\"potentialAction\":[{\"@type\":\"ReadAction\",\"target\":[\"https:\/\/mejorandotusaluddiaadia.com\/medico-clinica-servicios\/naturopatia\"]}]},{\"@type\":\"BreadcrumbList\",\"@id\":\"https:\/\/mejorandotusaluddiaadia.com\/medico-clinica-servicios\/naturopatia#breadcrumb\",\"itemListElement\":[{\"@type\":\"ListItem\",\"position\":1,\"item\":{\"@type\":\"WebPage\",\"@id\":\"https:\/\/mejorandotusaluddiaadia.com\/\",\"url\":\"https:\/\/mejorandotusaluddiaadia.com\/\",\"name\":\"Home\"}},{\"@type\":\"ListItem\",\"position\":2,\"item\":{\"@type\":\"WebPage\",\"@id\":\"https:\/\/mejorandotusaluddiaadia.com\/medico-clinica-servicios\",\"url\":\"https:\/\/mejorandotusaluddiaadia.com\/medico-clinica-servicios\",\"name\":\"Servicios\"}},{\"@type\":\"ListItem\",\"position\":3,\"item\":{\"@type\":\"WebPage\",\"@id\":\"https:\/\/mejorandotusaluddiaadia.com\/medico-clinica-servicios\/naturopatia\",\"url\":\"https:\/\/mejorandotusaluddiaadia.com\/medico-clinica-servicios\/naturopatia\",\"name\":\"Naturopathy\"}}]}]}<\/script>\n<!-- \/ Yoast SEO plugin. -->","_links":{"self":[{"href":"https:\/\/mejorandotusaluddiaadia.com\/de\/wp-json\/wp\/v2\/pages\/59","targetHints":{"allow":["GET"]}}],"collection":[{"href":"https:\/\/mejorandotusaluddiaadia.com\/de\/wp-json\/wp\/v2\/pages"}],"about":[{"href":"https:\/\/mejorandotusaluddiaadia.com\/de\/wp-json\/wp\/v2\/types\/page"}],"author":[{"embeddable":true,"href":"https:\/\/mejorandotusaluddiaadia.com\/de\/wp-json\/wp\/v2\/users\/1"}],"replies":[{"embeddable":true,"href":"https:\/\/mejorandotusaluddiaadia.com\/de\/wp-json\/wp\/v2\/comments?post=59"}],"version-history":[{"count":11,"href":"https:\/\/mejorandotusaluddiaadia.com\/de\/wp-json\/wp\/v2\/pages\/59\/revisions"}],"predecessor-version":[{"id":300,"href":"https:\/\/mejorandotusaluddiaadia.com\/de\/wp-json\/wp\/v2\/pages\/59\/revisions\/300"}],"up":[{"embeddable":true,"href":"https:\/\/mejorandotusaluddiaadia.com\/de\/wp-json\/wp\/v2\/pages\/12"}],"wp:featuredmedia":[{"embeddable":true,"href":"https:\/\/mejorandotusaluddiaadia.com\/de\/wp-json\/wp\/v2\/media\/78"}],"wp:attachment":[{"href":"https:\/\/mejorandotusaluddiaadia.com\/de\/wp-json\/wp\/v2\/media?parent=59"}],"curies":[{"name":"wp","href":"https:\/\/api.w.org\/{rel}","templated":true}]}}