{"id":11,"date":"2021-09-13T07:36:55","date_gmt":"2021-09-13T07:36:55","guid":{"rendered":"http:\/\/w2254.proweaver2.site\/?page_id=11"},"modified":"2025-02-22T15:31:25","modified_gmt":"2025-02-22T15:31:25","slug":"medico-clinica-acerca-de-nosotros","status":"publish","type":"page","link":"https:\/\/mejorandotusaluddiaadia.com\/fr\/medico-clinica-acerca-de-nosotros","title":{"rendered":"Pr\u00e8s de nous"},"content":{"rendered":"<div class=\"intro_txt\">Des services de qualit\u00e9 \u00e0 Bruxelles, Belgique<\/div>\n<div class=\"wrapper\">\n<div class=\"about_in\">\n<div class=\"nh_mv\">\n<div id=\"mission\" class=\"nh_m\">\n<h5> Mission <\/h5>\n<p>La mission d&#8217;Mejorando Tu Salud D\u00eda A D\u00eda est de fournir des services de sant\u00e9 adapt\u00e9s aux besoins et aux demandes de nos patients, soutenus par notre capital humain, l&#8217;excellence des soins et la recherche de technologies de pointe, le tout bas\u00e9 sur les principes de la m\u00e9decine naturelle. , dans la pr\u00e9vention des maladies et dans la gestion de th\u00e9rapeutiques compl\u00e9mentaires, plus humaines et affectives. Le patient est la raison la plus importante pour notre clinique et ce principe pr\u00e9vaudra dans toute relation ou service fourni \u00e0 la communaut\u00e9.<\/p>\n<\/div>\n<div class=\"nh_v\">\n<h5> Vue <\/h5>\n<p>La vision d&#8217;Mejorando Tu Salud D\u00eda A D\u00eda est une nouvelle dimension du concept de m\u00e9decine naturelle, bas\u00e9e sur la sant\u00e9 et le bien-\u00eatre physique, mental, \u00e9motionnel, spirituel, social et environnemental.<\/p>\n<\/div>\n<\/div>\n<div class=\"nh_middle_con\">\n<p>Mejorando Tu Salud D\u00eda A D\u00eda a \u00e9t\u00e9 inaugur\u00e9 en 2021. La philosophie de ce cabinet est d&#8217;accorder une attention personnalis\u00e9e et de qualit\u00e9 aux patients, en pr\u00e9servant toujours leur int\u00e9grit\u00e9. Au fil des ann\u00e9es d&#8217;exp\u00e9riences, j&#8217;ai compris que les m\u00e9dicaments ne gu\u00e9rissent aucune pathologie, mais au contraire revendiquent lesdites pathologies.<\/p>\n<h3> Mejorando Tu Salud D\u00eda A D\u00eda au quotidien <\/h3>\n<ul>\n<li>\n<h2> Service <\/h2>\n<p>Nous sommes toujours pr\u00eats \u00e0 satisfaire les attentes de nos clients et utilisateurs gr\u00e2ce \u00e0 l&#8217;am\u00e9lioration continue de l&#8217;attention et de l&#8217;engagement de notre \u00e9quipe humaine. <\/li>\n<li>\n<h2> Engagement <\/h2>\n<p>Ex\u00e9cuter ce qui est promis ou convenu\u00a0; Obligation acquise pour r\u00e9aliser de bonnes performances et m\u00e9riter de la cr\u00e9dibilit\u00e9. <\/li>\n<li>\n<h2> Respecter <\/h2>\n<p>Attitude de compr\u00e9hension envers les autres qui nous permet de les traiter avec consid\u00e9ration et tol\u00e9rance. <\/li>\n<li>\n<h2> Discipline <\/h2>\n<p>Observation permanente et par conviction de comportements corrects et socialement accept\u00e9s pour parvenir \u00e0 la coexistence d&#8217;un groupe humain. <\/li>\n<li>\n<h2> Sensibilit\u00e9 <\/h2>\n<p>Notre fa\u00e7on d&#8217;agir et de travailler est coh\u00e9rente avec nos principes et nos valeurs, g\u00e9n\u00e9rant ainsi une confiance envers notre attitude et notre travail de la part des clients et des utilisateurs. <\/li>\n<li>\n<h2> Honn\u00eatet\u00e9 <\/h2>\n<p>Notre fa\u00e7on d&#8217;agir et de travailler est coh\u00e9rente avec nos principes et nos valeurs, g\u00e9n\u00e9rant ainsi une confiance envers notre attitude et notre travail de la part des clients et des utilisateurs. <\/li>\n<\/ul>\n<\/div>\n<div class=\"nh_bottom_con\">\n<h2>LUne histoire<\/h2>\n<section id=\"francisco\">\n<figure><img decoding=\"async\" class=\"thumb_right_dr\" src=\"[contenturl type=templateurl]\/images\/francisco.jpg\" alt=\"Francisco Fern\u00e1ndez\" \/><\/figure>\n<h3>Dr. Francisco Fern\u00e1ndez<\/h3>\n<p>Mon nom est <span class=\"comp\">Francisco Fern\u00e1ndez<\/span> Je suis n\u00e9 \u00e0 Caracas (Venezuela) District f\u00e9d\u00e9ral de la capitale, depuis que je suis petit, j&#8217;ai toujours aim\u00e9 le sport, donc depuis tout petit j&#8217;ai commenc\u00e9 \u00e0 \u00e9tudier les arts martiaux et en voyant les multiples le\u00e7ons qui \u00e9taient produites lors des entra\u00eenements et des tournois, j&#8217;ai d\u00e9cid\u00e9 d&#8217;entrer \u00e0 la facult\u00e9 de sciences de la sant\u00e9 de l&#8217;universit\u00e9 centrale du Venezuela, une fois de retour, je commence \u00e0 travailler dans divers h\u00f4pitaux du pays, d&#8217;abord \u00e0 Caracas puis \u00e0 l&#8217;int\u00e9rieur du pays Aragua o\u00f9 je travaille \u00e0 l&#8217;h\u00f4pital g\u00e9n\u00e9ral de Maracay en urgence, clinique calicanto dans la sant\u00e9 unit\u00e9 de pr\u00e9vention chez les patients diab\u00e9tiques, et dans les ambulances des services m\u00e9dicaux sermedica \u00e0 vie.<\/p>\n<p>Plus tard, j&#8217;ai d\u00e9m\u00e9nag\u00e9 en Espagne o\u00f9 je poursuis mon travail dans divers h\u00f4pitaux et o\u00f9 je fais une sp\u00e9cialit\u00e9 en oncologie et soins palliatifs \u00e0 l&#8217;Universit\u00e9 d&#8217;Alcal\u00e1 de Henares, et diverses formations dans divers domaines de la sant\u00e9, puis je d\u00e9m\u00e9nage \u00e0 Bruxelles o\u00f9 je travaille dans divers lieux tels qu&#8217;un centre psychiatrique et alcoolique, des maisons de retraite m\u00e9dicalis\u00e9es, un h\u00f4pital g\u00e9n\u00e9ral puis un h\u00f4pital sp\u00e9cialis\u00e9 en oncologie.<\/p>\n<p>Compte tenu de la carence en m\u00e9dicaments, j&#8217;ai d\u00e9cid\u00e9 d&#8217;entreprendre des \u00e9tudes dans le domaine de la naturopathie et de l&#8217;hom\u00e9opathie \u00e0 travers l&#8217;Universit\u00e9 Miguel de Cervantes et l&#8217;Institut Euronova, ainsi qu&#8217;une formation en m\u00e9decine nutritionnelle cellulaire active o\u00f9 j&#8217;ai fait un master dans cette sp\u00e9cialit\u00e9, ce que j&#8217;aime et je vois qu&#8217;avec la m\u00e9decine int\u00e9grative, nous pouvons aider beaucoup de gens.<\/p>\n<ul class=\"nh_social_media\">\n<li><a href=\"https:\/\/www.facebook.com\/Mejorando-tu-Salud-Dia-al-Dia-106848211358110\/\" target=\"_blank\" rel=\"noopener\"> <\/a><br \/>\n<figure><img decoding=\"async\" src=\"[contenturl type=templateurl]\/images\/nh_fb_icon.png\" alt=\"facebook\" \/><\/figure>\n<\/li>\n<li><a href=\"https:\/\/www.twitter.com\" target=\"_blank\" rel=\"noopener\"> <\/a><br \/>\n<figure><img decoding=\"async\" src=\"[contenturl type=templateurl]\/images\/nh_instagram_icon.png\" alt=\"instagram\" \/><\/figure>\n<\/li>\n<\/ul>\n<p>Num\u00e9ro WhatsApp\u00a0: <mark>+32486315795<\/mark><\/p>\n<\/section>\n<section class=\"green_bg\">\n<figure><img decoding=\"async\" class=\"thumb_left_dr\" src=\"[contenturl type=templateurl]\/images\/neo.jpg\" alt=\"Neomar Sempr\u00fan-Hern\u00e1ndez\" \/><\/figure>\n<h3>Neomar Sempr\u00fan-Hern\u00e1ndez LPC<\/h3>\n<p><strong>Le professeur Neomar est<\/strong> Biologiste &#8211; Immunologue, scientifique bas\u00e9 sur des preuves scientifiques avec 16 ans d&#8217;exp\u00e9rience dans l&#8217;investigation de l&#8217;immunoneurogastrom\u00e9tabolisme et de nouveaux traitements dans la gestion des troubles du spectre autistique (TSA), compl\u00e9t\u00e9e par des recherches en immunomycologie et en maladies infectieuses. Il est un conseiller en sant\u00e9 fond\u00e9 sur des donn\u00e9es probantes pour les parents d&#8217;enfants atteints de TSA et de toute pathologie associ\u00e9e \u00e0 l&#8217;inflammation. Il favorise la consommation d&#8217;un r\u00e9gime immunomodulateur et l&#8217;utilisation d&#8217;immunomodulateurs qu&#8217;il \u00e9labore, avec son \u00e9quipe, individuellement pour chaque conseill\u00e9 et patient. Il a \u00e9t\u00e9 professeur d&#8217;universit\u00e9 dans plusieurs pays d&#8217;Am\u00e9rique latine o\u00f9 il a activement collabor\u00e9 en tant que mentor aupr\u00e8s de jeunes chercheurs. Il est membre de soci\u00e9t\u00e9s scientifiques internationales occupant des postes de direction. Il est critique dans des revues scientifiques, auteur de publications scientifiques et conf\u00e9rencier invit\u00e9 sur la bio-approche globale des TSA. Aussi, un lecteur avide, un athl\u00e8te et un causeur divertissant sur des sujets d&#8217;histoire.<\/p>\n<p>Il est actuellement Directeur Ex\u00e9cutif (PDG) de l&#8217;Unit\u00e9 d&#8217;Immunologie &#8220;Professeur Nola Montiel&#8221; o\u00f9, avec son \u00e9quipe, ils r\u00e9alisent des consultations de r\u00e9seautage m\u00e9dical, nutritionnel, g\u00e9n\u00e9tique et scientifique ; Ils donnent des ateliers et des cours de Master pour les parents et les professionnels et produisent des preuves qu&#8217;ils publient p\u00e9riodiquement.<\/p>\n<p>courrier \u00e9lectronique: <a href=\"mailto:neomar.semprun@gmail.com\">neomar.semprun@gmail.com<\/a><\/p>\n<\/section>\n<section>\n<figure><img decoding=\"async\" class=\"thumb_right_dr\" src=\"[contenturl type=templateurl]\/images\/damaris.jpg\" alt=\"Damaris Cort\u00e9s-Figueroa\" \/><\/figure>\n<h3>Damaris Cortes-Figueroa LPC, MS\/P, NCC<\/h3>\n<p>Damaris Cort\u00e9s-Figueroa parle trois (3) langues : l&#8217;anglais, l&#8217;espagnol et la langue des signes am\u00e9ricaine (ASL). Damaris est n\u00e9e \u00e0 Porto Rico et a d\u00e9m\u00e9nag\u00e9 aux \u00c9tats-Unis \u00e0 l&#8217;\u00e2ge de 18 ans. Damaris aime \u00e9couter et parler aux gens. Votre objectif est de les guider pour identifier leurs points forts et faire ce qu&#8217;ils aiment. Cela aide \u00e9galement les gens \u00e0 identifier leurs faiblesses et les encourage \u00e0 voir le positif du n\u00e9gatif.<\/p>\n<p><strong>Dipl\u00f4mes et ant\u00e9c\u00e9dents<\/strong><br \/>\nDamaris Cort\u00e9s Figueroa a obtenu sa ma\u00eetrise \u00e8s sciences en psychologie de l&#8217;Universit\u00e9 de Phoenix en juillet 2013, elle a \u00e9galement obtenu sa ma\u00eetrise \u00e8s sciences dans le programme de conseil de l&#8217;Universit\u00e9 Liberty. Damaris est dipl\u00f4m\u00e9 Magna Cum Laude des deux programmes. Damaris a \u00e9galement obtenu son baccalaur\u00e9at en psychologie de l&#8217;Universit\u00e9 de Phoenix en 2011, avec une moyenne cumulative de 3,9. En 2009, elle a compl\u00e9t\u00e9 sa sp\u00e9cialisation en arts en gestion des services \u00e0 la personne \/ travail social. En 2014, Damaris a obtenu la certification de conseiller national (NCC).<\/p>\n<p>Au cours de son programme d&#8217;\u00e9tudes sup\u00e9rieures, il a effectu\u00e9 un stage de six ans chez Access Family Services \u00e0 Asheville, en Caroline du Nord. L\u00e0, il a travaill\u00e9 avec des enfants et des adultes de tous \u00e2ges. Th\u00e9rapie individuelle et familiale offerte aux clients sans distinction de sexe, de race ou de statut socio-\u00e9conomique. Ses clients \u00e9taient des enfants (2 ans et plus), des adolescents, des adultes, des couples et des familles. Les diverses populations et situations auxquelles il a \u00e9t\u00e9 confront\u00e9 sont les probl\u00e8mes \u00e9motionnels, les traumatismes, l&#8217;anxi\u00e9t\u00e9, la d\u00e9pression, le travail de deuil, le TSPT, le TDAH et la formation parentale, entre autres.<\/p>\n<p>Th\u00e9rapie individuelle offerte aux adultes de la communaut\u00e9 pr\u00e9sentant divers diagnostics de sant\u00e9 mentale, notamment l&#8217;anxi\u00e9t\u00e9, la d\u00e9pression, le trouble bipolaire et les troubles de la personnalit\u00e9. Elle a \u00e9galement co-anim\u00e9 un groupe hebdomadaire sur la sant\u00e9 mentale de l&#8217;enfant ax\u00e9 sur le trouble d\u00e9ficitaire de l&#8217;attention avec hyperactivit\u00e9 (TDAH), le trouble d\u00e9pressif majeur (MDD) et les groupes de violence domestique. En tant que LPCA, elle a travaill\u00e9 avec des jeunes en fournissant des services intensifs \u00e0 domicile et en tant que th\u00e9rapeute ambulatoire pour les enfants et les adultes.<\/p>\n<p>Actuellement, Damaris a effectu\u00e9 plus de quatre mille cinq cents (4 500) heures de counseling\/psychoth\u00e9rapie supervis\u00e9e pour son conseiller professionnel agr\u00e9\u00e9 (LCMHC)\/licenci\u00e9. Damaris travaille en tant que conseiller ambulatoire \/ scolaire, au service des enfants et des adultes. Certains des probl\u00e8mes qu&#8217;il aborde actuellement comprennent : la compr\u00e9hension et la gestion de l&#8217;anxi\u00e9t\u00e9, les comportements difficiles, le trouble bipolaire, les troubles du spectre autistique (TSA), le trouble d\u00e9ficitaire de l&#8217;attention avec hyperactivit\u00e9 (TDAH), ainsi que la navigation dans une nouvelle sant\u00e9 mentale et\/ou physique. diagnostic. Il travaille \u00e9galement avec des clients qui ont v\u00e9cu ou vivent un divorce, un deuil, la toxicomanie, la toxicomanie et la d\u00e9pression.<\/p>\n<p>L&#8217;orientation th\u00e9orique de Damaris est inclusive. Elle est fortement influenc\u00e9e par les approches cognitivo-comportementales, dialectiques-comportementales et centr\u00e9es sur la personne et les solutions en mati\u00e8re de conseil. Elle recherche une relation s\u00fbre, \u00e9thique et coh\u00e9rente avec ses clients tout en mettant le client au d\u00e9fi d&#8217;observer les fa\u00e7ons dont la pens\u00e9e du client a un impact sur son monde. L&#8217;objectif de Damaris est d&#8217;aider ses clients \u00e0 acqu\u00e9rir de l&#8217;autonomie et de l&#8217;ind\u00e9pendance dans leur vie quotidienne tout en travaillant dur pour atteindre leurs objectifs identifi\u00e9s.<\/p>\n<p>Les domaines de comp\u00e9tence de Damaris comprennent\u00a0: la th\u00e9rapie cognitivo-comportementale (TCC), les techniques comportementales dialectiques, le triple P, la psycho\u00e9ducation, la th\u00e9rapie par le jeu, les techniques de respiration, les techniques d&#8217;ancrage et l&#8217;am\u00e9lioration des relations.<\/p>\n<p>T\u00e9l\u00e9phone\u00a0: <mark> 828-489-7002 <\/mark><br \/>\ncourrier \u00e9lectronique: <a href=\"mailto:damaris@dcwellnessinc.org\">damaris@dcwellnessinc.org<\/a><\/p>\n<\/section>\n<\/div>\n<\/div>\n<\/div>\n","protected":false},"excerpt":{"rendered":"<p>Des services de qualit\u00e9 \u00e0 Bruxelles, Belgique Mission La mission d&#8217;Mejorando Tu Salud D\u00eda A D\u00eda est de fournir des services de sant\u00e9 adapt\u00e9s aux besoins et aux demandes de nos patients, soutenus par notre capital humain, l&#8217;excellence des soins et la recherche de technologies de pointe, le tout bas\u00e9 sur les principes de la [&hellip;]<\/p>\n","protected":false},"author":1,"featured_media":49,"parent":0,"menu_order":0,"comment_status":"closed","ping_status":"closed","template":"","meta":{"pgc_sgb_lightbox_settings":"","footnotes":""},"class_list":["post-11","page","type-page","status-publish","has-post-thumbnail","hentry"],"translation":{"provider":"WPGlobus","version":"2.8.8","language":"fr","enabled_languages":["es","ct","en","fr","de","it","pt"],"languages":{"es":{"title":true,"content":true,"excerpt":false},"ct":{"title":true,"content":true,"excerpt":false},"en":{"title":true,"content":true,"excerpt":false},"fr":{"title":true,"content":true,"excerpt":false},"de":{"title":true,"content":true,"excerpt":false},"it":{"title":true,"content":true,"excerpt":false},"pt":{"title":true,"content":true,"excerpt":false}}},"yoast_head":"<!-- This site is optimized with the Yoast SEO plugin v15.9 - https:\/\/yoast.com\/wordpress\/plugins\/seo\/ -->\n<title>Pr\u00e8s de nous | Doctor\u2019s Clinic in BXL - Mejorando Tu Salud Dia A Dia<\/title>\n<meta name=\"robots\" content=\"index, follow, max-snippet:-1, max-image-preview:large, max-video-preview:-1\" \/>\n<link rel=\"canonical\" href=\"https:\/\/mejorandotusaluddiaadia.com\/medico-clinica-acerca-de-nosotros\" \/>\n<meta property=\"og:locale\" content=\"fr_FR\" \/>\n<meta property=\"og:type\" content=\"article\" \/>\n<meta property=\"og:title\" content=\"Pr\u00e8s de nous | Doctor\u2019s Clinic in BXL - Mejorando Tu Salud Dia A Dia\" \/>\n<meta property=\"og:url\" content=\"https:\/\/mejorandotusaluddiaadia.com\/medico-clinica-acerca-de-nosotros\" \/>\n<meta property=\"og:site_name\" content=\"mejorandotusaluddialdia\" \/>\n<meta property=\"article:modified_time\" content=\"2025-02-22T15:31:25+00:00\" \/>\n<meta property=\"og:image\" content=\"https:\/\/mejorandotusaluddiaadia.com\/wp-content\/uploads\/2021\/09\/non-home-1208448841.jpg\" \/>\n\t<meta property=\"og:image:width\" content=\"1920\" \/>\n\t<meta property=\"og:image:height\" content=\"500\" \/>\n<meta name=\"twitter:card\" content=\"summary_large_image\" \/>\n<meta name=\"twitter:label1\" content=\"Est. reading time\">\n\t<meta name=\"twitter:data1\" content=\"7 minutes\">\n<script type=\"application\/ld+json\" class=\"yoast-schema-graph\">{\"@context\":\"https:\/\/schema.org\",\"@graph\":[{\"@type\":\"WebSite\",\"@id\":\"https:\/\/mejorandotusaluddiaadia.com\/#website\",\"url\":\"https:\/\/mejorandotusaluddiaadia.com\/\",\"name\":\"mejorandotusaluddialdia\",\"description\":\"\",\"potentialAction\":[{\"@type\":\"SearchAction\",\"target\":\"https:\/\/mejorandotusaluddiaadia.com\/?s={search_term_string}\",\"query-input\":\"required name=search_term_string\"}],\"inLanguage\":\"fr-FR\"},{\"@type\":\"ImageObject\",\"@id\":\"https:\/\/mejorandotusaluddiaadia.com\/medico-clinica-acerca-de-nosotros#primaryimage\",\"inLanguage\":\"fr-FR\",\"url\":\"https:\/\/mejorandotusaluddiaadia.com\/wp-content\/uploads\/2021\/09\/non-home-1208448841.jpg\",\"width\":1920,\"height\":500,\"caption\":\"a female nurse smiling\"},{\"@type\":\"WebPage\",\"@id\":\"https:\/\/mejorandotusaluddiaadia.com\/medico-clinica-acerca-de-nosotros#webpage\",\"url\":\"https:\/\/mejorandotusaluddiaadia.com\/medico-clinica-acerca-de-nosotros\",\"name\":\"Pr\\u00e8s de nous | Doctor\\u2019s Clinic in BXL - Mejorando Tu Salud Dia A Dia\",\"isPartOf\":{\"@id\":\"https:\/\/mejorandotusaluddiaadia.com\/#website\"},\"primaryImageOfPage\":{\"@id\":\"https:\/\/mejorandotusaluddiaadia.com\/medico-clinica-acerca-de-nosotros#primaryimage\"},\"datePublished\":\"2021-09-13T07:36:55+00:00\",\"dateModified\":\"2025-02-22T15:31:25+00:00\",\"description\":\"Mejorando Tu Salud Dia A Dia es un consultorio en Bruselas, Belgica. Learn more from our website.\",\"breadcrumb\":{\"@id\":\"https:\/\/mejorandotusaluddiaadia.com\/medico-clinica-acerca-de-nosotros#breadcrumb\"},\"inLanguage\":\"fr-FR\",\"potentialAction\":[{\"@type\":\"ReadAction\",\"target\":[\"https:\/\/mejorandotusaluddiaadia.com\/medico-clinica-acerca-de-nosotros\"]}]},{\"@type\":\"BreadcrumbList\",\"@id\":\"https:\/\/mejorandotusaluddiaadia.com\/medico-clinica-acerca-de-nosotros#breadcrumb\",\"itemListElement\":[{\"@type\":\"ListItem\",\"position\":1,\"item\":{\"@type\":\"WebPage\",\"@id\":\"https:\/\/mejorandotusaluddiaadia.com\/\",\"url\":\"https:\/\/mejorandotusaluddiaadia.com\/\",\"name\":\"Home\"}},{\"@type\":\"ListItem\",\"position\":2,\"item\":{\"@type\":\"WebPage\",\"@id\":\"https:\/\/mejorandotusaluddiaadia.com\/medico-clinica-acerca-de-nosotros\",\"url\":\"https:\/\/mejorandotusaluddiaadia.com\/medico-clinica-acerca-de-nosotros\",\"name\":\"Acerca de Nosotros\"}}]}]}<\/script>\n<!-- \/ Yoast SEO plugin. -->","_links":{"self":[{"href":"https:\/\/mejorandotusaluddiaadia.com\/fr\/wp-json\/wp\/v2\/pages\/11","targetHints":{"allow":["GET"]}}],"collection":[{"href":"https:\/\/mejorandotusaluddiaadia.com\/fr\/wp-json\/wp\/v2\/pages"}],"about":[{"href":"https:\/\/mejorandotusaluddiaadia.com\/fr\/wp-json\/wp\/v2\/types\/page"}],"author":[{"embeddable":true,"href":"https:\/\/mejorandotusaluddiaadia.com\/fr\/wp-json\/wp\/v2\/users\/1"}],"replies":[{"embeddable":true,"href":"https:\/\/mejorandotusaluddiaadia.com\/fr\/wp-json\/wp\/v2\/comments?post=11"}],"version-history":[{"count":75,"href":"https:\/\/mejorandotusaluddiaadia.com\/fr\/wp-json\/wp\/v2\/pages\/11\/revisions"}],"predecessor-version":[{"id":590,"href":"https:\/\/mejorandotusaluddiaadia.com\/fr\/wp-json\/wp\/v2\/pages\/11\/revisions\/590"}],"wp:featuredmedia":[{"embeddable":true,"href":"https:\/\/mejorandotusaluddiaadia.com\/fr\/wp-json\/wp\/v2\/media\/49"}],"wp:attachment":[{"href":"https:\/\/mejorandotusaluddiaadia.com\/fr\/wp-json\/wp\/v2\/media?parent=11"}],"curies":[{"name":"wp","href":"https:\/\/api.w.org\/{rel}","templated":true}]}}