{"id":149,"date":"2021-09-15T18:46:06","date_gmt":"2021-09-15T18:46:06","guid":{"rendered":"https:\/\/w2254.proweaver2.site\/?page_id=149"},"modified":"2021-12-01T08:39:06","modified_gmt":"2021-12-01T08:39:06","slug":"homeopatia","status":"publish","type":"page","link":"https:\/\/mejorandotusaluddiaadia.com\/fr\/medico-clinica-servicios\/homeopatia","title":{"rendered":"Hom\u00e9opathie"},"content":{"rendered":"<div class=\"intro_txt\">Le m\u00e9canisme de gu\u00e9rison de son corps s\u2019est am\u00e9lior\u00e9.<\/div>\n<p>L\u2019hom\u00e9opathie est bas\u00e9e sur le principe que les substances \u00e0 fortes doses qui causent la maladie peuvent gu\u00e9rir la m\u00eame maladie si elles sont r\u00e9duites en doses. Ce syst\u00e8me m\u00e9dical vise \u00e0 am\u00e9liorer le processus de gu\u00e9rison naturel du corps en optimisant son syst\u00e8me immunitaire. Nos traitements hom\u00e9opathiques sont bas\u00e9s sur l\u2019\u00e9tat de sant\u00e9, le mode de vie et les caract\u00e9ristiques uniques du patient. Nous croyons au pouvoir de nos ressources naturelles et utilisons de puissants rem\u00e8des approuv\u00e9s par la FDA qui sont s\u00fbrs et efficaces.<\/p>\n<p>Affections pouvant b\u00e9n\u00e9ficier de l\u2019hom\u00e9opathie :<\/p>\n<ul class=\"bullet col2\">\n<li>Allergies\n<li>Migraines\n<li>D\u00e9pression\n<li>Dermatite atopique\n<li>Polyarthrite rhumato\u00efde\n<li>Syndrome du c\u00f4lon irritable (SCI)\n<li>Et ainsi de suite\n<\/ul>\n","protected":false},"excerpt":{"rendered":"<p>Le m\u00e9canisme de gu\u00e9rison de son corps s\u2019est am\u00e9lior\u00e9. L\u2019hom\u00e9opathie est bas\u00e9e sur le principe que les substances \u00e0 fortes doses qui causent la maladie peuvent gu\u00e9rir la m\u00eame maladie si elles sont r\u00e9duites en doses. Ce syst\u00e8me m\u00e9dical vise \u00e0 am\u00e9liorer le processus de gu\u00e9rison naturel du corps en optimisant son syst\u00e8me immunitaire. Nos [&hellip;]<\/p>\n","protected":false},"author":1,"featured_media":75,"parent":12,"menu_order":0,"comment_status":"closed","ping_status":"closed","template":"","meta":{"pgc_sgb_lightbox_settings":"","footnotes":""},"class_list":["post-149","page","type-page","status-publish","has-post-thumbnail","hentry"],"translation":{"provider":"WPGlobus","version":"2.8.8","language":"fr","enabled_languages":["es","ct","en","fr","de","it","pt"],"languages":{"es":{"title":true,"content":true,"excerpt":false},"ct":{"title":true,"content":true,"excerpt":false},"en":{"title":true,"content":true,"excerpt":false},"fr":{"title":true,"content":true,"excerpt":false},"de":{"title":true,"content":true,"excerpt":false},"it":{"title":true,"content":true,"excerpt":false},"pt":{"title":true,"content":true,"excerpt":false}}},"yoast_head":"<!-- This site is optimized with the Yoast SEO plugin v15.9 - https:\/\/yoast.com\/wordpress\/plugins\/seo\/ -->\n<title>Hom\u00e9opathie | Doctor\u2019s Clinic in BXL - Mejorando Tu Salud Dia A Dia<\/title>\n<meta name=\"robots\" content=\"index, follow, max-snippet:-1, max-image-preview:large, max-video-preview:-1\" \/>\n<link rel=\"canonical\" href=\"https:\/\/mejorandotusaluddiaadia.com\/medico-clinica-servicios\/homeopatia\" \/>\n<meta property=\"og:locale\" content=\"fr_FR\" \/>\n<meta property=\"og:type\" content=\"article\" \/>\n<meta property=\"og:title\" content=\"Hom\u00e9opathie | Doctor\u2019s Clinic in BXL - Mejorando Tu Salud Dia A Dia\" \/>\n<meta property=\"og:url\" content=\"https:\/\/mejorandotusaluddiaadia.com\/medico-clinica-servicios\/homeopatia\" \/>\n<meta property=\"og:site_name\" content=\"mejorandotusaluddialdia\" \/>\n<meta property=\"article:modified_time\" content=\"2021-12-01T08:39:06+00:00\" \/>\n<meta property=\"og:image\" content=\"https:\/\/mejorandotusaluddiaadia.com\/wp-content\/uploads\/2021\/09\/nonhome-1.jpg\" \/>\n\t<meta property=\"og:image:width\" content=\"1920\" \/>\n\t<meta property=\"og:image:height\" content=\"500\" \/>\n<meta name=\"twitter:card\" content=\"summary_large_image\" \/>\n<meta name=\"twitter:label1\" content=\"Est. reading time\">\n\t<meta name=\"twitter:data1\" content=\"1 minute\">\n<script type=\"application\/ld+json\" class=\"yoast-schema-graph\">{\"@context\":\"https:\/\/schema.org\",\"@graph\":[{\"@type\":\"WebSite\",\"@id\":\"https:\/\/mejorandotusaluddiaadia.com\/#website\",\"url\":\"https:\/\/mejorandotusaluddiaadia.com\/\",\"name\":\"mejorandotusaluddialdia\",\"description\":\"\",\"potentialAction\":[{\"@type\":\"SearchAction\",\"target\":\"https:\/\/mejorandotusaluddiaadia.com\/?s={search_term_string}\",\"query-input\":\"required name=search_term_string\"}],\"inLanguage\":\"fr-FR\"},{\"@type\":\"ImageObject\",\"@id\":\"https:\/\/mejorandotusaluddiaadia.com\/medico-clinica-servicios\/homeopatia#primaryimage\",\"inLanguage\":\"fr-FR\",\"url\":\"https:\/\/mejorandotusaluddiaadia.com\/wp-content\/uploads\/2021\/09\/nonhome-1.jpg\",\"width\":1920,\"height\":500,\"caption\":\"professional tool stethoscope is in the table\"},{\"@type\":\"WebPage\",\"@id\":\"https:\/\/mejorandotusaluddiaadia.com\/medico-clinica-servicios\/homeopatia#webpage\",\"url\":\"https:\/\/mejorandotusaluddiaadia.com\/medico-clinica-servicios\/homeopatia\",\"name\":\"Hom\\u00e9opathie | Doctor\\u2019s Clinic in BXL - Mejorando Tu Salud Dia A Dia\",\"isPartOf\":{\"@id\":\"https:\/\/mejorandotusaluddiaadia.com\/#website\"},\"primaryImageOfPage\":{\"@id\":\"https:\/\/mejorandotusaluddiaadia.com\/medico-clinica-servicios\/homeopatia#primaryimage\"},\"datePublished\":\"2021-09-15T18:46:06+00:00\",\"dateModified\":\"2021-12-01T08:39:06+00:00\",\"description\":\"Mejorando Tu Salud Dia A Dia is a trustworthy doctor\\u2019s clinic in Brussels. Learn more from our website.\",\"breadcrumb\":{\"@id\":\"https:\/\/mejorandotusaluddiaadia.com\/medico-clinica-servicios\/homeopatia#breadcrumb\"},\"inLanguage\":\"fr-FR\",\"potentialAction\":[{\"@type\":\"ReadAction\",\"target\":[\"https:\/\/mejorandotusaluddiaadia.com\/medico-clinica-servicios\/homeopatia\"]}]},{\"@type\":\"BreadcrumbList\",\"@id\":\"https:\/\/mejorandotusaluddiaadia.com\/medico-clinica-servicios\/homeopatia#breadcrumb\",\"itemListElement\":[{\"@type\":\"ListItem\",\"position\":1,\"item\":{\"@type\":\"WebPage\",\"@id\":\"https:\/\/mejorandotusaluddiaadia.com\/\",\"url\":\"https:\/\/mejorandotusaluddiaadia.com\/\",\"name\":\"Home\"}},{\"@type\":\"ListItem\",\"position\":2,\"item\":{\"@type\":\"WebPage\",\"@id\":\"https:\/\/mejorandotusaluddiaadia.com\/medico-clinica-servicios\",\"url\":\"https:\/\/mejorandotusaluddiaadia.com\/medico-clinica-servicios\",\"name\":\"Servicios\"}},{\"@type\":\"ListItem\",\"position\":3,\"item\":{\"@type\":\"WebPage\",\"@id\":\"https:\/\/mejorandotusaluddiaadia.com\/medico-clinica-servicios\/homeopatia\",\"url\":\"https:\/\/mejorandotusaluddiaadia.com\/medico-clinica-servicios\/homeopatia\",\"name\":\"Homeopathy\"}}]}]}<\/script>\n<!-- \/ Yoast SEO plugin. -->","_links":{"self":[{"href":"https:\/\/mejorandotusaluddiaadia.com\/fr\/wp-json\/wp\/v2\/pages\/149","targetHints":{"allow":["GET"]}}],"collection":[{"href":"https:\/\/mejorandotusaluddiaadia.com\/fr\/wp-json\/wp\/v2\/pages"}],"about":[{"href":"https:\/\/mejorandotusaluddiaadia.com\/fr\/wp-json\/wp\/v2\/types\/page"}],"author":[{"embeddable":true,"href":"https:\/\/mejorandotusaluddiaadia.com\/fr\/wp-json\/wp\/v2\/users\/1"}],"replies":[{"embeddable":true,"href":"https:\/\/mejorandotusaluddiaadia.com\/fr\/wp-json\/wp\/v2\/comments?post=149"}],"version-history":[{"count":12,"href":"https:\/\/mejorandotusaluddiaadia.com\/fr\/wp-json\/wp\/v2\/pages\/149\/revisions"}],"predecessor-version":[{"id":307,"href":"https:\/\/mejorandotusaluddiaadia.com\/fr\/wp-json\/wp\/v2\/pages\/149\/revisions\/307"}],"up":[{"embeddable":true,"href":"https:\/\/mejorandotusaluddiaadia.com\/fr\/wp-json\/wp\/v2\/pages\/12"}],"wp:featuredmedia":[{"embeddable":true,"href":"https:\/\/mejorandotusaluddiaadia.com\/fr\/wp-json\/wp\/v2\/media\/75"}],"wp:attachment":[{"href":"https:\/\/mejorandotusaluddiaadia.com\/fr\/wp-json\/wp\/v2\/media?parent=149"}],"curies":[{"name":"wp","href":"https:\/\/api.w.org\/{rel}","templated":true}]}}