{"id":151,"date":"2021-09-15T18:47:15","date_gmt":"2021-09-15T18:47:15","guid":{"rendered":"https:\/\/w2254.proweaver2.site\/?page_id=151"},"modified":"2021-12-01T08:48:41","modified_gmt":"2021-12-01T08:48:41","slug":"tranferceutical","status":"publish","type":"page","link":"https:\/\/mejorandotusaluddiaadia.com\/fr\/medico-clinica-servicios\/tranferceutical","title":{"rendered":"Transferceutique"},"content":{"rendered":"<div class=\"intro_txt\">Des traitements innovants pour r\u00e9pondre \u00e0 vos besoins en mati\u00e8re de sant\u00e9.<\/div>\n<p>La science m\u00e9dicale a progress\u00e9 au fil des ans et l\u2019une de ses principales r\u00e9alisations est de d\u00e9couvrir et de d\u00e9velopper des produits qui stimulent le syst\u00e8me immunitaire de l\u2019organisme. Transferceutical utilise des facteurs de transfert pour \u00e9duquer le syst\u00e8me immunitaire \u00e0 reconna\u00eetre, r\u00e9pondre et se souvenir des menaces potentielles telles que les maladies auto-immunes. Nos traitements transferceutiques sont con\u00e7us pour am\u00e9liorer votre \u00e9tat clinique.<\/p>\n<p>Nous garantissons que cette m\u00e9decine alternative est non invasive et peut soulager les sympt\u00f4mes de maladies telles que:<\/p>\n<ul class=\"bullet col2\">\n<li>Tuberculose\n<li>Psoriasis\n<li>MPOC\n<li>EUX\n<li>Dengue\n<li>Et ainsi de suite\n<\/ul>\n","protected":false},"excerpt":{"rendered":"<p>Des traitements innovants pour r\u00e9pondre \u00e0 vos besoins en mati\u00e8re de sant\u00e9. La science m\u00e9dicale a progress\u00e9 au fil des ans et l\u2019une de ses principales r\u00e9alisations est de d\u00e9couvrir et de d\u00e9velopper des produits qui stimulent le syst\u00e8me immunitaire de l\u2019organisme. Transferceutical utilise des facteurs de transfert pour \u00e9duquer le syst\u00e8me immunitaire \u00e0 reconna\u00eetre, [&hellip;]<\/p>\n","protected":false},"author":1,"featured_media":76,"parent":12,"menu_order":0,"comment_status":"closed","ping_status":"closed","template":"","meta":{"pgc_sgb_lightbox_settings":"","footnotes":""},"class_list":["post-151","page","type-page","status-publish","has-post-thumbnail","hentry"],"translation":{"provider":"WPGlobus","version":"2.8.8","language":"fr","enabled_languages":["es","ct","en","fr","de","it","pt"],"languages":{"es":{"title":true,"content":true,"excerpt":false},"ct":{"title":true,"content":true,"excerpt":false},"en":{"title":true,"content":true,"excerpt":false},"fr":{"title":true,"content":true,"excerpt":false},"de":{"title":true,"content":true,"excerpt":false},"it":{"title":true,"content":true,"excerpt":false},"pt":{"title":true,"content":true,"excerpt":false}}},"yoast_head":"<!-- This site is optimized with the Yoast SEO plugin v15.9 - https:\/\/yoast.com\/wordpress\/plugins\/seo\/ -->\n<title>Transferceutique | Doctor\u2019s Clinic in BXL - Mejorando Tu Salud Dia A Dia<\/title>\n<meta name=\"robots\" content=\"index, follow, max-snippet:-1, max-image-preview:large, max-video-preview:-1\" \/>\n<link rel=\"canonical\" href=\"https:\/\/mejorandotusaluddiaadia.com\/medico-clinica-servicios\/tranferceutical\" \/>\n<meta property=\"og:locale\" content=\"fr_FR\" \/>\n<meta property=\"og:type\" content=\"article\" \/>\n<meta property=\"og:title\" content=\"Transferceutique | Doctor\u2019s Clinic in BXL - Mejorando Tu Salud Dia A Dia\" \/>\n<meta property=\"og:url\" content=\"https:\/\/mejorandotusaluddiaadia.com\/medico-clinica-servicios\/tranferceutical\" \/>\n<meta property=\"og:site_name\" content=\"mejorandotusaluddialdia\" \/>\n<meta property=\"article:modified_time\" content=\"2021-12-01T08:48:41+00:00\" \/>\n<meta property=\"og:image\" content=\"https:\/\/mejorandotusaluddiaadia.com\/wp-content\/uploads\/2021\/09\/nonhome-2.jpg\" \/>\n\t<meta property=\"og:image:width\" content=\"1920\" \/>\n\t<meta property=\"og:image:height\" content=\"500\" \/>\n<meta name=\"twitter:card\" content=\"summary_large_image\" \/>\n<meta name=\"twitter:label1\" content=\"Est. reading time\">\n\t<meta name=\"twitter:data1\" content=\"1 minute\">\n<script type=\"application\/ld+json\" class=\"yoast-schema-graph\">{\"@context\":\"https:\/\/schema.org\",\"@graph\":[{\"@type\":\"WebSite\",\"@id\":\"https:\/\/mejorandotusaluddiaadia.com\/#website\",\"url\":\"https:\/\/mejorandotusaluddiaadia.com\/\",\"name\":\"mejorandotusaluddialdia\",\"description\":\"\",\"potentialAction\":[{\"@type\":\"SearchAction\",\"target\":\"https:\/\/mejorandotusaluddiaadia.com\/?s={search_term_string}\",\"query-input\":\"required name=search_term_string\"}],\"inLanguage\":\"fr-FR\"},{\"@type\":\"ImageObject\",\"@id\":\"https:\/\/mejorandotusaluddiaadia.com\/medico-clinica-servicios\/tranferceutical#primaryimage\",\"inLanguage\":\"fr-FR\",\"url\":\"https:\/\/mejorandotusaluddiaadia.com\/wp-content\/uploads\/2021\/09\/nonhome-2.jpg\",\"width\":1920,\"height\":500,\"caption\":\"doctor and a patient talking each other\"},{\"@type\":\"WebPage\",\"@id\":\"https:\/\/mejorandotusaluddiaadia.com\/medico-clinica-servicios\/tranferceutical#webpage\",\"url\":\"https:\/\/mejorandotusaluddiaadia.com\/medico-clinica-servicios\/tranferceutical\",\"name\":\"Transferceutique | Doctor\\u2019s Clinic in BXL - Mejorando Tu Salud Dia A Dia\",\"isPartOf\":{\"@id\":\"https:\/\/mejorandotusaluddiaadia.com\/#website\"},\"primaryImageOfPage\":{\"@id\":\"https:\/\/mejorandotusaluddiaadia.com\/medico-clinica-servicios\/tranferceutical#primaryimage\"},\"datePublished\":\"2021-09-15T18:47:15+00:00\",\"dateModified\":\"2021-12-01T08:48:41+00:00\",\"description\":\"Mejorando Tu Salud Dia A Dia is a trustworthy doctor\\u2019s clinic in Brussels. Learn more from our website.\",\"breadcrumb\":{\"@id\":\"https:\/\/mejorandotusaluddiaadia.com\/medico-clinica-servicios\/tranferceutical#breadcrumb\"},\"inLanguage\":\"fr-FR\",\"potentialAction\":[{\"@type\":\"ReadAction\",\"target\":[\"https:\/\/mejorandotusaluddiaadia.com\/medico-clinica-servicios\/tranferceutical\"]}]},{\"@type\":\"BreadcrumbList\",\"@id\":\"https:\/\/mejorandotusaluddiaadia.com\/medico-clinica-servicios\/tranferceutical#breadcrumb\",\"itemListElement\":[{\"@type\":\"ListItem\",\"position\":1,\"item\":{\"@type\":\"WebPage\",\"@id\":\"https:\/\/mejorandotusaluddiaadia.com\/\",\"url\":\"https:\/\/mejorandotusaluddiaadia.com\/\",\"name\":\"Home\"}},{\"@type\":\"ListItem\",\"position\":2,\"item\":{\"@type\":\"WebPage\",\"@id\":\"https:\/\/mejorandotusaluddiaadia.com\/medico-clinica-servicios\",\"url\":\"https:\/\/mejorandotusaluddiaadia.com\/medico-clinica-servicios\",\"name\":\"Servicios\"}},{\"@type\":\"ListItem\",\"position\":3,\"item\":{\"@type\":\"WebPage\",\"@id\":\"https:\/\/mejorandotusaluddiaadia.com\/medico-clinica-servicios\/tranferceutical\",\"url\":\"https:\/\/mejorandotusaluddiaadia.com\/medico-clinica-servicios\/tranferceutical\",\"name\":\"Tranferceutical\"}}]}]}<\/script>\n<!-- \/ Yoast SEO plugin. -->","_links":{"self":[{"href":"https:\/\/mejorandotusaluddiaadia.com\/fr\/wp-json\/wp\/v2\/pages\/151","targetHints":{"allow":["GET"]}}],"collection":[{"href":"https:\/\/mejorandotusaluddiaadia.com\/fr\/wp-json\/wp\/v2\/pages"}],"about":[{"href":"https:\/\/mejorandotusaluddiaadia.com\/fr\/wp-json\/wp\/v2\/types\/page"}],"author":[{"embeddable":true,"href":"https:\/\/mejorandotusaluddiaadia.com\/fr\/wp-json\/wp\/v2\/users\/1"}],"replies":[{"embeddable":true,"href":"https:\/\/mejorandotusaluddiaadia.com\/fr\/wp-json\/wp\/v2\/comments?post=151"}],"version-history":[{"count":10,"href":"https:\/\/mejorandotusaluddiaadia.com\/fr\/wp-json\/wp\/v2\/pages\/151\/revisions"}],"predecessor-version":[{"id":313,"href":"https:\/\/mejorandotusaluddiaadia.com\/fr\/wp-json\/wp\/v2\/pages\/151\/revisions\/313"}],"up":[{"embeddable":true,"href":"https:\/\/mejorandotusaluddiaadia.com\/fr\/wp-json\/wp\/v2\/pages\/12"}],"wp:featuredmedia":[{"embeddable":true,"href":"https:\/\/mejorandotusaluddiaadia.com\/fr\/wp-json\/wp\/v2\/media\/76"}],"wp:attachment":[{"href":"https:\/\/mejorandotusaluddiaadia.com\/fr\/wp-json\/wp\/v2\/media?parent=151"}],"curies":[{"name":"wp","href":"https:\/\/api.w.org\/{rel}","templated":true}]}}