{"id":155,"date":"2021-09-15T18:48:57","date_gmt":"2021-09-15T18:48:57","guid":{"rendered":"https:\/\/w2254.proweaver2.site\/?page_id=155"},"modified":"2021-12-01T08:58:20","modified_gmt":"2021-12-01T08:58:20","slug":"psicoterapia","status":"publish","type":"page","link":"https:\/\/mejorandotusaluddiaadia.com\/fr\/medico-clinica-servicios\/psicoterapia","title":{"rendered":"Psychoth\u00e9rapie"},"content":{"rendered":"<div class=\"intro_txt\">Nous prenons soin de votre sant\u00e9 mentale.<\/div>\n<p>La psychoth\u00e9rapie vise \u00e0 favoriser la conscience de soi. Nous avons des experts m\u00e9dicaux qui se sp\u00e9cialisent dans la promotion de la sant\u00e9 mentale. Les personnes qui estiment manquer de contr\u00f4le sur leur humeur, leurs pens\u00e9es, leur comportement et leur vie en g\u00e9n\u00e9ral peuvent b\u00e9n\u00e9ficier de nos th\u00e9rapies psychosociales. Nous vous aidons \u00e0 mieux comprendre votre \u00e9tat, \u00e0 r\u00e9soudre les conflits, \u00e0 faire face \u00e0 votre \u00e9tat et aux changements majeurs de votre vie, et m\u00eame \u00e0 mieux dormir. Nos th\u00e9rapeutes sont des experts dans la d\u00e9couverte de la cause profonde de votre \u00e9tat et fournissent le bon traitement pour att\u00e9nuer son effet.<\/p>\n<p>Probl\u00e8mes de sant\u00e9 mentale qui peuvent b\u00e9n\u00e9ficier de nos services de psychoth\u00e9rapie:<\/p>\n<ul class=\"bullet col2\">\n<li>Troubles anxieux\n<li>Troubles du sommeil\n<li>Schizophr\u00e9nie\n<li>Anorexie\n<li>Accoutumance\n<li>Trouble bipolaire\n<li>D\u00e9pression\n<li>Et ainsi de suite\n<\/ul>\n","protected":false},"excerpt":{"rendered":"<p>Nous prenons soin de votre sant\u00e9 mentale. La psychoth\u00e9rapie vise \u00e0 favoriser la conscience de soi. Nous avons des experts m\u00e9dicaux qui se sp\u00e9cialisent dans la promotion de la sant\u00e9 mentale. Les personnes qui estiment manquer de contr\u00f4le sur leur humeur, leurs pens\u00e9es, leur comportement et leur vie en g\u00e9n\u00e9ral peuvent b\u00e9n\u00e9ficier de nos th\u00e9rapies [&hellip;]<\/p>\n","protected":false},"author":1,"featured_media":161,"parent":12,"menu_order":0,"comment_status":"closed","ping_status":"closed","template":"","meta":{"pgc_sgb_lightbox_settings":"","footnotes":""},"class_list":["post-155","page","type-page","status-publish","has-post-thumbnail","hentry"],"translation":{"provider":"WPGlobus","version":"2.8.8","language":"fr","enabled_languages":["es","ct","en","fr","de","it","pt"],"languages":{"es":{"title":true,"content":true,"excerpt":false},"ct":{"title":true,"content":true,"excerpt":false},"en":{"title":true,"content":true,"excerpt":false},"fr":{"title":true,"content":true,"excerpt":false},"de":{"title":true,"content":true,"excerpt":false},"it":{"title":true,"content":true,"excerpt":false},"pt":{"title":true,"content":true,"excerpt":false}}},"yoast_head":"<!-- This site is optimized with the Yoast SEO plugin v15.9 - https:\/\/yoast.com\/wordpress\/plugins\/seo\/ -->\n<title>Psychoth\u00e9rapie | Doctor\u2019s Clinic in BXL - Mejorando Tu Salud Dia A Dia<\/title>\n<meta name=\"robots\" content=\"index, follow, max-snippet:-1, max-image-preview:large, max-video-preview:-1\" \/>\n<link rel=\"canonical\" href=\"https:\/\/mejorandotusaluddiaadia.com\/medico-clinica-servicios\/psicoterapia\" \/>\n<meta property=\"og:locale\" content=\"fr_FR\" \/>\n<meta property=\"og:type\" content=\"article\" \/>\n<meta property=\"og:title\" content=\"Psychoth\u00e9rapie | Doctor\u2019s Clinic in BXL - Mejorando Tu Salud Dia A Dia\" \/>\n<meta property=\"og:url\" content=\"https:\/\/mejorandotusaluddiaadia.com\/medico-clinica-servicios\/psicoterapia\" \/>\n<meta property=\"og:site_name\" content=\"mejorandotusaluddialdia\" \/>\n<meta property=\"article:modified_time\" content=\"2021-12-01T08:58:20+00:00\" \/>\n<meta property=\"og:image\" content=\"https:\/\/mejorandotusaluddiaadia.com\/wp-content\/uploads\/2021\/09\/nonhome-178178567.jpg\" \/>\n\t<meta property=\"og:image:width\" content=\"1920\" \/>\n\t<meta property=\"og:image:height\" content=\"500\" \/>\n<meta name=\"twitter:card\" content=\"summary_large_image\" \/>\n<meta name=\"twitter:label1\" content=\"Est. reading time\">\n\t<meta name=\"twitter:data1\" content=\"1 minute\">\n<script type=\"application\/ld+json\" class=\"yoast-schema-graph\">{\"@context\":\"https:\/\/schema.org\",\"@graph\":[{\"@type\":\"WebSite\",\"@id\":\"https:\/\/mejorandotusaluddiaadia.com\/#website\",\"url\":\"https:\/\/mejorandotusaluddiaadia.com\/\",\"name\":\"mejorandotusaluddialdia\",\"description\":\"\",\"potentialAction\":[{\"@type\":\"SearchAction\",\"target\":\"https:\/\/mejorandotusaluddiaadia.com\/?s={search_term_string}\",\"query-input\":\"required name=search_term_string\"}],\"inLanguage\":\"fr-FR\"},{\"@type\":\"ImageObject\",\"@id\":\"https:\/\/mejorandotusaluddiaadia.com\/medico-clinica-servicios\/psicoterapia#primaryimage\",\"inLanguage\":\"fr-FR\",\"url\":\"https:\/\/mejorandotusaluddiaadia.com\/wp-content\/uploads\/2021\/09\/nonhome-178178567.jpg\",\"width\":1920,\"height\":500,\"caption\":\"Psychotherapist and patient in office.\"},{\"@type\":\"WebPage\",\"@id\":\"https:\/\/mejorandotusaluddiaadia.com\/medico-clinica-servicios\/psicoterapia#webpage\",\"url\":\"https:\/\/mejorandotusaluddiaadia.com\/medico-clinica-servicios\/psicoterapia\",\"name\":\"Psychoth\\u00e9rapie | Doctor\\u2019s Clinic in BXL - Mejorando Tu Salud Dia A Dia\",\"isPartOf\":{\"@id\":\"https:\/\/mejorandotusaluddiaadia.com\/#website\"},\"primaryImageOfPage\":{\"@id\":\"https:\/\/mejorandotusaluddiaadia.com\/medico-clinica-servicios\/psicoterapia#primaryimage\"},\"datePublished\":\"2021-09-15T18:48:57+00:00\",\"dateModified\":\"2021-12-01T08:58:20+00:00\",\"description\":\"Mejorando Tu Salud Dia A Dia is a trustworthy doctor\\u2019s clinic in Brussels. Learn more from our website.\",\"breadcrumb\":{\"@id\":\"https:\/\/mejorandotusaluddiaadia.com\/medico-clinica-servicios\/psicoterapia#breadcrumb\"},\"inLanguage\":\"fr-FR\",\"potentialAction\":[{\"@type\":\"ReadAction\",\"target\":[\"https:\/\/mejorandotusaluddiaadia.com\/medico-clinica-servicios\/psicoterapia\"]}]},{\"@type\":\"BreadcrumbList\",\"@id\":\"https:\/\/mejorandotusaluddiaadia.com\/medico-clinica-servicios\/psicoterapia#breadcrumb\",\"itemListElement\":[{\"@type\":\"ListItem\",\"position\":1,\"item\":{\"@type\":\"WebPage\",\"@id\":\"https:\/\/mejorandotusaluddiaadia.com\/\",\"url\":\"https:\/\/mejorandotusaluddiaadia.com\/\",\"name\":\"Home\"}},{\"@type\":\"ListItem\",\"position\":2,\"item\":{\"@type\":\"WebPage\",\"@id\":\"https:\/\/mejorandotusaluddiaadia.com\/medico-clinica-servicios\",\"url\":\"https:\/\/mejorandotusaluddiaadia.com\/medico-clinica-servicios\",\"name\":\"Servicios\"}},{\"@type\":\"ListItem\",\"position\":3,\"item\":{\"@type\":\"WebPage\",\"@id\":\"https:\/\/mejorandotusaluddiaadia.com\/medico-clinica-servicios\/psicoterapia\",\"url\":\"https:\/\/mejorandotusaluddiaadia.com\/medico-clinica-servicios\/psicoterapia\",\"name\":\"Psychotherapy\"}}]}]}<\/script>\n<!-- \/ Yoast SEO plugin. -->","_links":{"self":[{"href":"https:\/\/mejorandotusaluddiaadia.com\/fr\/wp-json\/wp\/v2\/pages\/155","targetHints":{"allow":["GET"]}}],"collection":[{"href":"https:\/\/mejorandotusaluddiaadia.com\/fr\/wp-json\/wp\/v2\/pages"}],"about":[{"href":"https:\/\/mejorandotusaluddiaadia.com\/fr\/wp-json\/wp\/v2\/types\/page"}],"author":[{"embeddable":true,"href":"https:\/\/mejorandotusaluddiaadia.com\/fr\/wp-json\/wp\/v2\/users\/1"}],"replies":[{"embeddable":true,"href":"https:\/\/mejorandotusaluddiaadia.com\/fr\/wp-json\/wp\/v2\/comments?post=155"}],"version-history":[{"count":11,"href":"https:\/\/mejorandotusaluddiaadia.com\/fr\/wp-json\/wp\/v2\/pages\/155\/revisions"}],"predecessor-version":[{"id":327,"href":"https:\/\/mejorandotusaluddiaadia.com\/fr\/wp-json\/wp\/v2\/pages\/155\/revisions\/327"}],"up":[{"embeddable":true,"href":"https:\/\/mejorandotusaluddiaadia.com\/fr\/wp-json\/wp\/v2\/pages\/12"}],"wp:featuredmedia":[{"embeddable":true,"href":"https:\/\/mejorandotusaluddiaadia.com\/fr\/wp-json\/wp\/v2\/media\/161"}],"wp:attachment":[{"href":"https:\/\/mejorandotusaluddiaadia.com\/fr\/wp-json\/wp\/v2\/media?parent=155"}],"curies":[{"name":"wp","href":"https:\/\/api.w.org\/{rel}","templated":true}]}}