{"id":59,"date":"2021-09-14T05:36:14","date_gmt":"2021-09-14T05:36:14","guid":{"rendered":"https:\/\/w2254.proweaver2.site\/?page_id=59"},"modified":"2021-12-01T08:31:31","modified_gmt":"2021-12-01T08:31:31","slug":"naturopatia","status":"publish","type":"page","link":"https:\/\/mejorandotusaluddiaadia.com\/fr\/medico-clinica-servicios\/naturopatia","title":{"rendered":"Naturopathie"},"content":{"rendered":"<div class=\"intro_txt\">Atteindre un bien-\u00eatre optimal gr\u00e2ce \u00e0 la m\u00e9decine non invasive<\/div>\n<div class=\"wrapper\">\n<div class=\"serv_in\">\n<p>La naturopathie englobe une grande vari\u00e9t\u00e9 de techniques de m\u00e9decine alternative. Le but de la th\u00e9rapie est de stimuler la capacit\u00e9 de gu\u00e9rison inn\u00e9e du corps et de faciliter ses m\u00e9canismes d\u2019\u00e9quilibrage pour atteindre un bon \u00e9tat de sant\u00e9.<\/p>\n<h2>Certains des types de maladie d\u2019\u00e9tourdir sont<\/h2>\n<ul class=\"bullet col2\">\n<li>Hom\u00e9opathie, homotoxicologie et isoth\u00e9rapie\n<li>M\u00e9decine naturopathique, biologique et int\u00e9grative\n<li>M\u00e9decine traditionnelle chinoise et acupuncture\n<li>M\u00e9decine ayurv\u00e9dique (m\u00e9decine traditionnelle de l\u2019Inde)\n<li>Phytoth\u00e9rapie\n<li>Chiromassage, ost\u00e9opathie et chiropratique\n<li>Oligo-\u00e9l\u00e9ments\n<li>Fleurs de Bach\n<li>Aromath\u00e9rapie\n<li>R\u00e9flexologie\n<li>Iridologie\n<\/ul>\n<p>Il implique le diagnostic, le traitement et la pr\u00e9vention des troubles de sant\u00e9 gr\u00e2ce \u00e0 l\u2019utilisation de th\u00e9rapies naturelles, de m\u00e9thodes et de mat\u00e9riaux, qui peuvent \u00eatre: nutrition clinique, phytoth\u00e9rapie, acupuncture, hom\u00e9opathie ou syst\u00e8mes m\u00e9dicaux anciens tels que ceux utilis\u00e9s en Chine ou en Inde.<\/p>\n<h2>Que peut-on traiter avec la naturopathie ou la m\u00e9decine biologique?<\/h2>\n<p>Contre toute alt\u00e9ration de la sant\u00e9 qui affecte le fonctionnement normal du corps, il agit sur la base de la potentialisation du syst\u00e8me immunitaire, renfor\u00e7ant le corps et le pr\u00e9parant \u00e0 sa r\u00e9cup\u00e9ration en tenant compte de la relation entre les diff\u00e9rents organes et parties du corps.<\/p>\n<p>En englobant diff\u00e9rentes techniques qui, \u00e0 partir d\u2019une vision totalement holistique, traitent le corps humain de mani\u00e8re int\u00e9grale et non isol\u00e9e, un effet de r\u00e9cup\u00e9ration plus large est obtenu, dans sa totalit\u00e9 maximale.<\/p>\n<p>Quant au type de pathologies auxquelles elles s\u2019appliquent, il existe celles de tous les domaines de la sant\u00e9, par exemple:<\/p>\n<ul class=\"bullet col2\">\n<li>Os et articulations: arthrose, arthrite, ost\u00e9oporose, hernie discale, maladies d\u00e9g\u00e9n\u00e9ratives des os et du cartilage\n<li>Maladies de la peau: psoriasis, dermatite, ecz\u00e9ma, peau atopique, acn\u00e9, perte de cheveux\n<li>Pathologies sportives: tendinite, blessures musculaires, \u00e9paule douloureuse\n<li>Fibromyalgie et fatigue chronique\n<li>Migraine\n<li>Allergies\n<li>Probl\u00e8mes du syst\u00e8me digestif: intol\u00e9rances, candidose, ulc\u00e8res, hernies, dyspepsie, constipation, flatulences, etc.\n<li>Stress\n<li>Maladies du syst\u00e8me nerveux: anxi\u00e9t\u00e9, d\u00e9pression, d\u00e9tresse, phobies, d\u00e9pendances (tabac et autres), insomnie, syndrome des jambes sans repos\n<li>Troubles hormonaux des femmes: m\u00e9nopause, menstruations irr\u00e9guli\u00e8res, r\u00e8gles douloureuses\n<\/ul>\n<h2>Expert en nutrition cellulaire active<\/h2>\n<p>Nous pratiquons avec des suppl\u00e9ments nutritionnels et d\u2019oligo-\u00e9l\u00e9ments<\/p>\n<\/div>\n<\/div>\n","protected":false},"excerpt":{"rendered":"<p>Atteindre un bien-\u00eatre optimal gr\u00e2ce \u00e0 la m\u00e9decine non invasive La naturopathie englobe une grande vari\u00e9t\u00e9 de techniques de m\u00e9decine alternative. Le but de la th\u00e9rapie est de stimuler la capacit\u00e9 de gu\u00e9rison inn\u00e9e du corps et de faciliter ses m\u00e9canismes d\u2019\u00e9quilibrage pour atteindre un bon \u00e9tat de sant\u00e9. Certains des types de maladie d\u2019\u00e9tourdir [&hellip;]<\/p>\n","protected":false},"author":1,"featured_media":78,"parent":12,"menu_order":0,"comment_status":"closed","ping_status":"closed","template":"","meta":{"pgc_sgb_lightbox_settings":"","footnotes":""},"class_list":["post-59","page","type-page","status-publish","has-post-thumbnail","hentry"],"translation":{"provider":"WPGlobus","version":"2.8.8","language":"fr","enabled_languages":["es","ct","en","fr","de","it","pt"],"languages":{"es":{"title":true,"content":true,"excerpt":false},"ct":{"title":true,"content":true,"excerpt":false},"en":{"title":true,"content":true,"excerpt":false},"fr":{"title":true,"content":true,"excerpt":false},"de":{"title":true,"content":true,"excerpt":false},"it":{"title":true,"content":true,"excerpt":false},"pt":{"title":true,"content":true,"excerpt":false}}},"yoast_head":"<!-- This site is optimized with the Yoast SEO plugin v15.9 - https:\/\/yoast.com\/wordpress\/plugins\/seo\/ -->\n<title>Naturopathie | Doctor\u2019s Clinic in BXL - Mejorando Tu Salud Dia A Dia<\/title>\n<meta name=\"robots\" content=\"index, follow, max-snippet:-1, max-image-preview:large, max-video-preview:-1\" \/>\n<link rel=\"canonical\" href=\"https:\/\/mejorandotusaluddiaadia.com\/medico-clinica-servicios\/naturopatia\" \/>\n<meta property=\"og:locale\" content=\"fr_FR\" \/>\n<meta property=\"og:type\" content=\"article\" \/>\n<meta property=\"og:title\" content=\"Naturopathie | Doctor\u2019s Clinic in BXL - Mejorando Tu Salud Dia A Dia\" \/>\n<meta property=\"og:url\" content=\"https:\/\/mejorandotusaluddiaadia.com\/medico-clinica-servicios\/naturopatia\" \/>\n<meta property=\"og:site_name\" content=\"mejorandotusaluddialdia\" \/>\n<meta property=\"article:modified_time\" content=\"2021-12-01T08:31:31+00:00\" \/>\n<meta property=\"og:image\" content=\"https:\/\/mejorandotusaluddiaadia.com\/wp-content\/uploads\/2021\/09\/nonhome-4.jpg\" \/>\n\t<meta property=\"og:image:width\" content=\"1920\" \/>\n\t<meta property=\"og:image:height\" content=\"500\" \/>\n<meta name=\"twitter:card\" content=\"summary_large_image\" \/>\n<meta name=\"twitter:label1\" content=\"Est. reading time\">\n\t<meta name=\"twitter:data1\" content=\"2 minutes\">\n<script type=\"application\/ld+json\" class=\"yoast-schema-graph\">{\"@context\":\"https:\/\/schema.org\",\"@graph\":[{\"@type\":\"WebSite\",\"@id\":\"https:\/\/mejorandotusaluddiaadia.com\/#website\",\"url\":\"https:\/\/mejorandotusaluddiaadia.com\/\",\"name\":\"mejorandotusaluddialdia\",\"description\":\"\",\"potentialAction\":[{\"@type\":\"SearchAction\",\"target\":\"https:\/\/mejorandotusaluddiaadia.com\/?s={search_term_string}\",\"query-input\":\"required name=search_term_string\"}],\"inLanguage\":\"fr-FR\"},{\"@type\":\"ImageObject\",\"@id\":\"https:\/\/mejorandotusaluddiaadia.com\/medico-clinica-servicios\/naturopatia#primaryimage\",\"inLanguage\":\"fr-FR\",\"url\":\"https:\/\/mejorandotusaluddiaadia.com\/wp-content\/uploads\/2021\/09\/nonhome-4.jpg\",\"width\":1920,\"height\":500,\"caption\":\"nurse check the patient health\"},{\"@type\":\"WebPage\",\"@id\":\"https:\/\/mejorandotusaluddiaadia.com\/medico-clinica-servicios\/naturopatia#webpage\",\"url\":\"https:\/\/mejorandotusaluddiaadia.com\/medico-clinica-servicios\/naturopatia\",\"name\":\"Naturopathie | Doctor\\u2019s Clinic in BXL - Mejorando Tu Salud Dia A Dia\",\"isPartOf\":{\"@id\":\"https:\/\/mejorandotusaluddiaadia.com\/#website\"},\"primaryImageOfPage\":{\"@id\":\"https:\/\/mejorandotusaluddiaadia.com\/medico-clinica-servicios\/naturopatia#primaryimage\"},\"datePublished\":\"2021-09-14T05:36:14+00:00\",\"dateModified\":\"2021-12-01T08:31:31+00:00\",\"description\":\"Mejorando Tu Salud Dia A Dia is a trustworthy doctor\\u2019s clinic in Brussels. Learn more from our website.\",\"breadcrumb\":{\"@id\":\"https:\/\/mejorandotusaluddiaadia.com\/medico-clinica-servicios\/naturopatia#breadcrumb\"},\"inLanguage\":\"fr-FR\",\"potentialAction\":[{\"@type\":\"ReadAction\",\"target\":[\"https:\/\/mejorandotusaluddiaadia.com\/medico-clinica-servicios\/naturopatia\"]}]},{\"@type\":\"BreadcrumbList\",\"@id\":\"https:\/\/mejorandotusaluddiaadia.com\/medico-clinica-servicios\/naturopatia#breadcrumb\",\"itemListElement\":[{\"@type\":\"ListItem\",\"position\":1,\"item\":{\"@type\":\"WebPage\",\"@id\":\"https:\/\/mejorandotusaluddiaadia.com\/\",\"url\":\"https:\/\/mejorandotusaluddiaadia.com\/\",\"name\":\"Home\"}},{\"@type\":\"ListItem\",\"position\":2,\"item\":{\"@type\":\"WebPage\",\"@id\":\"https:\/\/mejorandotusaluddiaadia.com\/medico-clinica-servicios\",\"url\":\"https:\/\/mejorandotusaluddiaadia.com\/medico-clinica-servicios\",\"name\":\"Servicios\"}},{\"@type\":\"ListItem\",\"position\":3,\"item\":{\"@type\":\"WebPage\",\"@id\":\"https:\/\/mejorandotusaluddiaadia.com\/medico-clinica-servicios\/naturopatia\",\"url\":\"https:\/\/mejorandotusaluddiaadia.com\/medico-clinica-servicios\/naturopatia\",\"name\":\"Naturopathy\"}}]}]}<\/script>\n<!-- \/ Yoast SEO plugin. -->","_links":{"self":[{"href":"https:\/\/mejorandotusaluddiaadia.com\/fr\/wp-json\/wp\/v2\/pages\/59","targetHints":{"allow":["GET"]}}],"collection":[{"href":"https:\/\/mejorandotusaluddiaadia.com\/fr\/wp-json\/wp\/v2\/pages"}],"about":[{"href":"https:\/\/mejorandotusaluddiaadia.com\/fr\/wp-json\/wp\/v2\/types\/page"}],"author":[{"embeddable":true,"href":"https:\/\/mejorandotusaluddiaadia.com\/fr\/wp-json\/wp\/v2\/users\/1"}],"replies":[{"embeddable":true,"href":"https:\/\/mejorandotusaluddiaadia.com\/fr\/wp-json\/wp\/v2\/comments?post=59"}],"version-history":[{"count":11,"href":"https:\/\/mejorandotusaluddiaadia.com\/fr\/wp-json\/wp\/v2\/pages\/59\/revisions"}],"predecessor-version":[{"id":300,"href":"https:\/\/mejorandotusaluddiaadia.com\/fr\/wp-json\/wp\/v2\/pages\/59\/revisions\/300"}],"up":[{"embeddable":true,"href":"https:\/\/mejorandotusaluddiaadia.com\/fr\/wp-json\/wp\/v2\/pages\/12"}],"wp:featuredmedia":[{"embeddable":true,"href":"https:\/\/mejorandotusaluddiaadia.com\/fr\/wp-json\/wp\/v2\/media\/78"}],"wp:attachment":[{"href":"https:\/\/mejorandotusaluddiaadia.com\/fr\/wp-json\/wp\/v2\/media?parent=59"}],"curies":[{"name":"wp","href":"https:\/\/api.w.org\/{rel}","templated":true}]}}