{"id":11,"date":"2021-09-13T07:36:55","date_gmt":"2021-09-13T07:36:55","guid":{"rendered":"http:\/\/w2254.proweaver2.site\/?page_id=11"},"modified":"2025-02-22T15:31:25","modified_gmt":"2025-02-22T15:31:25","slug":"medico-clinica-acerca-de-nosotros","status":"publish","type":"page","link":"https:\/\/mejorandotusaluddiaadia.com\/it\/medico-clinica-acerca-de-nosotros","title":{"rendered":"Chi siamo"},"content":{"rendered":"<div class=\"intro_txt\">Servizi di qualit\u00e0 a Bruxelles, Belgio<\/div>\n<div class=\"wrapper\">\n<div class=\"about_in\">\n<div class=\"nh_mv\">\n<div id=\"mission\" class=\"nh_m\">\n<h5>Missione<\/h5>\n<p>La missione di Mejorando Tu Salud D\u00eda A D\u00eda \u00e8 fornire servizi sanitari adeguati alle esigenze e alle richieste dei nostri pazienti, supportati dal nostro capitale umano, dall&#8217;eccellenza nella cura e dalla ricerca di tecnologie all&#8217;avanguardia, il tutto basato sui principi della medicina naturale , nella prevenzione delle malattie e nella gestione di terapie complementari, pi\u00f9 umane e affettive. Il paziente \u00e8 la ragione pi\u00f9 importante per la nostra clinica e questo principio prevarr\u00e0 in qualsiasi relazione o servizio fornito alla comunit\u00e0.<\/p>\n<\/div>\n<div class=\"nh_v\">\n<h5>Visualizzazione<\/h5>\n<p>La visione di Mejorando Tu Salud D\u00eda A D\u00eda \u00e8 una nuova dimensione del concetto di medicina naturale, basata sulla salute e sul benessere fisico, mentale, emotivo, spirituale, sociale e ambientale.<\/p>\n<\/div>\n<\/div>\n<div class=\"nh_middle_con\">\n<p>Mejorando Tu Salud D\u00eda A D\u00eda \u00e8 stato inaugurato nel 2021. La filosofia di questa pratica \u00e8 quella di dare un&#8217;attenzione personalizzata e di qualit\u00e0 ai pazienti, salvaguardando sempre la loro integrit\u00e0. In anni di esperienza ho capito che i farmaci non curano nessuna patologia, ma anzi affermano queste patologie.<\/p>\n<h3>Valori di Mejorando tu salud d\u00eda a d\u00eda<\/h3>\n<ul>\n<li>\n<h2> Servizio <\/h2>\n<p>Siamo sempre pronti a soddisfare le aspettative dei nostri clienti e utenti attraverso il miglioramento continuo dell&#8217;attenzione e dell&#8217;impegno del nostro team umano. <\/li>\n<li>\n<h2> Impegno <\/h2>\n<p>Eseguire quanto promesso o concordato; Obbligo acquisito per ottenere buone prestazioni e meritare credibilit\u00e0. <\/li>\n<li>\n<h2> Rispetto <\/h2>\n<p>Atteggiamento di comprensione per le altre persone che ci permette di trattarle con considerazione e tolleranza. <\/li>\n<li>\n<h2> Disciplina <\/h2>\n<p>Osservazione permanente e per convinzione di comportamenti corretti e socialmente accettati per realizzare la convivenza di un gruppo umano.<\/li>\n<li>\n<h2> Sensibilit\u00e0 <\/h2>\n<p>Il nostro modo di agire e di lavorare \u00e8 coerente con i nostri principi e valori, generando cos\u00ec fiducia nei confronti del nostro atteggiamento e del nostro lavoro da parte di clienti e utenti. <\/li>\n<li>\n<h2> Onest\u00e0 <\/h2>\n<p>Il nostro modo di agire e di lavorare \u00e8 coerente con i nostri principi e valori, generando cos\u00ec fiducia nei confronti del nostro atteggiamento e del nostro lavoro da parte di clienti e utenti. <\/li>\n<\/ul>\n<\/div>\n<div class=\"nh_bottom_con\">\n<h2>La storia<\/h2>\n<section id=\"francisco\">\n<figure><img decoding=\"async\" class=\"thumb_right_dr\" src=\"[contenturl type=templateurl]\/images\/francisco.jpg\" alt=\"Francisco Fern\u00e1ndez\" \/><\/figure>\n<h3>Dr. Francisco Fern\u00e1ndez<\/h3>\n<p>Il mio nome \u00e8<span class=\"comp\">Francisco Fern\u00e1ndez<\/span> Sono nata a Caracas (Venezuela) Distretto Federale Capitale, sin da piccola mi \u00e8 sempre piaciuto lo sport quindi sin da piccola ho iniziato a studiare arti marziali e vedendo le molteplici lezioni che si producevano in allenamenti e tornei ho deciso di iscrivermi alla facolt\u00e0 di scienze della salute dall&#8217;universit\u00e0 centrale del Venezuela, una volta tornato comincio a lavorare in vari ospedali del paese, prima a Caracas e poi nell&#8217;interno del paese Aragua dove lavoro nell&#8217;ospedale generale di Maracay in emergenza, clinica calicanto nella sanit\u00e0 unit\u00e0 di prevenzione nei pazienti diabetici, e nelle ambulanze dei servizi medici di sermedica per la vita.<\/p>\n<p>Successivamente mi sono trasferito in Spagna dove continuo il mio lavoro in vari ospedali e dove faccio una specializzazione in oncologia e cure palliative presso l&#8217;Universit\u00e0 di Alcal\u00e1 de Henares, e vari tirocini in varie aree sanitarie, e poi mi trasferisco a Bruxelles dove lavoro in vari luoghi come un centro psichiatrico e alcolismo, case di cura, un ospedale generale e poi un ospedale specializzato in oncologia.<\/p>\n<p>Data la carenza di farmaci, ho deciso di intraprendere studi nell&#8217;area della naturopatia e dell&#8217;omeopatia attraverso l&#8217;Universit\u00e0 Miguel de Cervantes e l&#8217;Istituto Euronova, nonch\u00e9 una formazione in medicina nutrizionale cellulare attiva dove ho conseguito un master in questa specialit\u00e0, che amo e vedo che con la Medicina Integrativa possiamo aiutare molte persone.<\/p>\n<ul class=\"nh_social_media\">\n<li><a href=\"https:\/\/www.facebook.com\/Mejorando-tu-Salud-Dia-al-Dia-106848211358110\/\" target=\"_blank\" rel=\"noopener\"> <\/a><br \/>\n<figure><img decoding=\"async\" src=\"[contenturl type=templateurl]\/images\/nh_fb_icon.png\" alt=\"facebook\" \/><\/figure>\n<\/li>\n<li><a href=\"https:\/\/www.twitter.com\" target=\"_blank\" rel=\"noopener\"> <\/a><br \/>\n<figure><img decoding=\"async\" src=\"[contenturl type=templateurl]\/images\/nh_instagram_icon.png\" alt=\"instagram\" \/><\/figure>\n<\/li>\n<\/ul>\n<p>Numero WhatsApp: <mark>+32486315795<\/mark><\/p>\n<\/section>\n<section class=\"green_bg\">\n<figure><img decoding=\"async\" class=\"thumb_left_dr\" src=\"[contenturl type=templateurl]\/images\/neo.jpg\" alt=\"Neomar Sempr\u00fan-Hern\u00e1ndez\" \/><\/figure>\n<h3>Neomar Sempr\u00fan-Hern\u00e1ndez LPC<\/h3>\n<p><strong>Il professor Neomar \u00e8<\/strong> Biologo &#8211; Immunologo, scienziato basato su evidenze scientifiche con 16 anni di esperienza nello studio dell&#8217;immunoneurogastrometabolismo e nuovi trattamenti nella gestione dei Disturbi dello Spettro Autistico (ASD), integrato con la ricerca in Immunomicologia e Malattie Infettive. \u00c8 un consulente sanitario basato sull&#8217;evidenza per i genitori di bambini con ASD e qualsiasi patologia associata all&#8217;infiammazione. Promuove il consumo di una dieta immunomodulante e l&#8217;uso di immunomodulatori che elabora, insieme al suo team, individualmente per ogni consulente e paziente. \u00c8 stato professore universitario in diversi paesi dell&#8217;America Latina dove ha collaborato attivamente come mentore per ricercatori junior. \u00c8 membro di Societ\u00e0 Scientifiche Internazionali ricoprendo incarichi dirigenziali. \u00c8 revisore di riviste scientifiche, autore di pubblicazioni scientifiche ed \u00e8 docente ospite sul bio-approccio completo dei DSA. Inoltre, un avido lettore, atleta e conversatore divertente su argomenti di storia.<\/p>\n<p>Attualmente \u00e8 Direttore Esecutivo (CEO) dell&#8217;Unit\u00e0 di Immunologia &#8220;Professor Nola Montiel&#8221; dove, insieme al suo team, svolgono consulenze di rete mediche, nutrizionali, genetiche e scientifiche; Insegnano workshop e corsi Master per genitori e professionisti e producono prove che pubblicano periodicamente.<\/p>\n<p>e-mail: <a href=\"mailto:neomar.semprun@gmail.com\">neomar.semprun@gmail.com<\/a><\/p>\n<\/section>\n<section>\n<figure><img decoding=\"async\" class=\"thumb_right_dr\" src=\"[contenturl type=templateurl]\/images\/damaris.jpg\" alt=\"Damaris Cort\u00e9s-Figueroa\" \/><\/figure>\n<h3>Damaris Cortes-Figueroa LPC, MS\/P, NCC<\/h3>\n<p>Damaris Cort\u00e9s-Figueroa parla tre (3) lingue: inglese, spagnolo e lingua dei segni americana (ASL). Damaris \u00e8 nata a Porto Rico e si \u00e8 trasferita negli Stati Uniti all&#8217;et\u00e0 di 18 anni. Damaris ama ascoltare e parlare con le persone. Il tuo obiettivo \u00e8 guidarli a identificare i loro punti di forza e fare ci\u00f2 che amano. Aiuta anche le persone a identificare le loro debolezze e le incoraggia a vedere il positivo dal negativo.<\/p>\n<p><strong>Qualifiche e background<\/strong><br \/>\nDamaris Cort\u00e9s Figueroa ha conseguito il Master of Science in Psicologia presso l&#8217;Universit\u00e0 di Phoenix nel luglio 2013, ha anche conseguito il Master of Science nel programma di consulenza della Liberty University. Damaris si \u00e8 laureata Magna Cum Laude in entrambi i programmi. Damaris ha anche conseguito la laurea in psicologia presso l&#8217;Universit\u00e0 di Phoenix nel 2011, laureandosi con un GPA 3.9. Nel 2009, ha completato la sua specializzazione artistica in Gestione dei servizi umani \/ Lavoro sociale. Nel 2014, Damaris ha completato la National Counselor Certification (NCC).<\/p>\n<p>Durante il suo corso di laurea, ha completato uno stage di sei anni presso Access Family Services ad Asheville, nella Carolina del Nord. L\u00ec ha lavorato con bambini e adulti di tutte le et\u00e0. Ha fornito terapia individuale e familiare ai clienti indipendentemente dal genere, dalla razza o dallo stato socioeconomico. I suoi clienti erano bambini (dai 2 anni in su), adolescenti, adulti, coppie e famiglie. Le varie popolazioni e situazioni con cui ha affrontato sono problemi emotivi, traumi, ansia, depressione, lavoro sul lutto, PTSD, ADHD e formazione genitoriale, tra gli altri.<\/p>\n<p>Ha fornito terapia individuale agli adulti della comunit\u00e0 con varie diagnosi di salute mentale, tra cui ansia, depressione, disturbo bipolare e disturbi della personalit\u00e0. Ha anche co-facilitato un gruppo settimanale di salute mentale infantile incentrato sul disturbo da deficit di attenzione e iperattivit\u00e0 (ADHD), disturbo depressivo maggiore (MDD) e gruppi di violenza domestica. Come LPCA, ha lavorato con i giovani fornendo servizi intensivi a domicilio e come terapista ambulatoriale per bambini e adulti.<\/p>\n<p>Attualmente, Damaris ha completato oltre quattromilacinquecento (4.500) ore di consulenza \/ psicoterapia supervisionata per il suo consulente professionale autorizzato (LCMHC) \/ autorizzato. Damaris lavora come consulente ambulatoriale \/ scolastico, al servizio di bambini e adulti. Alcuni dei problemi che sta attualmente affrontando includono: comprensione e gestione dell&#8217;ansia, comportamenti di sfida, disturbo bipolare, disturbo dello spettro autistico (ASD), disturbo da deficit di attenzione e iperattivit\u00e0 (ADHD), cos\u00ec come la navigazione in una nuova salute mentale e\/o fisica. diagnosi. Lavora anche con clienti che hanno sperimentato o stanno vivendo il divorzio, il lutto, l&#8217;abuso di sostanze, la dipendenza e la depressione.<\/p>\n<p>L&#8217;orientamento teorico di Damaris \u00e8 inclusivo. \u00c8 fortemente influenzata dagli approcci al counseling cognitivo-comportamentali, dialettico-comportamentali, centrati sulla persona e centrati sulla soluzione. Cerca una relazione sicura, etica e coerente con i suoi clienti mentre sfida il cliente ad osservare i modi in cui il pensiero del cliente influisce sul suo mondo. L&#8217;obiettivo di Damaris \u00e8 aiutare i suoi clienti a ottenere autonomia e indipendenza nella loro vita quotidiana mentre lavorano duramente per raggiungere i loro obiettivi identificati.<\/p>\n<p>Le aree di competenza di Damaris includono: Terapia cognitivo comportamentale (CBT), Tecniche dialettiche comportamentali, Triple P, Psicoeducazione, Terapia del gioco, Tecniche di respirazione, Tecniche di radicamento e Miglioramento delle relazioni.<\/p>\n<p>Telefono: <mark> 828-489-7002 <\/mark><br \/>\ne-mail: <a href=\"mailto:damaris@dcwellnessinc.org\">damaris@dcwellnessinc.org<\/a><\/p>\n<\/section>\n<\/div>\n<\/div>\n<\/div>\n","protected":false},"excerpt":{"rendered":"<p>Servizi di qualit\u00e0 a Bruxelles, Belgio Missione La missione di Mejorando Tu Salud D\u00eda A D\u00eda \u00e8 fornire servizi sanitari adeguati alle esigenze e alle richieste dei nostri pazienti, supportati dal nostro capitale umano, dall&#8217;eccellenza nella cura e dalla ricerca di tecnologie all&#8217;avanguardia, il tutto basato sui principi della medicina naturale , nella prevenzione delle [&hellip;]<\/p>\n","protected":false},"author":1,"featured_media":49,"parent":0,"menu_order":0,"comment_status":"closed","ping_status":"closed","template":"","meta":{"pgc_sgb_lightbox_settings":"","footnotes":""},"class_list":["post-11","page","type-page","status-publish","has-post-thumbnail","hentry"],"translation":{"provider":"WPGlobus","version":"2.8.8","language":"it","enabled_languages":["es","ct","en","fr","de","it","pt"],"languages":{"es":{"title":true,"content":true,"excerpt":false},"ct":{"title":true,"content":true,"excerpt":false},"en":{"title":true,"content":true,"excerpt":false},"fr":{"title":true,"content":true,"excerpt":false},"de":{"title":true,"content":true,"excerpt":false},"it":{"title":true,"content":true,"excerpt":false},"pt":{"title":true,"content":true,"excerpt":false}}},"yoast_head":"<!-- This site is optimized with the Yoast SEO plugin v15.9 - https:\/\/yoast.com\/wordpress\/plugins\/seo\/ -->\n<title>Chi siamo | Doctor\u2019s Clinic in BXL - Mejorando Tu Salud Dia A Dia<\/title>\n<meta name=\"robots\" content=\"index, follow, max-snippet:-1, max-image-preview:large, max-video-preview:-1\" \/>\n<link rel=\"canonical\" href=\"https:\/\/mejorandotusaluddiaadia.com\/medico-clinica-acerca-de-nosotros\" \/>\n<meta property=\"og:locale\" content=\"it_IT\" \/>\n<meta property=\"og:type\" content=\"article\" \/>\n<meta property=\"og:title\" content=\"Chi siamo | Doctor\u2019s Clinic in BXL - Mejorando Tu Salud Dia A Dia\" \/>\n<meta property=\"og:url\" content=\"https:\/\/mejorandotusaluddiaadia.com\/medico-clinica-acerca-de-nosotros\" \/>\n<meta property=\"og:site_name\" content=\"mejorandotusaluddialdia\" \/>\n<meta property=\"article:modified_time\" content=\"2025-02-22T15:31:25+00:00\" \/>\n<meta property=\"og:image\" content=\"https:\/\/mejorandotusaluddiaadia.com\/wp-content\/uploads\/2021\/09\/non-home-1208448841.jpg\" \/>\n\t<meta property=\"og:image:width\" content=\"1920\" \/>\n\t<meta property=\"og:image:height\" content=\"500\" \/>\n<meta name=\"twitter:card\" content=\"summary_large_image\" \/>\n<meta name=\"twitter:label1\" content=\"Est. reading time\">\n\t<meta name=\"twitter:data1\" content=\"7 minutes\">\n<script type=\"application\/ld+json\" class=\"yoast-schema-graph\">{\"@context\":\"https:\/\/schema.org\",\"@graph\":[{\"@type\":\"WebSite\",\"@id\":\"https:\/\/mejorandotusaluddiaadia.com\/#website\",\"url\":\"https:\/\/mejorandotusaluddiaadia.com\/\",\"name\":\"mejorandotusaluddialdia\",\"description\":\"\",\"potentialAction\":[{\"@type\":\"SearchAction\",\"target\":\"https:\/\/mejorandotusaluddiaadia.com\/?s={search_term_string}\",\"query-input\":\"required name=search_term_string\"}],\"inLanguage\":\"it-IT\"},{\"@type\":\"ImageObject\",\"@id\":\"https:\/\/mejorandotusaluddiaadia.com\/medico-clinica-acerca-de-nosotros#primaryimage\",\"inLanguage\":\"it-IT\",\"url\":\"https:\/\/mejorandotusaluddiaadia.com\/wp-content\/uploads\/2021\/09\/non-home-1208448841.jpg\",\"width\":1920,\"height\":500,\"caption\":\"a female nurse smiling\"},{\"@type\":\"WebPage\",\"@id\":\"https:\/\/mejorandotusaluddiaadia.com\/medico-clinica-acerca-de-nosotros#webpage\",\"url\":\"https:\/\/mejorandotusaluddiaadia.com\/medico-clinica-acerca-de-nosotros\",\"name\":\"Chi siamo | Doctor\\u2019s Clinic in BXL - Mejorando Tu Salud Dia A Dia\",\"isPartOf\":{\"@id\":\"https:\/\/mejorandotusaluddiaadia.com\/#website\"},\"primaryImageOfPage\":{\"@id\":\"https:\/\/mejorandotusaluddiaadia.com\/medico-clinica-acerca-de-nosotros#primaryimage\"},\"datePublished\":\"2021-09-13T07:36:55+00:00\",\"dateModified\":\"2025-02-22T15:31:25+00:00\",\"description\":\"Mejorando Tu Salud Dia A Dia es un consultorio en Bruselas, Belgica. Learn more from our website.\",\"breadcrumb\":{\"@id\":\"https:\/\/mejorandotusaluddiaadia.com\/medico-clinica-acerca-de-nosotros#breadcrumb\"},\"inLanguage\":\"it-IT\",\"potentialAction\":[{\"@type\":\"ReadAction\",\"target\":[\"https:\/\/mejorandotusaluddiaadia.com\/medico-clinica-acerca-de-nosotros\"]}]},{\"@type\":\"BreadcrumbList\",\"@id\":\"https:\/\/mejorandotusaluddiaadia.com\/medico-clinica-acerca-de-nosotros#breadcrumb\",\"itemListElement\":[{\"@type\":\"ListItem\",\"position\":1,\"item\":{\"@type\":\"WebPage\",\"@id\":\"https:\/\/mejorandotusaluddiaadia.com\/\",\"url\":\"https:\/\/mejorandotusaluddiaadia.com\/\",\"name\":\"Home\"}},{\"@type\":\"ListItem\",\"position\":2,\"item\":{\"@type\":\"WebPage\",\"@id\":\"https:\/\/mejorandotusaluddiaadia.com\/medico-clinica-acerca-de-nosotros\",\"url\":\"https:\/\/mejorandotusaluddiaadia.com\/medico-clinica-acerca-de-nosotros\",\"name\":\"Acerca de Nosotros\"}}]}]}<\/script>\n<!-- \/ Yoast SEO plugin. -->","_links":{"self":[{"href":"https:\/\/mejorandotusaluddiaadia.com\/it\/wp-json\/wp\/v2\/pages\/11","targetHints":{"allow":["GET"]}}],"collection":[{"href":"https:\/\/mejorandotusaluddiaadia.com\/it\/wp-json\/wp\/v2\/pages"}],"about":[{"href":"https:\/\/mejorandotusaluddiaadia.com\/it\/wp-json\/wp\/v2\/types\/page"}],"author":[{"embeddable":true,"href":"https:\/\/mejorandotusaluddiaadia.com\/it\/wp-json\/wp\/v2\/users\/1"}],"replies":[{"embeddable":true,"href":"https:\/\/mejorandotusaluddiaadia.com\/it\/wp-json\/wp\/v2\/comments?post=11"}],"version-history":[{"count":75,"href":"https:\/\/mejorandotusaluddiaadia.com\/it\/wp-json\/wp\/v2\/pages\/11\/revisions"}],"predecessor-version":[{"id":590,"href":"https:\/\/mejorandotusaluddiaadia.com\/it\/wp-json\/wp\/v2\/pages\/11\/revisions\/590"}],"wp:featuredmedia":[{"embeddable":true,"href":"https:\/\/mejorandotusaluddiaadia.com\/it\/wp-json\/wp\/v2\/media\/49"}],"wp:attachment":[{"href":"https:\/\/mejorandotusaluddiaadia.com\/it\/wp-json\/wp\/v2\/media?parent=11"}],"curies":[{"name":"wp","href":"https:\/\/api.w.org\/{rel}","templated":true}]}}