{"id":12,"date":"2021-09-13T07:36:55","date_gmt":"2021-09-13T07:36:55","guid":{"rendered":"http:\/\/w2254.proweaver2.site\/?page_id=12"},"modified":"2024-12-04T14:11:31","modified_gmt":"2024-12-04T14:11:31","slug":"medico-clinica-servicios","status":"publish","type":"page","link":"https:\/\/mejorandotusaluddiaadia.com\/it\/medico-clinica-servicios","title":{"rendered":"Servizi"},"content":{"rendered":"<div class=\"intro_txt\">Servizi sanitari di qualit\u00e0 forniti da un team d&#8217;\u00e9lite di esperti medici<\/div>\n<div class=\"wrapper\">\n<div class=\"serv_in\">\n<p>Improving Your Health Day By Day \u00e8 orgogliosa di fornire servizi sanitari di qualit\u00e0 su misura per le tue condizioni di salute uniche. Il nostro obiettivo \u00e8 promuovere la salute e arricchire la qualit\u00e0 della vita dei nostri pazienti con integrit\u00e0 ed esperienza. Il nostro team mira a promuovere la salute e prevenire le complicanze. Siamo specializzati in naturopatia e serviamo come eccellenti allenatori di benessere per i nostri pazienti.<\/p>\n<div class=\"serv_list\">\n<ul>\n<li>\n<figure><img decoding=\"async\" src=\"[contenturl type=templateurl]\/images\/thumb-serv4.jpg\" alt=\"nurse check the patient health\"><figcaption><a href=\"naturopatia\"><span>Naturopatia<\/span><\/a><\/figcaption><\/figure>\n<\/li>\n<li>\n<figure><img decoding=\"async\" src=\"[contenturl type=templateurl]\/images\/thumb-serv1.jpg\" alt=\"professional tool stethoscope is in the table\"><figcaption><a href=\"homeopatia\"><span>Omeopatia<\/span><\/a><\/figcaption><\/figure>\n<\/li>\n<li>\n<figure><img decoding=\"async\" src=\"[contenturl type=templateurl]\/images\/thumb-serv2.jpg\" alt=\"doctor and a patient talking each other\"><figcaption><a href=\"tranferceutical\"><span>Tranferceutical<\/span><\/a><\/figcaption><\/figure>\n<\/li>\n<li>\n<figure><img decoding=\"async\" src=\"[contenturl type=templateurl]\/images\/thumb-serv3.jpg\" alt=\"doctor and a patient talking for the prescriptions\"><figcaption><a href=\"perfil-nutricional\"><span>Profilo nutrizionale<\/span><\/a><\/figcaption><\/figure>\n<\/li>\n<li>\n<figure><img decoding=\"async\" src=\"[contenturl type=templateurl]\/images\/thumbnails\/thumb-178178567.jpg\" alt=\"Psychotherapist and patient in office\"><figcaption><a href=\"psicoterapia\"><span>Psychotherapie<\/span><\/a><\/figcaption><\/figure>\n<\/li>\n<li>\n<figure><img decoding=\"async\" src=\"[contenturl type=templateurl]\/images\/thumbnails\/thumb-224501419.jpg\" alt=\"Spacial classroom of disabled kids or autism\"><figcaption><a href=\"inmunilogia-aplicada-en-pacientes-con-autismo\"><span>Immunologia applicata in pazienti con autismo<\/span><\/a><\/figcaption><\/figure>\n<\/li>\n<\/ul>\n<\/div>\n<\/div>\n<\/div>\n","protected":false},"excerpt":{"rendered":"<p>Servizi sanitari di qualit\u00e0 forniti da un team d&#8217;\u00e9lite di esperti medici Improving Your Health Day By Day \u00e8 orgogliosa di fornire servizi sanitari di qualit\u00e0 su misura per le tue condizioni di salute uniche. Il nostro obiettivo \u00e8 promuovere la salute e arricchire la qualit\u00e0 della vita dei nostri pazienti con integrit\u00e0 ed esperienza. [&hellip;]<\/p>\n","protected":false},"author":1,"featured_media":45,"parent":0,"menu_order":0,"comment_status":"closed","ping_status":"closed","template":"","meta":{"pgc_sgb_lightbox_settings":"","footnotes":""},"class_list":["post-12","page","type-page","status-publish","has-post-thumbnail","hentry"],"translation":{"provider":"WPGlobus","version":"2.8.8","language":"it","enabled_languages":["es","ct","en","fr","de","it","pt"],"languages":{"es":{"title":true,"content":true,"excerpt":false},"ct":{"title":true,"content":true,"excerpt":false},"en":{"title":true,"content":true,"excerpt":false},"fr":{"title":true,"content":true,"excerpt":false},"de":{"title":true,"content":true,"excerpt":false},"it":{"title":true,"content":true,"excerpt":false},"pt":{"title":true,"content":true,"excerpt":false}}},"yoast_head":"<!-- This site is optimized with the Yoast SEO plugin v15.9 - https:\/\/yoast.com\/wordpress\/plugins\/seo\/ -->\n<title>Servizi | Doctor\u2019s Clinic in BXL - Mejorando Tu Salud Dia A Dia<\/title>\n<meta name=\"robots\" content=\"index, follow, max-snippet:-1, max-image-preview:large, max-video-preview:-1\" \/>\n<link rel=\"canonical\" href=\"https:\/\/mejorandotusaluddiaadia.com\/medico-clinica-servicios\" \/>\n<meta property=\"og:locale\" content=\"it_IT\" \/>\n<meta property=\"og:type\" content=\"article\" \/>\n<meta property=\"og:title\" content=\"Servizi | Doctor\u2019s Clinic in BXL - Mejorando Tu Salud Dia A Dia\" \/>\n<meta property=\"og:url\" content=\"https:\/\/mejorandotusaluddiaadia.com\/medico-clinica-servicios\" \/>\n<meta property=\"og:site_name\" content=\"mejorandotusaluddialdia\" \/>\n<meta property=\"article:modified_time\" content=\"2024-12-04T14:11:31+00:00\" \/>\n<meta property=\"og:image\" content=\"https:\/\/mejorandotusaluddiaadia.com\/wp-content\/uploads\/2021\/09\/nonhome-155673656.jpg\" \/>\n\t<meta property=\"og:image:width\" content=\"1920\" \/>\n\t<meta property=\"og:image:height\" content=\"500\" \/>\n<meta name=\"twitter:card\" content=\"summary_large_image\" \/>\n<meta name=\"twitter:label1\" content=\"Est. reading time\">\n\t<meta name=\"twitter:data1\" content=\"2 minutes\">\n<script type=\"application\/ld+json\" class=\"yoast-schema-graph\">{\"@context\":\"https:\/\/schema.org\",\"@graph\":[{\"@type\":\"WebSite\",\"@id\":\"https:\/\/mejorandotusaluddiaadia.com\/#website\",\"url\":\"https:\/\/mejorandotusaluddiaadia.com\/\",\"name\":\"mejorandotusaluddialdia\",\"description\":\"\",\"potentialAction\":[{\"@type\":\"SearchAction\",\"target\":\"https:\/\/mejorandotusaluddiaadia.com\/?s={search_term_string}\",\"query-input\":\"required name=search_term_string\"}],\"inLanguage\":\"it-IT\"},{\"@type\":\"ImageObject\",\"@id\":\"https:\/\/mejorandotusaluddiaadia.com\/medico-clinica-servicios#primaryimage\",\"inLanguage\":\"it-IT\",\"url\":\"https:\/\/mejorandotusaluddiaadia.com\/wp-content\/uploads\/2021\/09\/nonhome-155673656.jpg\",\"width\":1920,\"height\":500,\"caption\":\"a male nurse showing thumbs up\"},{\"@type\":\"WebPage\",\"@id\":\"https:\/\/mejorandotusaluddiaadia.com\/medico-clinica-servicios#webpage\",\"url\":\"https:\/\/mejorandotusaluddiaadia.com\/medico-clinica-servicios\",\"name\":\"Servizi | Doctor\\u2019s Clinic in BXL - Mejorando Tu Salud Dia A Dia\",\"isPartOf\":{\"@id\":\"https:\/\/mejorandotusaluddiaadia.com\/#website\"},\"primaryImageOfPage\":{\"@id\":\"https:\/\/mejorandotusaluddiaadia.com\/medico-clinica-servicios#primaryimage\"},\"datePublished\":\"2021-09-13T07:36:55+00:00\",\"dateModified\":\"2024-12-04T14:11:31+00:00\",\"description\":\"Mejorando Tu Salud Dia A Dia is a trustworthy doctor\\u2019s clinic in Brussels. Learn more from our website.\",\"breadcrumb\":{\"@id\":\"https:\/\/mejorandotusaluddiaadia.com\/medico-clinica-servicios#breadcrumb\"},\"inLanguage\":\"it-IT\",\"potentialAction\":[{\"@type\":\"ReadAction\",\"target\":[\"https:\/\/mejorandotusaluddiaadia.com\/medico-clinica-servicios\"]}]},{\"@type\":\"BreadcrumbList\",\"@id\":\"https:\/\/mejorandotusaluddiaadia.com\/medico-clinica-servicios#breadcrumb\",\"itemListElement\":[{\"@type\":\"ListItem\",\"position\":1,\"item\":{\"@type\":\"WebPage\",\"@id\":\"https:\/\/mejorandotusaluddiaadia.com\/\",\"url\":\"https:\/\/mejorandotusaluddiaadia.com\/\",\"name\":\"Home\"}},{\"@type\":\"ListItem\",\"position\":2,\"item\":{\"@type\":\"WebPage\",\"@id\":\"https:\/\/mejorandotusaluddiaadia.com\/medico-clinica-servicios\",\"url\":\"https:\/\/mejorandotusaluddiaadia.com\/medico-clinica-servicios\",\"name\":\"Servicios\"}}]}]}<\/script>\n<!-- \/ Yoast SEO plugin. -->","_links":{"self":[{"href":"https:\/\/mejorandotusaluddiaadia.com\/it\/wp-json\/wp\/v2\/pages\/12","targetHints":{"allow":["GET"]}}],"collection":[{"href":"https:\/\/mejorandotusaluddiaadia.com\/it\/wp-json\/wp\/v2\/pages"}],"about":[{"href":"https:\/\/mejorandotusaluddiaadia.com\/it\/wp-json\/wp\/v2\/types\/page"}],"author":[{"embeddable":true,"href":"https:\/\/mejorandotusaluddiaadia.com\/it\/wp-json\/wp\/v2\/users\/1"}],"replies":[{"embeddable":true,"href":"https:\/\/mejorandotusaluddiaadia.com\/it\/wp-json\/wp\/v2\/comments?post=12"}],"version-history":[{"count":32,"href":"https:\/\/mejorandotusaluddiaadia.com\/it\/wp-json\/wp\/v2\/pages\/12\/revisions"}],"predecessor-version":[{"id":582,"href":"https:\/\/mejorandotusaluddiaadia.com\/it\/wp-json\/wp\/v2\/pages\/12\/revisions\/582"}],"wp:featuredmedia":[{"embeddable":true,"href":"https:\/\/mejorandotusaluddiaadia.com\/it\/wp-json\/wp\/v2\/media\/45"}],"wp:attachment":[{"href":"https:\/\/mejorandotusaluddiaadia.com\/it\/wp-json\/wp\/v2\/media?parent=12"}],"curies":[{"name":"wp","href":"https:\/\/api.w.org\/{rel}","templated":true}]}}