{"id":59,"date":"2021-09-14T05:36:14","date_gmt":"2021-09-14T05:36:14","guid":{"rendered":"https:\/\/w2254.proweaver2.site\/?page_id=59"},"modified":"2021-12-01T08:31:31","modified_gmt":"2021-12-01T08:31:31","slug":"naturopatia","status":"publish","type":"page","link":"https:\/\/mejorandotusaluddiaadia.com\/it\/medico-clinica-servicios\/naturopatia","title":{"rendered":"Naturopatia"},"content":{"rendered":"<div class=\"intro_txt\">Raggiungere un benessere ottimale attraverso la medicina non invasiva<\/div>\n<div class=\"wrapper\">\n<div class=\"serv_in\">\n<p>La naturopatia comprende un&#8217;ampia variet\u00e0 di tecniche di medicina alternativa. L&#8217;obiettivo della terapia \u00e8 quello di stimolare la capacit\u00e0 di guarigione innata del corpo e di facilitare i suoi meccanismi di bilanciamento per raggiungere un buon stato di salute.<\/p>\n<h2>Alcuni dei tipi di malattia stordente sono<\/h2>\n<ul class=\"bullet col2\">\n<li>Omeopatia, omotossicologia e isoterapia\n<li>Medicina naturopatica, biologica e integrativa\n<li>Medicina Tradizionale Cinese e Agopuntura\n<li>Medicina ayurvedica (medicina tradizionale dell&#8217;India\n<li>Fitoterapia\n<li>Chiromassaggio, osteopatia e chiropratica\n<li>Oligoelementi\n<li>Fiori di Bach\n<li>Aromaterapia\n<li>Riflessologia plantare\n<li>Iridologia\n<\/ul>\n<p>Coinvolge la diagnosi, il trattamento e la prevenzione dei disturbi della salute attraverso l&#8217;uso di terapie, metodi e materiali naturali, che possono essere: nutrizione clinica, fitoterapia, agopuntura, omeopatia o antichi sistemi medici come quelli utilizzati in Cina o in India.<\/p>\n<h2>Cosa pu\u00f2 essere trattato con la naturopatia o la medicina biologica?<\/h2>\n<p>Contro qualsiasi alterazione della salute che influisce sul normale funzionamento del corpo, agisce sulla base del potenziamento del sistema immunitario, rafforzando il corpo e preparandolo verso il suo recupero tenendo conto della relazione tra i diversi organi e parti del corpo.<\/p>\n<p>Comprendendo diverse tecniche che -da una visione totalmente olistica- trattano il corpo umano in modo integrale -e non in isolamento si ottiene un effetto di recupero pi\u00f9 ampio, nella sua massima totalit\u00e0.<\/p>\n<p>Per quanto riguarda il tipo di patologie a cui si applicano, ci sono quelle di tutte le aree della salute, ad esempio:<\/p>\n<ul class=\"bullet col2\">\n<li>Osso e articolazione: artrosi, artrite, osteoporosi, ernia del disco, malattie degenerative dell&#8217;osso e della cartilagine\n<li>Malattie della pelle: psoriasi, dermatite, eczema, pelle atopica, acne, perdita di capelli\n<li>Patologie sportive: tendinite, lesioni muscolari, spalla dolorante\n<li>Fibromialgia e stanchezza cronica\n<li>Emicrania\n<li>Allergie\n<li>Problemi dell&#8217;apparato digerente: intolleranze, candidosi, ulcere, ernie, dispepsie, stitichezza, flatulenza, ecc.\n<li>Stress\n<li>Malattie del sistema nervoso: ansia, depressione, angoscia, fobie, dipendenze (tabacco e altri), insonnia, sindrome delle gambe senza riposo\n<li>Disturbi ormonali delle donne: menopausa, mestruazioni irregolari, periodi dolorosi\n<\/ul>\n<h2>Esperto in nutrizione cellulare attiva<\/h2>\n<p>Pratichiamo con integratori nutrizionali e oligoelementi<\/p>\n<\/div>\n<\/div>\n","protected":false},"excerpt":{"rendered":"<p>Raggiungere un benessere ottimale attraverso la medicina non invasiva La naturopatia comprende un&#8217;ampia variet\u00e0 di tecniche di medicina alternativa. L&#8217;obiettivo della terapia \u00e8 quello di stimolare la capacit\u00e0 di guarigione innata del corpo e di facilitare i suoi meccanismi di bilanciamento per raggiungere un buon stato di salute. Alcuni dei tipi di malattia stordente sono [&hellip;]<\/p>\n","protected":false},"author":1,"featured_media":78,"parent":12,"menu_order":0,"comment_status":"closed","ping_status":"closed","template":"","meta":{"pgc_sgb_lightbox_settings":"","footnotes":""},"class_list":["post-59","page","type-page","status-publish","has-post-thumbnail","hentry"],"translation":{"provider":"WPGlobus","version":"2.8.8","language":"it","enabled_languages":["es","ct","en","fr","de","it","pt"],"languages":{"es":{"title":true,"content":true,"excerpt":false},"ct":{"title":true,"content":true,"excerpt":false},"en":{"title":true,"content":true,"excerpt":false},"fr":{"title":true,"content":true,"excerpt":false},"de":{"title":true,"content":true,"excerpt":false},"it":{"title":true,"content":true,"excerpt":false},"pt":{"title":true,"content":true,"excerpt":false}}},"yoast_head":"<!-- This site is optimized with the Yoast SEO plugin v15.9 - https:\/\/yoast.com\/wordpress\/plugins\/seo\/ -->\n<title>Naturopatia | Doctor\u2019s Clinic in BXL - Mejorando Tu Salud Dia A Dia<\/title>\n<meta name=\"robots\" content=\"index, follow, max-snippet:-1, max-image-preview:large, max-video-preview:-1\" \/>\n<link rel=\"canonical\" href=\"https:\/\/mejorandotusaluddiaadia.com\/medico-clinica-servicios\/naturopatia\" \/>\n<meta property=\"og:locale\" content=\"it_IT\" \/>\n<meta property=\"og:type\" content=\"article\" \/>\n<meta property=\"og:title\" content=\"Naturopatia | Doctor\u2019s Clinic in BXL - Mejorando Tu Salud Dia A Dia\" \/>\n<meta property=\"og:url\" content=\"https:\/\/mejorandotusaluddiaadia.com\/medico-clinica-servicios\/naturopatia\" \/>\n<meta property=\"og:site_name\" content=\"mejorandotusaluddialdia\" \/>\n<meta property=\"article:modified_time\" content=\"2021-12-01T08:31:31+00:00\" \/>\n<meta property=\"og:image\" content=\"https:\/\/mejorandotusaluddiaadia.com\/wp-content\/uploads\/2021\/09\/nonhome-4.jpg\" \/>\n\t<meta property=\"og:image:width\" content=\"1920\" \/>\n\t<meta property=\"og:image:height\" content=\"500\" \/>\n<meta name=\"twitter:card\" content=\"summary_large_image\" \/>\n<meta name=\"twitter:label1\" content=\"Est. reading time\">\n\t<meta name=\"twitter:data1\" content=\"2 minutes\">\n<script type=\"application\/ld+json\" class=\"yoast-schema-graph\">{\"@context\":\"https:\/\/schema.org\",\"@graph\":[{\"@type\":\"WebSite\",\"@id\":\"https:\/\/mejorandotusaluddiaadia.com\/#website\",\"url\":\"https:\/\/mejorandotusaluddiaadia.com\/\",\"name\":\"mejorandotusaluddialdia\",\"description\":\"\",\"potentialAction\":[{\"@type\":\"SearchAction\",\"target\":\"https:\/\/mejorandotusaluddiaadia.com\/?s={search_term_string}\",\"query-input\":\"required name=search_term_string\"}],\"inLanguage\":\"it-IT\"},{\"@type\":\"ImageObject\",\"@id\":\"https:\/\/mejorandotusaluddiaadia.com\/medico-clinica-servicios\/naturopatia#primaryimage\",\"inLanguage\":\"it-IT\",\"url\":\"https:\/\/mejorandotusaluddiaadia.com\/wp-content\/uploads\/2021\/09\/nonhome-4.jpg\",\"width\":1920,\"height\":500,\"caption\":\"nurse check the patient health\"},{\"@type\":\"WebPage\",\"@id\":\"https:\/\/mejorandotusaluddiaadia.com\/medico-clinica-servicios\/naturopatia#webpage\",\"url\":\"https:\/\/mejorandotusaluddiaadia.com\/medico-clinica-servicios\/naturopatia\",\"name\":\"Naturopatia | Doctor\\u2019s Clinic in BXL - Mejorando Tu Salud Dia A Dia\",\"isPartOf\":{\"@id\":\"https:\/\/mejorandotusaluddiaadia.com\/#website\"},\"primaryImageOfPage\":{\"@id\":\"https:\/\/mejorandotusaluddiaadia.com\/medico-clinica-servicios\/naturopatia#primaryimage\"},\"datePublished\":\"2021-09-14T05:36:14+00:00\",\"dateModified\":\"2021-12-01T08:31:31+00:00\",\"description\":\"Mejorando Tu Salud Dia A Dia is a trustworthy doctor\\u2019s clinic in Brussels. Learn more from our website.\",\"breadcrumb\":{\"@id\":\"https:\/\/mejorandotusaluddiaadia.com\/medico-clinica-servicios\/naturopatia#breadcrumb\"},\"inLanguage\":\"it-IT\",\"potentialAction\":[{\"@type\":\"ReadAction\",\"target\":[\"https:\/\/mejorandotusaluddiaadia.com\/medico-clinica-servicios\/naturopatia\"]}]},{\"@type\":\"BreadcrumbList\",\"@id\":\"https:\/\/mejorandotusaluddiaadia.com\/medico-clinica-servicios\/naturopatia#breadcrumb\",\"itemListElement\":[{\"@type\":\"ListItem\",\"position\":1,\"item\":{\"@type\":\"WebPage\",\"@id\":\"https:\/\/mejorandotusaluddiaadia.com\/\",\"url\":\"https:\/\/mejorandotusaluddiaadia.com\/\",\"name\":\"Home\"}},{\"@type\":\"ListItem\",\"position\":2,\"item\":{\"@type\":\"WebPage\",\"@id\":\"https:\/\/mejorandotusaluddiaadia.com\/medico-clinica-servicios\",\"url\":\"https:\/\/mejorandotusaluddiaadia.com\/medico-clinica-servicios\",\"name\":\"Servicios\"}},{\"@type\":\"ListItem\",\"position\":3,\"item\":{\"@type\":\"WebPage\",\"@id\":\"https:\/\/mejorandotusaluddiaadia.com\/medico-clinica-servicios\/naturopatia\",\"url\":\"https:\/\/mejorandotusaluddiaadia.com\/medico-clinica-servicios\/naturopatia\",\"name\":\"Naturopathy\"}}]}]}<\/script>\n<!-- \/ Yoast SEO plugin. -->","_links":{"self":[{"href":"https:\/\/mejorandotusaluddiaadia.com\/it\/wp-json\/wp\/v2\/pages\/59","targetHints":{"allow":["GET"]}}],"collection":[{"href":"https:\/\/mejorandotusaluddiaadia.com\/it\/wp-json\/wp\/v2\/pages"}],"about":[{"href":"https:\/\/mejorandotusaluddiaadia.com\/it\/wp-json\/wp\/v2\/types\/page"}],"author":[{"embeddable":true,"href":"https:\/\/mejorandotusaluddiaadia.com\/it\/wp-json\/wp\/v2\/users\/1"}],"replies":[{"embeddable":true,"href":"https:\/\/mejorandotusaluddiaadia.com\/it\/wp-json\/wp\/v2\/comments?post=59"}],"version-history":[{"count":11,"href":"https:\/\/mejorandotusaluddiaadia.com\/it\/wp-json\/wp\/v2\/pages\/59\/revisions"}],"predecessor-version":[{"id":300,"href":"https:\/\/mejorandotusaluddiaadia.com\/it\/wp-json\/wp\/v2\/pages\/59\/revisions\/300"}],"up":[{"embeddable":true,"href":"https:\/\/mejorandotusaluddiaadia.com\/it\/wp-json\/wp\/v2\/pages\/12"}],"wp:featuredmedia":[{"embeddable":true,"href":"https:\/\/mejorandotusaluddiaadia.com\/it\/wp-json\/wp\/v2\/media\/78"}],"wp:attachment":[{"href":"https:\/\/mejorandotusaluddiaadia.com\/it\/wp-json\/wp\/v2\/media?parent=59"}],"curies":[{"name":"wp","href":"https:\/\/api.w.org\/{rel}","templated":true}]}}