{"id":11,"date":"2021-09-13T07:36:55","date_gmt":"2021-09-13T07:36:55","guid":{"rendered":"http:\/\/w2254.proweaver2.site\/?page_id=11"},"modified":"2025-02-22T15:31:25","modified_gmt":"2025-02-22T15:31:25","slug":"medico-clinica-acerca-de-nosotros","status":"publish","type":"page","link":"https:\/\/mejorandotusaluddiaadia.com\/pt\/medico-clinica-acerca-de-nosotros","title":{"rendered":"Sobre n\u00f3s"},"content":{"rendered":"<div class=\"intro_txt\">Servi\u00e7os de qualidade em Bruxelas, B\u00e9lgica<\/div>\n<div class=\"wrapper\">\n<div class=\"about_in\">\n<div class=\"nh_mv\">\n<div id=\"mission\" class=\"nh_m\">\n<h5>Miss\u00e3o<\/h5>\n<p>A miss\u00e3o de Mejorando Tu Salud D\u00eda A D\u00eda \u00e9 prestar servi\u00e7os de sa\u00fade adaptados \u00e0s necessidades e demandas de nossos pacientes, amparados por nosso capital humano, excel\u00eancia no atendimento e na busca por tecnologia de ponta, tudo baseado nos princ\u00edpios da medicina natural , na preven\u00e7\u00e3o de doen\u00e7as e na gest\u00e3o de terap\u00eauticas complementares, mais humanas e afetivas. O paciente \u00e9 o motivo mais importante da nossa cl\u00ednica e este princ\u00edpio prevalecer\u00e1 em qualquer rela\u00e7\u00e3o ou servi\u00e7o prestado \u00e0 comunidade.<\/p>\n<\/div>\n<div class=\"nh_v\">\n<h5>Visualizar<\/h5>\n<p>A vis\u00e3o de Mejorando Tu Salud D\u00eda A D\u00eda \u00e9 uma nova dimens\u00e3o do conceito de medicina natural, baseada na sa\u00fade e no bem-estar f\u00edsico, mental, emocional, espiritual, social e ambiental.<\/p>\n<\/div>\n<\/div>\n<div class=\"nh_middle_con\">\n<p>Mejorando Tu Salud D\u00eda A D\u00eda foi inaugurada em 2021. A filosofia desta pr\u00e1tica \u00e9 dar aten\u00e7\u00e3o personalizada e de qualidade aos pacientes, sempre resguardando sua integridade. Ao longo de anos de experi\u00eancia, compreendi que os medicamentos n\u00e3o curam nenhuma patologia, pelo contr\u00e1rio, afirmam essas patologias.<\/p>\n<h3>Valores de Mejorando Tu Salud D\u00eda A D\u00eda<\/h3>\n<ul>\n<li>\n<h2> Servi\u00e7o <\/h2>\n<p>Estamos sempre prontos para satisfazer as expectativas de nossos clientes e usu\u00e1rios atrav\u00e9s da melhoria cont\u00ednua da aten\u00e7\u00e3o e do comprometimento de nossa equipe humana. <\/li>\n<li>\n<h2> Compromisso <\/h2>\n<p>Cumprir o que foi prometido ou acordado; Obriga\u00e7\u00e3o adquirida para alcan\u00e7ar bom desempenho e merecer credibilidade. <\/li>\n<li>\n<h2> Respeito <\/h2>\n<p>Atitude de compreens\u00e3o pelas outras pessoas que nos permite trat\u00e1-las com considera\u00e7\u00e3o e toler\u00e2ncia. <\/li>\n<li>\n<h2> Disciplina <\/h2>\n<p>Observa\u00e7\u00e3o permanente e por convic\u00e7\u00e3o de comportamentos corretos e socialmente aceitos para a coexist\u00eancia de um grupo humano. <\/li>\n<li>\n<h2> Sensibilidade <\/h2>\n<p>Nossa forma de agir e trabalhar \u00e9 condizente com nossos princ\u00edpios e valores, gerando confian\u00e7a em nossa atitude e no trabalho de clientes e usu\u00e1rios. <\/li>\n<li>\n<h2> Honestidade <\/h2>\n<p>Nossa forma de agir e trabalhar \u00e9 condizente com nossos princ\u00edpios e valores, gerando confian\u00e7a em nossa atitude e no trabalho de clientes e usu\u00e1rios. <\/li>\n<\/ul>\n<\/div>\n<div class=\"nh_bottom_con\">\n<h2>A hist\u00f3ria<\/h2>\n<section id=\"francisco\">\n<figure><img decoding=\"async\" class=\"thumb_right_dr\" src=\"[contenturl type=templateurl]\/images\/francisco.jpg\" alt=\"Francisco Fern\u00e1ndez\" \/><\/figure>\n<h3>Dr. Francisco Fern\u00e1ndez<\/h3>\n<p>Meu nome \u00e9 <span class=\"comp\">Francisco Fern\u00e1ndez<\/span> Nasci em Caracas (Venezuela) Capital do Distrito Federal, desde pequeno sempre gostei de esportes ent\u00e3o desde pequeno comecei a estudar artes marciais e vendo as m\u00faltiplas li\u00e7\u00f5es que se produziam em treinamentos e torneios resolvi entrar para o corpo docente de ci\u00eancias da sa\u00fade da universidade central da Venezuela, uma vez de volta come\u00e7o a trabalhar em v\u00e1rios hospitais do pa\u00eds, primeiro em Caracas e depois no interior do pa\u00eds Aragua onde trabalho no hospital geral de Maracay em emerg\u00eancia, cl\u00ednica de calicanto na sa\u00fade unidade de preven\u00e7\u00e3o em pacientes diab\u00e9ticos, e nas ambul\u00e2ncias dos servi\u00e7os m\u00e9dicos sermedica vital\u00edcios.<\/p>\n<p>Mais tarde mudei-me para Espanha onde continuo o meu trabalho em v\u00e1rios hospitais e onde fa\u00e7o especialidade em oncologia e cuidados paliativos na Universidade de Alcal\u00e1 de Henares, e v\u00e1rias forma\u00e7\u00f5es em v\u00e1rias \u00e1reas da sa\u00fade, e depois mudo-me para Bruxelas onde trabalho na v\u00e1rios locais, como um centro psiqui\u00e1trico e de alcoolismo, lares de idosos, um hospital geral e, em seguida, um hospital especializado em oncologia.<\/p>\n<p>Dada a defici\u00eancia de medicamentos, resolvi realizar estudos na \u00e1rea de naturopatia e homeopatia atrav\u00e9s da Universidade Miguel de Cervantes e do Instituto Euronova, bem como forma\u00e7\u00e3o em medicina nutricional celular ativa onde fiz o mestrado nesta especialidade, que adoro e vejo que com a Medicina Integrativa podemos ajudar muitas pessoas.<\/p>\n<ul class=\"nh_social_media\">\n<li><a href=\"https:\/\/www.facebook.com\/Mejorando-tu-Salud-Dia-al-Dia-106848211358110\/\" target=\"_blank\" rel=\"noopener\"> <\/a><br \/>\n<figure><img decoding=\"async\" src=\"[contenturl type=templateurl]\/images\/nh_fb_icon.png\" alt=\"facebook\" \/><\/figure>\n<\/li>\n<li><a href=\"https:\/\/www.twitter.com\" target=\"_blank\" rel=\"noopener\"> <\/a><br \/>\n<figure><img decoding=\"async\" src=\"[contenturl type=templateurl]\/images\/nh_instagram_icon.png\" alt=\"instagram\" \/><\/figure>\n<\/li>\n<\/ul>\n<p>N\u00famero do WhatsApp: <mark>+32486315795<\/mark><\/p>\n<\/section>\n<section class=\"green_bg\">\n<figure><img decoding=\"async\" class=\"thumb_left_dr\" src=\"[contenturl type=templateurl]\/images\/neo.jpg\" alt=\"Neomar Sempr\u00fan-Hern\u00e1ndez\" \/><\/figure>\n<h3>Neomar Sempr\u00fan-Hern\u00e1ndez LPC<\/h3>\n<p><strong>Professor Neomar \u00e9<\/strong> Bi\u00f3logo &#8211; Imunologista, cientista baseado em evid\u00eancias cient\u00edficas com 16 anos de experi\u00eancia na investiga\u00e7\u00e3o de imunoneurogastrometabolismo e novos tratamentos no manejo dos Dist\u00farbios do Espectro do Autismo (TEA), complementado com pesquisas em Imunomicologia e Doen\u00e7as Infecciosas. Ele \u00e9 um conselheiro de sa\u00fade baseado em evid\u00eancias para pais de crian\u00e7as com TEA e qualquer patologia associada \u00e0 inflama\u00e7\u00e3o. Promove o consumo de dieta imunomoduladora e o uso de imunomoduladores que elabora, em conjunto com sua equipe, individualmente para cada orientando e paciente. Foi professor universit\u00e1rio em v\u00e1rios pa\u00edses latino-americanos, onde colaborou ativamente como mentor de pesquisadores juniores. Ele \u00e9 membro de Sociedades Cient\u00edficas Internacionais, ocupando cargos de gest\u00e3o. Ele \u00e9 revisor de revistas cient\u00edficas, autor de publica\u00e7\u00f5es cient\u00edficas e palestrante convidado sobre a abordagem biol\u00f3gica abrangente de ASDs. Al\u00e9m disso, um \u00e1vido leitor, atleta e divertido conversador sobre t\u00f3picos de hist\u00f3ria.<\/p>\n<p>Atualmente \u00e9 Diretor Executivo (CEO) da Unidade de Imunologia \u201cProfessor Nola Montiel\u201d onde, em conjunto com a sua equipa, realizam consultas m\u00e9dicas, nutricionais, gen\u00e9ticas e de networking cient\u00edfico; Eles ministram workshops e cursos Master para pais e profissionais e produzem evid\u00eancias que publicam periodicamente.<\/p>\n<p>Correio eletr\u00f4nico: <a href=\"mailto:neomar.semprun@gmail.com\">neomar.semprun@gmail.com<\/a><\/p>\n<\/section>\n<section>\n<figure><img decoding=\"async\" class=\"thumb_right_dr\" src=\"[contenturl type=templateurl]\/images\/damaris.jpg\" alt=\"Damaris Cort\u00e9s-Figueroa\" \/><\/figure>\n<h3>Damaris Cortes-Figueroa LPC, MS\/P, NCC<\/h3>\n<p>Damaris Cort\u00e9s-Figueroa fala tr\u00eas (3) idiomas: ingl\u00eas, espanhol e linguagem de sinais americana (ASL). Damaris nasceu em Porto Rico e mudou-se para os Estados Unidos quando tinha 18 anos. Damaris adora ouvir e falar com as pessoas. Seu objetivo \u00e9 orient\u00e1-los a identificar seus pontos fortes e fazer o que amam. Tamb\u00e9m ajuda as pessoas a identificarem seus pontos fracos e as encoraja a ver o positivo do negativo.<\/p>\n<p><strong>Qualifica\u00e7\u00f5es e hist\u00f3rico<\/strong><br \/>\nDamaris Cort\u00e9s Figueroa obteve seu mestrado em psicologia pela University of Phoenix em julho de 2013, ela tamb\u00e9m obteve seu mestrado no programa de aconselhamento da Liberty University. Damaris se formou Magna Cum Laude em ambos os programas. Damaris tamb\u00e9m obteve seu bacharelado em psicologia pela University of Phoenix em 2011, graduando-se com um GPA de 3,9. Em 2009, ela completou sua especializa\u00e7\u00e3o em Artes em Gest\u00e3o de Servi\u00e7os Humanos \/ Servi\u00e7o Social. Em 2014, a Damaris concluiu a Certifica\u00e7\u00e3o de Conselheiro Nacional (NCC).<\/p>\n<p>Durante seu programa de p\u00f3s-gradua\u00e7\u00e3o, ele completou um est\u00e1gio de seis anos no Access Family Services em Asheville, Carolina do Norte. L\u00e1 ele trabalhou com crian\u00e7as e adultos de todas as idades. Fornecia terapia individual e familiar para clientes, independentemente de g\u00eanero, ra\u00e7a ou condi\u00e7\u00e3o socioecon\u00f4mica. Seus clientes eram crian\u00e7as (2 anos ou mais), adolescentes, adultos, casais e fam\u00edlias. As v\u00e1rias popula\u00e7\u00f5es e situa\u00e7\u00f5es com as quais ele lidou s\u00e3o quest\u00f5es emocionais, traumas, ansiedade, depress\u00e3o, trabalho de luto, PTSD, TDAH e treinamento dos pais, entre outros.<\/p>\n<p>Forneceu terapia individual para adultos da comunidade com v\u00e1rios diagn\u00f3sticos de sa\u00fade mental, incluindo ansiedade, depress\u00e3o, transtorno bipolar e transtornos de personalidade. Ela tamb\u00e9m co-facilitou um grupo semanal de sa\u00fade mental infantil com foco nos grupos de Transtorno de D\u00e9ficit de Aten\u00e7\u00e3o e Hiperatividade (TDAH), Transtorno Depressivo Maior (TDM) e Viol\u00eancia Dom\u00e9stica. Como uma LPCA, ela trabalhou com jovens fornecendo servi\u00e7os intensivos em casa e como terapeuta ambulatorial para crian\u00e7as e adultos.<\/p>\n<p>Atualmente, Damaris completou mais de quatro mil e quinhentas (4.500) horas de aconselhamento \/ psicoterapia supervisionada para seu conselheiro profissional licenciado (LCMHC) \/ licenciado. Damaris trabalha como consultora ambulatorial \/ escolar, atendendo crian\u00e7as e adultos. Algumas das quest\u00f5es que ele est\u00e1 abordando atualmente incluem: compreens\u00e3o e gerenciamento de ansiedade, comportamentos desafiadores, transtorno bipolar, transtorno do espectro do autismo (ASD), transtorno de d\u00e9ficit de aten\u00e7\u00e3o e hiperatividade (TDAH), bem como navegar por uma nova sa\u00fade mental e \/ ou f\u00edsica. diagn\u00f3stico. Ele tamb\u00e9m trabalha com clientes que passaram ou est\u00e3o passando por div\u00f3rcio, luto, abuso de subst\u00e2ncias e depend\u00eancia e depress\u00e3o.<\/p>\n<p>A orienta\u00e7\u00e3o te\u00f3rica de Damaris \u00e9 inclusiva. Ela \u00e9 fortemente influenciada por abordagens de aconselhamento cognitivo-comportamentais, dial\u00e9tico-comportamentais e centradas na pessoa e na solu\u00e7\u00e3o. Ela busca um relacionamento seguro, \u00e9tico e consistente com seus clientes, enquanto os desafia a observar as maneiras pelas quais o pensamento do cliente impacta seu mundo. O objetivo da Damaris \u00e9 ajudar seus clientes a ganhar autonomia e independ\u00eancia em suas vidas di\u00e1rias enquanto trabalham duro para alcan\u00e7ar seus objetivos identificados.<\/p>\n<p>As \u00e1reas de compet\u00eancia da Damaris incluem: Terapia Cognitivo Comportamental (TCC), T\u00e9cnicas Comportamentais Dial\u00e9ticas, Triplo P, Psicoeduca\u00e7\u00e3o, Terapia L\u00fadica, T\u00e9cnicas de Respira\u00e7\u00e3o, T\u00e9cnicas de Grounding e Aprimoramento de Relacionamento.<\/p>\n<p>Telefone: <mark> 828-489-7002 <\/mark><br \/>\nCorreio eletr\u00f4nico: <a href=\"mailto:damaris@dcwellnessinc.org\">damaris@dcwellnessinc.org<\/a><\/p>\n<\/section>\n<\/div>\n<\/div>\n<\/div>\n","protected":false},"excerpt":{"rendered":"<p>Servi\u00e7os de qualidade em Bruxelas, B\u00e9lgica Miss\u00e3o A miss\u00e3o de Mejorando Tu Salud D\u00eda A D\u00eda \u00e9 prestar servi\u00e7os de sa\u00fade adaptados \u00e0s necessidades e demandas de nossos pacientes, amparados por nosso capital humano, excel\u00eancia no atendimento e na busca por tecnologia de ponta, tudo baseado nos princ\u00edpios da medicina natural , na preven\u00e7\u00e3o de [&hellip;]<\/p>\n","protected":false},"author":1,"featured_media":49,"parent":0,"menu_order":0,"comment_status":"closed","ping_status":"closed","template":"","meta":{"pgc_sgb_lightbox_settings":"","footnotes":""},"class_list":["post-11","page","type-page","status-publish","has-post-thumbnail","hentry"],"translation":{"provider":"WPGlobus","version":"2.8.8","language":"pt","enabled_languages":["es","ct","en","fr","de","it","pt"],"languages":{"es":{"title":true,"content":true,"excerpt":false},"ct":{"title":true,"content":true,"excerpt":false},"en":{"title":true,"content":true,"excerpt":false},"fr":{"title":true,"content":true,"excerpt":false},"de":{"title":true,"content":true,"excerpt":false},"it":{"title":true,"content":true,"excerpt":false},"pt":{"title":true,"content":true,"excerpt":false}}},"yoast_head":"<!-- This site is optimized with the Yoast SEO plugin v15.9 - https:\/\/yoast.com\/wordpress\/plugins\/seo\/ -->\n<title>Sobre n\u00f3s | Doctor\u2019s Clinic in BXL - Mejorando Tu Salud Dia A Dia<\/title>\n<meta name=\"robots\" content=\"index, follow, max-snippet:-1, max-image-preview:large, max-video-preview:-1\" \/>\n<link rel=\"canonical\" href=\"https:\/\/mejorandotusaluddiaadia.com\/medico-clinica-acerca-de-nosotros\" \/>\n<meta property=\"og:locale\" content=\"pt_PT\" \/>\n<meta property=\"og:type\" content=\"article\" \/>\n<meta property=\"og:title\" content=\"Sobre n\u00f3s | Doctor\u2019s Clinic in BXL - Mejorando Tu Salud Dia A Dia\" \/>\n<meta property=\"og:url\" content=\"https:\/\/mejorandotusaluddiaadia.com\/medico-clinica-acerca-de-nosotros\" \/>\n<meta property=\"og:site_name\" content=\"mejorandotusaluddialdia\" \/>\n<meta property=\"article:modified_time\" content=\"2025-02-22T15:31:25+00:00\" \/>\n<meta property=\"og:image\" content=\"https:\/\/mejorandotusaluddiaadia.com\/wp-content\/uploads\/2021\/09\/non-home-1208448841.jpg\" \/>\n\t<meta property=\"og:image:width\" content=\"1920\" \/>\n\t<meta property=\"og:image:height\" content=\"500\" \/>\n<meta name=\"twitter:card\" content=\"summary_large_image\" \/>\n<meta name=\"twitter:label1\" content=\"Est. reading time\">\n\t<meta name=\"twitter:data1\" content=\"7 minutes\">\n<script type=\"application\/ld+json\" class=\"yoast-schema-graph\">{\"@context\":\"https:\/\/schema.org\",\"@graph\":[{\"@type\":\"WebSite\",\"@id\":\"https:\/\/mejorandotusaluddiaadia.com\/#website\",\"url\":\"https:\/\/mejorandotusaluddiaadia.com\/\",\"name\":\"mejorandotusaluddialdia\",\"description\":\"\",\"potentialAction\":[{\"@type\":\"SearchAction\",\"target\":\"https:\/\/mejorandotusaluddiaadia.com\/?s={search_term_string}\",\"query-input\":\"required name=search_term_string\"}],\"inLanguage\":\"pt-PT\"},{\"@type\":\"ImageObject\",\"@id\":\"https:\/\/mejorandotusaluddiaadia.com\/medico-clinica-acerca-de-nosotros#primaryimage\",\"inLanguage\":\"pt-PT\",\"url\":\"https:\/\/mejorandotusaluddiaadia.com\/wp-content\/uploads\/2021\/09\/non-home-1208448841.jpg\",\"width\":1920,\"height\":500,\"caption\":\"a female nurse smiling\"},{\"@type\":\"WebPage\",\"@id\":\"https:\/\/mejorandotusaluddiaadia.com\/medico-clinica-acerca-de-nosotros#webpage\",\"url\":\"https:\/\/mejorandotusaluddiaadia.com\/medico-clinica-acerca-de-nosotros\",\"name\":\"Sobre n\\u00f3s | Doctor\\u2019s Clinic in BXL - Mejorando Tu Salud Dia A Dia\",\"isPartOf\":{\"@id\":\"https:\/\/mejorandotusaluddiaadia.com\/#website\"},\"primaryImageOfPage\":{\"@id\":\"https:\/\/mejorandotusaluddiaadia.com\/medico-clinica-acerca-de-nosotros#primaryimage\"},\"datePublished\":\"2021-09-13T07:36:55+00:00\",\"dateModified\":\"2025-02-22T15:31:25+00:00\",\"description\":\"Mejorando Tu Salud Dia A Dia es un consultorio en Bruselas, Belgica. Learn more from our website.\",\"breadcrumb\":{\"@id\":\"https:\/\/mejorandotusaluddiaadia.com\/medico-clinica-acerca-de-nosotros#breadcrumb\"},\"inLanguage\":\"pt-PT\",\"potentialAction\":[{\"@type\":\"ReadAction\",\"target\":[\"https:\/\/mejorandotusaluddiaadia.com\/medico-clinica-acerca-de-nosotros\"]}]},{\"@type\":\"BreadcrumbList\",\"@id\":\"https:\/\/mejorandotusaluddiaadia.com\/medico-clinica-acerca-de-nosotros#breadcrumb\",\"itemListElement\":[{\"@type\":\"ListItem\",\"position\":1,\"item\":{\"@type\":\"WebPage\",\"@id\":\"https:\/\/mejorandotusaluddiaadia.com\/\",\"url\":\"https:\/\/mejorandotusaluddiaadia.com\/\",\"name\":\"Home\"}},{\"@type\":\"ListItem\",\"position\":2,\"item\":{\"@type\":\"WebPage\",\"@id\":\"https:\/\/mejorandotusaluddiaadia.com\/medico-clinica-acerca-de-nosotros\",\"url\":\"https:\/\/mejorandotusaluddiaadia.com\/medico-clinica-acerca-de-nosotros\",\"name\":\"Acerca de Nosotros\"}}]}]}<\/script>\n<!-- \/ Yoast SEO plugin. -->","_links":{"self":[{"href":"https:\/\/mejorandotusaluddiaadia.com\/pt\/wp-json\/wp\/v2\/pages\/11","targetHints":{"allow":["GET"]}}],"collection":[{"href":"https:\/\/mejorandotusaluddiaadia.com\/pt\/wp-json\/wp\/v2\/pages"}],"about":[{"href":"https:\/\/mejorandotusaluddiaadia.com\/pt\/wp-json\/wp\/v2\/types\/page"}],"author":[{"embeddable":true,"href":"https:\/\/mejorandotusaluddiaadia.com\/pt\/wp-json\/wp\/v2\/users\/1"}],"replies":[{"embeddable":true,"href":"https:\/\/mejorandotusaluddiaadia.com\/pt\/wp-json\/wp\/v2\/comments?post=11"}],"version-history":[{"count":75,"href":"https:\/\/mejorandotusaluddiaadia.com\/pt\/wp-json\/wp\/v2\/pages\/11\/revisions"}],"predecessor-version":[{"id":590,"href":"https:\/\/mejorandotusaluddiaadia.com\/pt\/wp-json\/wp\/v2\/pages\/11\/revisions\/590"}],"wp:featuredmedia":[{"embeddable":true,"href":"https:\/\/mejorandotusaluddiaadia.com\/pt\/wp-json\/wp\/v2\/media\/49"}],"wp:attachment":[{"href":"https:\/\/mejorandotusaluddiaadia.com\/pt\/wp-json\/wp\/v2\/media?parent=11"}],"curies":[{"name":"wp","href":"https:\/\/api.w.org\/{rel}","templated":true}]}}