{"id":14,"date":"2021-09-13T07:36:57","date_gmt":"2021-09-13T07:36:57","guid":{"rendered":"http:\/\/w2254.proweaver2.site\/?page_id=14"},"modified":"2021-12-13T10:14:24","modified_gmt":"2021-12-13T10:14:24","slug":"medico-clinica-recursos","status":"publish","type":"page","link":"https:\/\/mejorandotusaluddiaadia.com\/pt\/medico-clinica-recursos","title":{"rendered":"Meios"},"content":{"rendered":"<div class=\"resources\">\n<ul>\n<li> <a target=\"_blank\" href=\"http:\/\/www.cdc.gov\" rel=\"noopener\">Centros de Controle e Preven\u00e7\u00e3o de Doen\u00e7as<\/a><span>www.cdc.gov<\/span><\/li>\n<li> <a target=\"_blank\" href=\"https:\/\/www.health.belgium.be\/en\" rel=\"noopener\">Sa\u00fade P\u00fablica FPS<\/a><span>www.health.belgium.be<\/span><\/li>\n<li> <a target=\"_blank\" href=\"https:\/\/www.healthybelgium.be\/en\" rel=\"noopener\">B\u00e9lgica saud\u00e1vel<\/a><span>www.healthybelgium.be<\/span><\/li>\n<li> <a target=\"_blank\" href=\"https:\/\/brusselshealthnetwork.be\/en\" rel=\"noopener\">Rede de Sa\u00fade de Bruxelas<\/a><span>brusselshealthnetwork.be<\/span><\/li>\n<li> <a target=\"_blank\" href=\"https:\/\/www.who.int\" rel=\"noopener\">Organiza\u00e7\u00e3o Mundial de Sa\u00fade<\/a><span>www.who.int<\/span><\/li>\n<\/ul>\n<\/div>\n","protected":false},"excerpt":{"rendered":"<p>Centros de Controle e Preven\u00e7\u00e3o de Doen\u00e7aswww.cdc.gov Sa\u00fade P\u00fablica FPSwww.health.belgium.be B\u00e9lgica saud\u00e1velwww.healthybelgium.be Rede de Sa\u00fade de Bruxelasbrusselshealthnetwork.be Organiza\u00e7\u00e3o Mundial de Sa\u00fadewww.who.int<\/p>\n","protected":false},"author":1,"featured_media":175,"parent":0,"menu_order":0,"comment_status":"closed","ping_status":"closed","template":"","meta":{"pgc_sgb_lightbox_settings":"","footnotes":""},"class_list":["post-14","page","type-page","status-publish","has-post-thumbnail","hentry"],"translation":{"provider":"WPGlobus","version":"2.8.8","language":"pt","enabled_languages":["es","ct","en","fr","de","it","pt"],"languages":{"es":{"title":true,"content":true,"excerpt":false},"ct":{"title":true,"content":true,"excerpt":false},"en":{"title":true,"content":true,"excerpt":false},"fr":{"title":true,"content":true,"excerpt":false},"de":{"title":true,"content":true,"excerpt":false},"it":{"title":true,"content":true,"excerpt":false},"pt":{"title":true,"content":true,"excerpt":false}}},"yoast_head":"<!-- This site is optimized with the Yoast SEO plugin v15.9 - https:\/\/yoast.com\/wordpress\/plugins\/seo\/ -->\n<title>Meios | Doctor\u2019s Clinic in BXL - Mejorando Tu Salud Dia A Dia<\/title>\n<meta name=\"robots\" content=\"index, follow, max-snippet:-1, max-image-preview:large, max-video-preview:-1\" \/>\n<link rel=\"canonical\" href=\"https:\/\/mejorandotusaluddiaadia.com\/medico-clinica-recursos\" \/>\n<meta property=\"og:locale\" content=\"pt_PT\" \/>\n<meta property=\"og:type\" content=\"article\" \/>\n<meta property=\"og:title\" content=\"Meios | Doctor\u2019s Clinic in BXL - Mejorando Tu Salud Dia A Dia\" \/>\n<meta property=\"og:url\" content=\"https:\/\/mejorandotusaluddiaadia.com\/medico-clinica-recursos\" \/>\n<meta property=\"og:site_name\" content=\"mejorandotusaluddialdia\" \/>\n<meta property=\"article:modified_time\" content=\"2021-12-13T10:14:24+00:00\" \/>\n<meta property=\"og:image\" content=\"https:\/\/mejorandotusaluddiaadia.com\/wp-content\/uploads\/2021\/09\/bnr-resources.jpg\" \/>\n\t<meta property=\"og:image:width\" content=\"1920\" \/>\n\t<meta property=\"og:image:height\" content=\"500\" \/>\n<meta name=\"twitter:card\" content=\"summary_large_image\" \/>\n<meta name=\"twitter:label1\" content=\"Est. reading time\">\n\t<meta name=\"twitter:data1\" content=\"1 minute\">\n<script type=\"application\/ld+json\" class=\"yoast-schema-graph\">{\"@context\":\"https:\/\/schema.org\",\"@graph\":[{\"@type\":\"WebSite\",\"@id\":\"https:\/\/mejorandotusaluddiaadia.com\/#website\",\"url\":\"https:\/\/mejorandotusaluddiaadia.com\/\",\"name\":\"mejorandotusaluddialdia\",\"description\":\"\",\"potentialAction\":[{\"@type\":\"SearchAction\",\"target\":\"https:\/\/mejorandotusaluddiaadia.com\/?s={search_term_string}\",\"query-input\":\"required name=search_term_string\"}],\"inLanguage\":\"pt-PT\"},{\"@type\":\"ImageObject\",\"@id\":\"https:\/\/mejorandotusaluddiaadia.com\/medico-clinica-recursos#primaryimage\",\"inLanguage\":\"pt-PT\",\"url\":\"https:\/\/mejorandotusaluddiaadia.com\/wp-content\/uploads\/2021\/09\/bnr-resources.jpg\",\"width\":1920,\"height\":500,\"caption\":\"doctor\"},{\"@type\":\"WebPage\",\"@id\":\"https:\/\/mejorandotusaluddiaadia.com\/medico-clinica-recursos#webpage\",\"url\":\"https:\/\/mejorandotusaluddiaadia.com\/medico-clinica-recursos\",\"name\":\"Meios | Doctor\\u2019s Clinic in BXL - Mejorando Tu Salud Dia A Dia\",\"isPartOf\":{\"@id\":\"https:\/\/mejorandotusaluddiaadia.com\/#website\"},\"primaryImageOfPage\":{\"@id\":\"https:\/\/mejorandotusaluddiaadia.com\/medico-clinica-recursos#primaryimage\"},\"datePublished\":\"2021-09-13T07:36:57+00:00\",\"dateModified\":\"2021-12-13T10:14:24+00:00\",\"description\":\"Mejorando Tu Salud Dia A Dia is a trustworthy doctor\\u2019s clinic in Brussels. Learn more from our website.\",\"breadcrumb\":{\"@id\":\"https:\/\/mejorandotusaluddiaadia.com\/medico-clinica-recursos#breadcrumb\"},\"inLanguage\":\"pt-PT\",\"potentialAction\":[{\"@type\":\"ReadAction\",\"target\":[\"https:\/\/mejorandotusaluddiaadia.com\/medico-clinica-recursos\"]}]},{\"@type\":\"BreadcrumbList\",\"@id\":\"https:\/\/mejorandotusaluddiaadia.com\/medico-clinica-recursos#breadcrumb\",\"itemListElement\":[{\"@type\":\"ListItem\",\"position\":1,\"item\":{\"@type\":\"WebPage\",\"@id\":\"https:\/\/mejorandotusaluddiaadia.com\/\",\"url\":\"https:\/\/mejorandotusaluddiaadia.com\/\",\"name\":\"Home\"}},{\"@type\":\"ListItem\",\"position\":2,\"item\":{\"@type\":\"WebPage\",\"@id\":\"https:\/\/mejorandotusaluddiaadia.com\/medico-clinica-recursos\",\"url\":\"https:\/\/mejorandotusaluddiaadia.com\/medico-clinica-recursos\",\"name\":\"Resources\"}}]}]}<\/script>\n<!-- \/ Yoast SEO plugin. -->","_links":{"self":[{"href":"https:\/\/mejorandotusaluddiaadia.com\/pt\/wp-json\/wp\/v2\/pages\/14","targetHints":{"allow":["GET"]}}],"collection":[{"href":"https:\/\/mejorandotusaluddiaadia.com\/pt\/wp-json\/wp\/v2\/pages"}],"about":[{"href":"https:\/\/mejorandotusaluddiaadia.com\/pt\/wp-json\/wp\/v2\/types\/page"}],"author":[{"embeddable":true,"href":"https:\/\/mejorandotusaluddiaadia.com\/pt\/wp-json\/wp\/v2\/users\/1"}],"replies":[{"embeddable":true,"href":"https:\/\/mejorandotusaluddiaadia.com\/pt\/wp-json\/wp\/v2\/comments?post=14"}],"version-history":[{"count":10,"href":"https:\/\/mejorandotusaluddiaadia.com\/pt\/wp-json\/wp\/v2\/pages\/14\/revisions"}],"predecessor-version":[{"id":414,"href":"https:\/\/mejorandotusaluddiaadia.com\/pt\/wp-json\/wp\/v2\/pages\/14\/revisions\/414"}],"wp:featuredmedia":[{"embeddable":true,"href":"https:\/\/mejorandotusaluddiaadia.com\/pt\/wp-json\/wp\/v2\/media\/175"}],"wp:attachment":[{"href":"https:\/\/mejorandotusaluddiaadia.com\/pt\/wp-json\/wp\/v2\/media?parent=14"}],"curies":[{"name":"wp","href":"https:\/\/api.w.org\/{rel}","templated":true}]}}