{"id":149,"date":"2021-09-15T18:46:06","date_gmt":"2021-09-15T18:46:06","guid":{"rendered":"https:\/\/w2254.proweaver2.site\/?page_id=149"},"modified":"2021-12-01T08:39:06","modified_gmt":"2021-12-01T08:39:06","slug":"homeopatia","status":"publish","type":"page","link":"https:\/\/mejorandotusaluddiaadia.com\/pt\/medico-clinica-servicios\/homeopatia","title":{"rendered":"Homeopatia"},"content":{"rendered":"<div class=\"intro_txt\">O mecanismo de cura do corpo melhorou.<\/div>\n<p>A homeopatia baseia-se no princ\u00edpio de que subst\u00e2ncias em grandes doses que causam doen\u00e7as podem curar a mesma doen\u00e7a se reduzidas em doses. Este sistema m\u00e9dico visa melhorar o processo de cicatriza\u00e7\u00e3o natural do corpo, otimizando seu sistema imunol\u00f3gico. Nossos tratamentos homeop\u00e1ticos s\u00e3o baseados na condi\u00e7\u00e3o de sa\u00fade, estilo de vida e caracter\u00edsticas \u00fanicas do paciente. Acreditamos no poder de nossos recursos naturais e fazemos uso de poderosos rem\u00e9dios aprovados pela FDA que s\u00e3o seguros e eficazes.<\/p>\n<p>Doen\u00e7as que podem se beneficiar da homeopatia:<\/p>\n<ul class=\"bullet col2\">\n<li>Alergias\n<li>Enxaquecas\n<li>Depress\u00e3o\n<li>Dermatite at\u00f3pica\n<li>Artrite reumatoide\n<li>S\u00edndrome do intestino irrit\u00e1vel (IBS)\n<li>E assim por diante\n<\/ul>\n","protected":false},"excerpt":{"rendered":"<p>O mecanismo de cura do corpo melhorou. A homeopatia baseia-se no princ\u00edpio de que subst\u00e2ncias em grandes doses que causam doen\u00e7as podem curar a mesma doen\u00e7a se reduzidas em doses. Este sistema m\u00e9dico visa melhorar o processo de cicatriza\u00e7\u00e3o natural do corpo, otimizando seu sistema imunol\u00f3gico. Nossos tratamentos homeop\u00e1ticos s\u00e3o baseados na condi\u00e7\u00e3o de sa\u00fade, [&hellip;]<\/p>\n","protected":false},"author":1,"featured_media":75,"parent":12,"menu_order":0,"comment_status":"closed","ping_status":"closed","template":"","meta":{"pgc_sgb_lightbox_settings":"","footnotes":""},"class_list":["post-149","page","type-page","status-publish","has-post-thumbnail","hentry"],"translation":{"provider":"WPGlobus","version":"2.8.8","language":"pt","enabled_languages":["es","ct","en","fr","de","it","pt"],"languages":{"es":{"title":true,"content":true,"excerpt":false},"ct":{"title":true,"content":true,"excerpt":false},"en":{"title":true,"content":true,"excerpt":false},"fr":{"title":true,"content":true,"excerpt":false},"de":{"title":true,"content":true,"excerpt":false},"it":{"title":true,"content":true,"excerpt":false},"pt":{"title":true,"content":true,"excerpt":false}}},"yoast_head":"<!-- This site is optimized with the Yoast SEO plugin v15.9 - https:\/\/yoast.com\/wordpress\/plugins\/seo\/ -->\n<title>Homeopatia | Doctor\u2019s Clinic in BXL - Mejorando Tu Salud Dia A Dia<\/title>\n<meta name=\"robots\" content=\"index, follow, max-snippet:-1, max-image-preview:large, max-video-preview:-1\" \/>\n<link rel=\"canonical\" href=\"https:\/\/mejorandotusaluddiaadia.com\/medico-clinica-servicios\/homeopatia\" \/>\n<meta property=\"og:locale\" content=\"pt_PT\" \/>\n<meta property=\"og:type\" content=\"article\" \/>\n<meta property=\"og:title\" content=\"Homeopatia | Doctor\u2019s Clinic in BXL - Mejorando Tu Salud Dia A Dia\" \/>\n<meta property=\"og:url\" content=\"https:\/\/mejorandotusaluddiaadia.com\/medico-clinica-servicios\/homeopatia\" \/>\n<meta property=\"og:site_name\" content=\"mejorandotusaluddialdia\" \/>\n<meta property=\"article:modified_time\" content=\"2021-12-01T08:39:06+00:00\" \/>\n<meta property=\"og:image\" content=\"https:\/\/mejorandotusaluddiaadia.com\/wp-content\/uploads\/2021\/09\/nonhome-1.jpg\" \/>\n\t<meta property=\"og:image:width\" content=\"1920\" \/>\n\t<meta property=\"og:image:height\" content=\"500\" \/>\n<meta name=\"twitter:card\" content=\"summary_large_image\" \/>\n<meta name=\"twitter:label1\" content=\"Est. reading time\">\n\t<meta name=\"twitter:data1\" content=\"1 minute\">\n<script type=\"application\/ld+json\" class=\"yoast-schema-graph\">{\"@context\":\"https:\/\/schema.org\",\"@graph\":[{\"@type\":\"WebSite\",\"@id\":\"https:\/\/mejorandotusaluddiaadia.com\/#website\",\"url\":\"https:\/\/mejorandotusaluddiaadia.com\/\",\"name\":\"mejorandotusaluddialdia\",\"description\":\"\",\"potentialAction\":[{\"@type\":\"SearchAction\",\"target\":\"https:\/\/mejorandotusaluddiaadia.com\/?s={search_term_string}\",\"query-input\":\"required name=search_term_string\"}],\"inLanguage\":\"pt-PT\"},{\"@type\":\"ImageObject\",\"@id\":\"https:\/\/mejorandotusaluddiaadia.com\/medico-clinica-servicios\/homeopatia#primaryimage\",\"inLanguage\":\"pt-PT\",\"url\":\"https:\/\/mejorandotusaluddiaadia.com\/wp-content\/uploads\/2021\/09\/nonhome-1.jpg\",\"width\":1920,\"height\":500,\"caption\":\"professional tool stethoscope is in the table\"},{\"@type\":\"WebPage\",\"@id\":\"https:\/\/mejorandotusaluddiaadia.com\/medico-clinica-servicios\/homeopatia#webpage\",\"url\":\"https:\/\/mejorandotusaluddiaadia.com\/medico-clinica-servicios\/homeopatia\",\"name\":\"Homeopatia | Doctor\\u2019s Clinic in BXL - Mejorando Tu Salud Dia A Dia\",\"isPartOf\":{\"@id\":\"https:\/\/mejorandotusaluddiaadia.com\/#website\"},\"primaryImageOfPage\":{\"@id\":\"https:\/\/mejorandotusaluddiaadia.com\/medico-clinica-servicios\/homeopatia#primaryimage\"},\"datePublished\":\"2021-09-15T18:46:06+00:00\",\"dateModified\":\"2021-12-01T08:39:06+00:00\",\"description\":\"Mejorando Tu Salud Dia A Dia is a trustworthy doctor\\u2019s clinic in Brussels. Learn more from our website.\",\"breadcrumb\":{\"@id\":\"https:\/\/mejorandotusaluddiaadia.com\/medico-clinica-servicios\/homeopatia#breadcrumb\"},\"inLanguage\":\"pt-PT\",\"potentialAction\":[{\"@type\":\"ReadAction\",\"target\":[\"https:\/\/mejorandotusaluddiaadia.com\/medico-clinica-servicios\/homeopatia\"]}]},{\"@type\":\"BreadcrumbList\",\"@id\":\"https:\/\/mejorandotusaluddiaadia.com\/medico-clinica-servicios\/homeopatia#breadcrumb\",\"itemListElement\":[{\"@type\":\"ListItem\",\"position\":1,\"item\":{\"@type\":\"WebPage\",\"@id\":\"https:\/\/mejorandotusaluddiaadia.com\/\",\"url\":\"https:\/\/mejorandotusaluddiaadia.com\/\",\"name\":\"Home\"}},{\"@type\":\"ListItem\",\"position\":2,\"item\":{\"@type\":\"WebPage\",\"@id\":\"https:\/\/mejorandotusaluddiaadia.com\/medico-clinica-servicios\",\"url\":\"https:\/\/mejorandotusaluddiaadia.com\/medico-clinica-servicios\",\"name\":\"Servicios\"}},{\"@type\":\"ListItem\",\"position\":3,\"item\":{\"@type\":\"WebPage\",\"@id\":\"https:\/\/mejorandotusaluddiaadia.com\/medico-clinica-servicios\/homeopatia\",\"url\":\"https:\/\/mejorandotusaluddiaadia.com\/medico-clinica-servicios\/homeopatia\",\"name\":\"Homeopathy\"}}]}]}<\/script>\n<!-- \/ Yoast SEO plugin. -->","_links":{"self":[{"href":"https:\/\/mejorandotusaluddiaadia.com\/pt\/wp-json\/wp\/v2\/pages\/149","targetHints":{"allow":["GET"]}}],"collection":[{"href":"https:\/\/mejorandotusaluddiaadia.com\/pt\/wp-json\/wp\/v2\/pages"}],"about":[{"href":"https:\/\/mejorandotusaluddiaadia.com\/pt\/wp-json\/wp\/v2\/types\/page"}],"author":[{"embeddable":true,"href":"https:\/\/mejorandotusaluddiaadia.com\/pt\/wp-json\/wp\/v2\/users\/1"}],"replies":[{"embeddable":true,"href":"https:\/\/mejorandotusaluddiaadia.com\/pt\/wp-json\/wp\/v2\/comments?post=149"}],"version-history":[{"count":12,"href":"https:\/\/mejorandotusaluddiaadia.com\/pt\/wp-json\/wp\/v2\/pages\/149\/revisions"}],"predecessor-version":[{"id":307,"href":"https:\/\/mejorandotusaluddiaadia.com\/pt\/wp-json\/wp\/v2\/pages\/149\/revisions\/307"}],"up":[{"embeddable":true,"href":"https:\/\/mejorandotusaluddiaadia.com\/pt\/wp-json\/wp\/v2\/pages\/12"}],"wp:featuredmedia":[{"embeddable":true,"href":"https:\/\/mejorandotusaluddiaadia.com\/pt\/wp-json\/wp\/v2\/media\/75"}],"wp:attachment":[{"href":"https:\/\/mejorandotusaluddiaadia.com\/pt\/wp-json\/wp\/v2\/media?parent=149"}],"curies":[{"name":"wp","href":"https:\/\/api.w.org\/{rel}","templated":true}]}}