{"id":155,"date":"2021-09-15T18:48:57","date_gmt":"2021-09-15T18:48:57","guid":{"rendered":"https:\/\/w2254.proweaver2.site\/?page_id=155"},"modified":"2021-12-01T08:58:20","modified_gmt":"2021-12-01T08:58:20","slug":"psicoterapia","status":"publish","type":"page","link":"https:\/\/mejorandotusaluddiaadia.com\/pt\/medico-clinica-servicios\/psicoterapia","title":{"rendered":"Psicoterapia"},"content":{"rendered":"<div class=\"intro_txt\">N\u00f3s cuidamos de sua sa\u00fade mental.<\/div>\n<p>A psicoterapia tem como objetivo promover a autoconsci\u00eancia. Temos especialistas m\u00e9dicos especializados em promo\u00e7\u00e3o da sa\u00fade mental. Pessoas que sentem que n\u00e3o t\u00eam controle sobre seu humor, pensamentos, comportamento e vida em geral podem se beneficiar de nossas terapias psicossociais. N\u00f3s o ajudamos a entender melhor sua condi\u00e7\u00e3o, resolver conflitos, lidar com sua condi\u00e7\u00e3o e grandes mudan\u00e7as de vida, e at\u00e9 mesmo dormir melhor. Nossos terapeutas s\u00e3o especialistas em descobrir a causa raiz de sua condi\u00e7\u00e3o e fornecer o tratamento certo para mitigar seu efeito.<\/p>\n<p>Problemas de sa\u00fade mental que podem se beneficiar de nossos servi\u00e7os de psicoterapia:<\/p>\n<ul class=\"bullet col2\">\n<li>Transtornos de ansiedade\n<li>Dist\u00farbios do sono\n<li>Esquizofrenia\n<li>Anorexia\n<li>V\u00edcio\n<li>Transtorno bipolar\n<li>Depress\u00e3o\n<li>E assim por diante\n<\/ul>\n","protected":false},"excerpt":{"rendered":"<p>N\u00f3s cuidamos de sua sa\u00fade mental. A psicoterapia tem como objetivo promover a autoconsci\u00eancia. Temos especialistas m\u00e9dicos especializados em promo\u00e7\u00e3o da sa\u00fade mental. Pessoas que sentem que n\u00e3o t\u00eam controle sobre seu humor, pensamentos, comportamento e vida em geral podem se beneficiar de nossas terapias psicossociais. N\u00f3s o ajudamos a entender melhor sua condi\u00e7\u00e3o, resolver [&hellip;]<\/p>\n","protected":false},"author":1,"featured_media":161,"parent":12,"menu_order":0,"comment_status":"closed","ping_status":"closed","template":"","meta":{"pgc_sgb_lightbox_settings":"","footnotes":""},"class_list":["post-155","page","type-page","status-publish","has-post-thumbnail","hentry"],"translation":{"provider":"WPGlobus","version":"2.8.8","language":"pt","enabled_languages":["es","ct","en","fr","de","it","pt"],"languages":{"es":{"title":true,"content":true,"excerpt":false},"ct":{"title":true,"content":true,"excerpt":false},"en":{"title":true,"content":true,"excerpt":false},"fr":{"title":true,"content":true,"excerpt":false},"de":{"title":true,"content":true,"excerpt":false},"it":{"title":true,"content":true,"excerpt":false},"pt":{"title":true,"content":true,"excerpt":false}}},"yoast_head":"<!-- This site is optimized with the Yoast SEO plugin v15.9 - https:\/\/yoast.com\/wordpress\/plugins\/seo\/ -->\n<title>Psicoterapia | Doctor\u2019s Clinic in BXL - Mejorando Tu Salud Dia A Dia<\/title>\n<meta name=\"robots\" content=\"index, follow, max-snippet:-1, max-image-preview:large, max-video-preview:-1\" \/>\n<link rel=\"canonical\" href=\"https:\/\/mejorandotusaluddiaadia.com\/medico-clinica-servicios\/psicoterapia\" \/>\n<meta property=\"og:locale\" content=\"pt_PT\" \/>\n<meta property=\"og:type\" content=\"article\" \/>\n<meta property=\"og:title\" content=\"Psicoterapia | Doctor\u2019s Clinic in BXL - Mejorando Tu Salud Dia A Dia\" \/>\n<meta property=\"og:url\" content=\"https:\/\/mejorandotusaluddiaadia.com\/medico-clinica-servicios\/psicoterapia\" \/>\n<meta property=\"og:site_name\" content=\"mejorandotusaluddialdia\" \/>\n<meta property=\"article:modified_time\" content=\"2021-12-01T08:58:20+00:00\" \/>\n<meta property=\"og:image\" content=\"https:\/\/mejorandotusaluddiaadia.com\/wp-content\/uploads\/2021\/09\/nonhome-178178567.jpg\" \/>\n\t<meta property=\"og:image:width\" content=\"1920\" \/>\n\t<meta property=\"og:image:height\" content=\"500\" \/>\n<meta name=\"twitter:card\" content=\"summary_large_image\" \/>\n<meta name=\"twitter:label1\" content=\"Est. reading time\">\n\t<meta name=\"twitter:data1\" content=\"1 minute\">\n<script type=\"application\/ld+json\" class=\"yoast-schema-graph\">{\"@context\":\"https:\/\/schema.org\",\"@graph\":[{\"@type\":\"WebSite\",\"@id\":\"https:\/\/mejorandotusaluddiaadia.com\/#website\",\"url\":\"https:\/\/mejorandotusaluddiaadia.com\/\",\"name\":\"mejorandotusaluddialdia\",\"description\":\"\",\"potentialAction\":[{\"@type\":\"SearchAction\",\"target\":\"https:\/\/mejorandotusaluddiaadia.com\/?s={search_term_string}\",\"query-input\":\"required name=search_term_string\"}],\"inLanguage\":\"pt-PT\"},{\"@type\":\"ImageObject\",\"@id\":\"https:\/\/mejorandotusaluddiaadia.com\/medico-clinica-servicios\/psicoterapia#primaryimage\",\"inLanguage\":\"pt-PT\",\"url\":\"https:\/\/mejorandotusaluddiaadia.com\/wp-content\/uploads\/2021\/09\/nonhome-178178567.jpg\",\"width\":1920,\"height\":500,\"caption\":\"Psychotherapist and patient in office.\"},{\"@type\":\"WebPage\",\"@id\":\"https:\/\/mejorandotusaluddiaadia.com\/medico-clinica-servicios\/psicoterapia#webpage\",\"url\":\"https:\/\/mejorandotusaluddiaadia.com\/medico-clinica-servicios\/psicoterapia\",\"name\":\"Psicoterapia | Doctor\\u2019s Clinic in BXL - Mejorando Tu Salud Dia A Dia\",\"isPartOf\":{\"@id\":\"https:\/\/mejorandotusaluddiaadia.com\/#website\"},\"primaryImageOfPage\":{\"@id\":\"https:\/\/mejorandotusaluddiaadia.com\/medico-clinica-servicios\/psicoterapia#primaryimage\"},\"datePublished\":\"2021-09-15T18:48:57+00:00\",\"dateModified\":\"2021-12-01T08:58:20+00:00\",\"description\":\"Mejorando Tu Salud Dia A Dia is a trustworthy doctor\\u2019s clinic in Brussels. Learn more from our website.\",\"breadcrumb\":{\"@id\":\"https:\/\/mejorandotusaluddiaadia.com\/medico-clinica-servicios\/psicoterapia#breadcrumb\"},\"inLanguage\":\"pt-PT\",\"potentialAction\":[{\"@type\":\"ReadAction\",\"target\":[\"https:\/\/mejorandotusaluddiaadia.com\/medico-clinica-servicios\/psicoterapia\"]}]},{\"@type\":\"BreadcrumbList\",\"@id\":\"https:\/\/mejorandotusaluddiaadia.com\/medico-clinica-servicios\/psicoterapia#breadcrumb\",\"itemListElement\":[{\"@type\":\"ListItem\",\"position\":1,\"item\":{\"@type\":\"WebPage\",\"@id\":\"https:\/\/mejorandotusaluddiaadia.com\/\",\"url\":\"https:\/\/mejorandotusaluddiaadia.com\/\",\"name\":\"Home\"}},{\"@type\":\"ListItem\",\"position\":2,\"item\":{\"@type\":\"WebPage\",\"@id\":\"https:\/\/mejorandotusaluddiaadia.com\/medico-clinica-servicios\",\"url\":\"https:\/\/mejorandotusaluddiaadia.com\/medico-clinica-servicios\",\"name\":\"Servicios\"}},{\"@type\":\"ListItem\",\"position\":3,\"item\":{\"@type\":\"WebPage\",\"@id\":\"https:\/\/mejorandotusaluddiaadia.com\/medico-clinica-servicios\/psicoterapia\",\"url\":\"https:\/\/mejorandotusaluddiaadia.com\/medico-clinica-servicios\/psicoterapia\",\"name\":\"Psychotherapy\"}}]}]}<\/script>\n<!-- \/ Yoast SEO plugin. -->","_links":{"self":[{"href":"https:\/\/mejorandotusaluddiaadia.com\/pt\/wp-json\/wp\/v2\/pages\/155","targetHints":{"allow":["GET"]}}],"collection":[{"href":"https:\/\/mejorandotusaluddiaadia.com\/pt\/wp-json\/wp\/v2\/pages"}],"about":[{"href":"https:\/\/mejorandotusaluddiaadia.com\/pt\/wp-json\/wp\/v2\/types\/page"}],"author":[{"embeddable":true,"href":"https:\/\/mejorandotusaluddiaadia.com\/pt\/wp-json\/wp\/v2\/users\/1"}],"replies":[{"embeddable":true,"href":"https:\/\/mejorandotusaluddiaadia.com\/pt\/wp-json\/wp\/v2\/comments?post=155"}],"version-history":[{"count":11,"href":"https:\/\/mejorandotusaluddiaadia.com\/pt\/wp-json\/wp\/v2\/pages\/155\/revisions"}],"predecessor-version":[{"id":327,"href":"https:\/\/mejorandotusaluddiaadia.com\/pt\/wp-json\/wp\/v2\/pages\/155\/revisions\/327"}],"up":[{"embeddable":true,"href":"https:\/\/mejorandotusaluddiaadia.com\/pt\/wp-json\/wp\/v2\/pages\/12"}],"wp:featuredmedia":[{"embeddable":true,"href":"https:\/\/mejorandotusaluddiaadia.com\/pt\/wp-json\/wp\/v2\/media\/161"}],"wp:attachment":[{"href":"https:\/\/mejorandotusaluddiaadia.com\/pt\/wp-json\/wp\/v2\/media?parent=155"}],"curies":[{"name":"wp","href":"https:\/\/api.w.org\/{rel}","templated":true}]}}