{"id":59,"date":"2021-09-14T05:36:14","date_gmt":"2021-09-14T05:36:14","guid":{"rendered":"https:\/\/w2254.proweaver2.site\/?page_id=59"},"modified":"2021-12-01T08:31:31","modified_gmt":"2021-12-01T08:31:31","slug":"naturopatia","status":"publish","type":"page","link":"https:\/\/mejorandotusaluddiaadia.com\/pt\/medico-clinica-servicios\/naturopatia","title":{"rendered":"Naturopatia"},"content":{"rendered":"<div class=\"intro_txt\">Alcan\u00e7ar o bem-estar ideal atrav\u00e9s da medicina n\u00e3o invasiva<\/div>\n<div class=\"wrapper\">\n<div class=\"serv_in\">\n<p>A naturopatia abrange uma grande variedade de t\u00e9cnicas de medicina alternativa. O objetivo da terapia \u00e9 estimular a capacidade de cicatriza\u00e7\u00e3o inata do corpo e facilitar seus mecanismos de equil\u00edbrio para chegar a um bom estado de sa\u00fade.<\/p>\n<h2>Alguns dos tipos de doen\u00e7as de atordoamento s\u00e3o<\/h2>\n<ul class=\"bullet col2\">\n<li>Homeopatia, homotoxicologia e isoterapia\n<li>Medicina naturop\u00e1tica, biol\u00f3gica e integrativa\n<li>Medicina Tradicional Chinesa e Acupuntura\n<li>Medicina Ayurv\u00e9dica (Medicina Tradicional da \u00cdndia)\n<li>Fitoterapia\n<li>Quiromassagem, osteopatia e quiropraxia\n<li>Oligoelementos\n<li>Flores de Bach\n<li>Aromaterapia\n<li>Reflexologia do p\u00e9\n<li>Iridologia\n<\/ul>\n<p>Envolve o diagn\u00f3stico, tratamento e preven\u00e7\u00e3o de transtornos de sa\u00fade atrav\u00e9s do uso de terapias naturais, m\u00e9todos e materiais, que podem ser: nutri\u00e7\u00e3o cl\u00ednica, fitoter\u00e1pico, acupuntura, homeopatia ou sistemas m\u00e9dicos antigos, como os utilizados na China ou na \u00cdndia.<\/p>\n<h2>O que pode ser tratado com naturopatia ou medicina biol\u00f3gica?<\/h2>\n<p>Contra qualquer altera\u00e7\u00e3o de sa\u00fade que afete o funcionamento normal do corpo, atua com base na potencializa\u00e7\u00e3o do sistema imunol\u00f3gico, fortalecendo o corpo e preparando-o para sua recupera\u00e7\u00e3o levando em conta a rela\u00e7\u00e3o entre os diferentes \u00f3rg\u00e3os e partes do corpo.<\/p>\n<p>Ao englobar diferentes t\u00e9cnicas que &#8211; a partir de uma vis\u00e3o totalmente hol\u00edstica &#8211; tratam o corpo humano de forma integral &#8211; e n\u00e3o isoladamente um efeito de recupera\u00e7\u00e3o mais amplo \u00e9 alcan\u00e7ado, em sua totalidade m\u00e1xima.<\/p>\n<p>Quanto ao tipo de patologias a que se aplicam, existem aquelas de todas as \u00e1reas da sa\u00fade, por exemplo:<\/p>\n<ul class=\"bullet col2\">\n<li>Osso e articula\u00e7\u00e3o: osteoartrite, artrite, osteoporose, h\u00e9rnia de disco, doen\u00e7as degenerativas do osso e cartilagem\n<li>Doen\u00e7as de pele: psor\u00edase, dermatite, eczema, pele at\u00f3pica, acne, queda de cabelo\n<li>Patologias esportivas: tendinite, les\u00f5es musculares, ombro doloroso\n<li>Fibromialgia e Fadiga Cr\u00f4nica\n<li>Enxaqueca\n<li>Alergias\n<li>Problemas do sistema digestivo: intoler\u00e2ncias, candid\u00edase, \u00falceras, h\u00e9rnias, dispepsias, pris\u00e3o de ventre, flatul\u00eancia, etc.\n<li>Stress\n<li>Doen\u00e7as do sistema nervoso: ansiedade, depress\u00e3o, ang\u00fastia, fobias, v\u00edcios (tabaco e outros), ins\u00f4nia, s\u00edndrome das pernas inquietas\n<li>Dist\u00farbios hormonais das mulheres: menopausa, menstrua\u00e7\u00e3o irregular, per\u00edodos dolorosos\n<\/ul>\n<h2>Especialista em nutri\u00e7\u00e3o celular ativa<\/h2>\n<p>Praticamos com suplementos nutricionais e de elementos de rastreamento\n<\/p><\/div>\n<\/div>\n","protected":false},"excerpt":{"rendered":"<p>Alcan\u00e7ar o bem-estar ideal atrav\u00e9s da medicina n\u00e3o invasiva A naturopatia abrange uma grande variedade de t\u00e9cnicas de medicina alternativa. O objetivo da terapia \u00e9 estimular a capacidade de cicatriza\u00e7\u00e3o inata do corpo e facilitar seus mecanismos de equil\u00edbrio para chegar a um bom estado de sa\u00fade. Alguns dos tipos de doen\u00e7as de atordoamento s\u00e3o [&hellip;]<\/p>\n","protected":false},"author":1,"featured_media":78,"parent":12,"menu_order":0,"comment_status":"closed","ping_status":"closed","template":"","meta":{"pgc_sgb_lightbox_settings":"","footnotes":""},"class_list":["post-59","page","type-page","status-publish","has-post-thumbnail","hentry"],"translation":{"provider":"WPGlobus","version":"2.8.8","language":"pt","enabled_languages":["es","ct","en","fr","de","it","pt"],"languages":{"es":{"title":true,"content":true,"excerpt":false},"ct":{"title":true,"content":true,"excerpt":false},"en":{"title":true,"content":true,"excerpt":false},"fr":{"title":true,"content":true,"excerpt":false},"de":{"title":true,"content":true,"excerpt":false},"it":{"title":true,"content":true,"excerpt":false},"pt":{"title":true,"content":true,"excerpt":false}}},"yoast_head":"<!-- This site is optimized with the Yoast SEO plugin v15.9 - https:\/\/yoast.com\/wordpress\/plugins\/seo\/ -->\n<title>Naturopatia | Doctor\u2019s Clinic in BXL - Mejorando Tu Salud Dia A Dia<\/title>\n<meta name=\"robots\" content=\"index, follow, max-snippet:-1, max-image-preview:large, max-video-preview:-1\" \/>\n<link rel=\"canonical\" href=\"https:\/\/mejorandotusaluddiaadia.com\/medico-clinica-servicios\/naturopatia\" \/>\n<meta property=\"og:locale\" content=\"pt_PT\" \/>\n<meta property=\"og:type\" content=\"article\" \/>\n<meta property=\"og:title\" content=\"Naturopatia | Doctor\u2019s Clinic in BXL - Mejorando Tu Salud Dia A Dia\" \/>\n<meta property=\"og:url\" content=\"https:\/\/mejorandotusaluddiaadia.com\/medico-clinica-servicios\/naturopatia\" \/>\n<meta property=\"og:site_name\" content=\"mejorandotusaluddialdia\" \/>\n<meta property=\"article:modified_time\" content=\"2021-12-01T08:31:31+00:00\" \/>\n<meta property=\"og:image\" content=\"https:\/\/mejorandotusaluddiaadia.com\/wp-content\/uploads\/2021\/09\/nonhome-4.jpg\" \/>\n\t<meta property=\"og:image:width\" content=\"1920\" \/>\n\t<meta property=\"og:image:height\" content=\"500\" \/>\n<meta name=\"twitter:card\" content=\"summary_large_image\" \/>\n<meta name=\"twitter:label1\" content=\"Est. reading time\">\n\t<meta name=\"twitter:data1\" content=\"2 minutes\">\n<script type=\"application\/ld+json\" class=\"yoast-schema-graph\">{\"@context\":\"https:\/\/schema.org\",\"@graph\":[{\"@type\":\"WebSite\",\"@id\":\"https:\/\/mejorandotusaluddiaadia.com\/#website\",\"url\":\"https:\/\/mejorandotusaluddiaadia.com\/\",\"name\":\"mejorandotusaluddialdia\",\"description\":\"\",\"potentialAction\":[{\"@type\":\"SearchAction\",\"target\":\"https:\/\/mejorandotusaluddiaadia.com\/?s={search_term_string}\",\"query-input\":\"required name=search_term_string\"}],\"inLanguage\":\"pt-PT\"},{\"@type\":\"ImageObject\",\"@id\":\"https:\/\/mejorandotusaluddiaadia.com\/medico-clinica-servicios\/naturopatia#primaryimage\",\"inLanguage\":\"pt-PT\",\"url\":\"https:\/\/mejorandotusaluddiaadia.com\/wp-content\/uploads\/2021\/09\/nonhome-4.jpg\",\"width\":1920,\"height\":500,\"caption\":\"nurse check the patient health\"},{\"@type\":\"WebPage\",\"@id\":\"https:\/\/mejorandotusaluddiaadia.com\/medico-clinica-servicios\/naturopatia#webpage\",\"url\":\"https:\/\/mejorandotusaluddiaadia.com\/medico-clinica-servicios\/naturopatia\",\"name\":\"Naturopatia | Doctor\\u2019s Clinic in BXL - Mejorando Tu Salud Dia A Dia\",\"isPartOf\":{\"@id\":\"https:\/\/mejorandotusaluddiaadia.com\/#website\"},\"primaryImageOfPage\":{\"@id\":\"https:\/\/mejorandotusaluddiaadia.com\/medico-clinica-servicios\/naturopatia#primaryimage\"},\"datePublished\":\"2021-09-14T05:36:14+00:00\",\"dateModified\":\"2021-12-01T08:31:31+00:00\",\"description\":\"Mejorando Tu Salud Dia A Dia is a trustworthy doctor\\u2019s clinic in Brussels. Learn more from our website.\",\"breadcrumb\":{\"@id\":\"https:\/\/mejorandotusaluddiaadia.com\/medico-clinica-servicios\/naturopatia#breadcrumb\"},\"inLanguage\":\"pt-PT\",\"potentialAction\":[{\"@type\":\"ReadAction\",\"target\":[\"https:\/\/mejorandotusaluddiaadia.com\/medico-clinica-servicios\/naturopatia\"]}]},{\"@type\":\"BreadcrumbList\",\"@id\":\"https:\/\/mejorandotusaluddiaadia.com\/medico-clinica-servicios\/naturopatia#breadcrumb\",\"itemListElement\":[{\"@type\":\"ListItem\",\"position\":1,\"item\":{\"@type\":\"WebPage\",\"@id\":\"https:\/\/mejorandotusaluddiaadia.com\/\",\"url\":\"https:\/\/mejorandotusaluddiaadia.com\/\",\"name\":\"Home\"}},{\"@type\":\"ListItem\",\"position\":2,\"item\":{\"@type\":\"WebPage\",\"@id\":\"https:\/\/mejorandotusaluddiaadia.com\/medico-clinica-servicios\",\"url\":\"https:\/\/mejorandotusaluddiaadia.com\/medico-clinica-servicios\",\"name\":\"Servicios\"}},{\"@type\":\"ListItem\",\"position\":3,\"item\":{\"@type\":\"WebPage\",\"@id\":\"https:\/\/mejorandotusaluddiaadia.com\/medico-clinica-servicios\/naturopatia\",\"url\":\"https:\/\/mejorandotusaluddiaadia.com\/medico-clinica-servicios\/naturopatia\",\"name\":\"Naturopathy\"}}]}]}<\/script>\n<!-- \/ Yoast SEO plugin. -->","_links":{"self":[{"href":"https:\/\/mejorandotusaluddiaadia.com\/pt\/wp-json\/wp\/v2\/pages\/59","targetHints":{"allow":["GET"]}}],"collection":[{"href":"https:\/\/mejorandotusaluddiaadia.com\/pt\/wp-json\/wp\/v2\/pages"}],"about":[{"href":"https:\/\/mejorandotusaluddiaadia.com\/pt\/wp-json\/wp\/v2\/types\/page"}],"author":[{"embeddable":true,"href":"https:\/\/mejorandotusaluddiaadia.com\/pt\/wp-json\/wp\/v2\/users\/1"}],"replies":[{"embeddable":true,"href":"https:\/\/mejorandotusaluddiaadia.com\/pt\/wp-json\/wp\/v2\/comments?post=59"}],"version-history":[{"count":11,"href":"https:\/\/mejorandotusaluddiaadia.com\/pt\/wp-json\/wp\/v2\/pages\/59\/revisions"}],"predecessor-version":[{"id":300,"href":"https:\/\/mejorandotusaluddiaadia.com\/pt\/wp-json\/wp\/v2\/pages\/59\/revisions\/300"}],"up":[{"embeddable":true,"href":"https:\/\/mejorandotusaluddiaadia.com\/pt\/wp-json\/wp\/v2\/pages\/12"}],"wp:featuredmedia":[{"embeddable":true,"href":"https:\/\/mejorandotusaluddiaadia.com\/pt\/wp-json\/wp\/v2\/media\/78"}],"wp:attachment":[{"href":"https:\/\/mejorandotusaluddiaadia.com\/pt\/wp-json\/wp\/v2\/media?parent=59"}],"curies":[{"name":"wp","href":"https:\/\/api.w.org\/{rel}","templated":true}]}}